{"id":775,"date":"2025-05-12T13:35:18","date_gmt":"2025-05-12T11:35:18","guid":{"rendered":"https:\/\/universdulit.fr\/?post_type=product&#038;p=775"},"modified":"2025-05-12T13:35:18","modified_gmt":"2025-05-12T11:35:18","slug":"perl-lit-coffre-simili-cuir","status":"publish","type":"product","link":"https:\/\/universdulit.fr\/index.php\/produit\/perl-lit-coffre-simili-cuir\/","title":{"rendered":"PERL &#8211; Lit coffre simili cuir"},"content":{"rendered":"<p>LIT COFFRE noir ou blanc SOMMIER INCLUS + T\u00caTE DE LIT . Lit structure m\u00e9tallique soud\u00e9 extra r\u00e9sistante habill\u00e9 de simili-cuir avec sommier relevable sur v\u00e9rins &#8211; Pr\u00e9-mont\u00e9 ne n\u00e9cessitant aucun montage (sauf pieds et t\u00eate de lit \u00e0 visser). Ce lit coffre tr\u00e8s design en simili cuir est livr\u00e9 avec sa t\u00eate de lit capitonn\u00e9e et son sommier relevable pour un gain de place et rangement optimal.<\/p>\n","protected":false},"excerpt":{"rendered":"<p>LIT COFFRE noir ou blanc SOMMIER INCLUS + T\u00caTE DE LIT . Lit structure m\u00e9tallique soud\u00e9 extra r\u00e9sistante habill\u00e9 de simili-cuir avec sommier relevable sur v\u00e9rins &#8211; Pr\u00e9-mont\u00e9 ne n\u00e9cessitant aucun montage (sauf pieds et t\u00eate de lit \u00e0 visser). Ce lit coffre tr\u00e8s design en simili cuir est livr\u00e9 avec sa t\u00eate de lit capitonn\u00e9e et son sommier relevable pour un gain de place et rangement optimal.<\/p>\n","protected":false},"featured_media":776,"template":"","meta":{"site-sidebar-layout":"default","site-content-layout":"","ast-site-content-layout":"default","site-content-style":"default","site-sidebar-style":"default","ast-global-header-display":"","ast-banner-title-visibility":"","ast-main-header-display":"","ast-hfb-above-header-display":"","ast-hfb-below-header-display":"","ast-hfb-mobile-header-display":"","site-post-title":"","ast-breadcrumbs-content":"","ast-featured-img":"","footer-sml-layout":"","theme-transparent-header-meta":"default","adv-header-id-meta":"","stick-header-meta":"","header-above-stick-meta":"","header-main-stick-meta":"","header-below-stick-meta":"","astra-migrate-meta-layouts":"set","ast-page-background-enabled":"default","ast-page-background-meta":{"desktop":{"background-color":"var(--ast-global-color-5)","background-image":"","background-repeat":"repeat","background-position":"center center","background-size":"auto","background-attachment":"scroll","background-type":"","background-media":"","overlay-type":"","overlay-color":"","overlay-opacity":"","overlay-gradient":""},"tablet":{"background-color":"","background-image":"","background-repeat":"repeat","background-position":"center center","background-size":"auto","background-attachment":"scroll","background-type":"","background-media":"","overlay-type":"","overlay-color":"","overlay-opacity":"","overlay-gradient":""},"mobile":{"background-color":"","background-image":"","background-repeat":"repeat","background-position":"center center","background-size":"auto","background-attachment":"scroll","background-type":"","background-media":"","overlay-type":"","overlay-color":"","overlay-opacity":"","overlay-gradient":""}},"ast-content-background-meta":{"desktop":{"background-color":"var(--ast-global-color-4)","background-image":"","background-repeat":"repeat","background-position":"center center","background-size":"auto","background-attachment":"scroll","background-type":"","background-media":"","overlay-type":"","overlay-color":"","overlay-opacity":"","overlay-gradient":""},"tablet":{"background-color":"var(--ast-global-color-4)","background-image":"","background-repeat":"repeat","background-position":"center center","background-size":"auto","background-attachment":"scroll","background-type":"","background-media":"","overlay-type":"","overlay-color":"","overlay-opacity":"","overlay-gradient":""},"mobile":{"background-color":"var(--ast-global-color-4)","background-image":"","background-repeat":"repeat","background-position":"center center","background-size":"auto","background-attachment":"scroll","background-type":"","background-media":"","overlay-type":"","overlay-color":"","overlay-opacity":"","overlay-gradient":""}}},"product_brand":[],"product_cat":[19],"product_tag":[],"class_list":{"0":"post-775","1":"product","2":"type-product","3":"status-publish","4":"has-post-thumbnail","6":"product_cat-lit-coffre","7":"desktop-align-left","8":"tablet-align-left","9":"mobile-align-left","11":"first","12":"instock","13":"shipping-taxable","14":"purchasable","15":"product-type-variable"},"yoast_head":"<!-- This site is optimized with the Yoast SEO plugin v25.9 - https:\/\/yoast.com\/wordpress\/plugins\/seo\/ -->\n<title>PERL - Lit coffre simili cuir - L&#039;UNIVERS DU LIT<\/title>\n<meta name=\"robots\" content=\"index, follow, max-snippet:-1, max-image-preview:large, max-video-preview:-1\" \/>\n<link rel=\"canonical\" href=\"https:\/\/universdulit.fr\/index.php\/produit\/perl-lit-coffre-simili-cuir\/\" \/>\n<meta property=\"og:locale\" content=\"en_US\" \/>\n<meta property=\"og:type\" content=\"article\" \/>\n<meta property=\"og:title\" content=\"PERL - Lit coffre simili cuir - L&#039;UNIVERS DU LIT\" \/>\n<meta property=\"og:description\" content=\"LIT COFFRE noir ou blanc SOMMIER INCLUS + T\u00caTE DE LIT . Lit structure m\u00e9tallique soud\u00e9 extra r\u00e9sistante habill\u00e9 de simili-cuir avec sommier relevable sur v\u00e9rins &#8211; Pr\u00e9-mont\u00e9 ne n\u00e9cessitant aucun montage (sauf pieds et t\u00eate de lit \u00e0 visser). Ce lit coffre tr\u00e8s design en simili cuir est livr\u00e9 avec sa t\u00eate de lit capitonn\u00e9e et son sommier relevable pour un gain de place et rangement optimal.\" \/>\n<meta property=\"og:url\" content=\"https:\/\/universdulit.fr\/index.php\/produit\/perl-lit-coffre-simili-cuir\/\" \/>\n<meta property=\"og:site_name\" content=\"L&#039;UNIVERS DU LIT\" \/>\n<meta property=\"og:image\" content=\"https:\/\/universdulit.fr\/wp-content\/uploads\/2025\/05\/Capture-decran-2025-05-12-a-13.29.40-scaled.png\" \/>\n\t<meta property=\"og:image:width\" content=\"2560\" \/>\n\t<meta property=\"og:image:height\" content=\"1794\" \/>\n\t<meta property=\"og:image:type\" content=\"image\/png\" \/>\n<meta name=\"twitter:card\" content=\"summary_large_image\" \/>\n<script type=\"application\/ld+json\" class=\"yoast-schema-graph\">{\"@context\":\"https:\/\/schema.org\",\"@graph\":[{\"@type\":\"WebPage\",\"@id\":\"https:\/\/universdulit.fr\/index.php\/produit\/perl-lit-coffre-simili-cuir\/\",\"url\":\"https:\/\/universdulit.fr\/index.php\/produit\/perl-lit-coffre-simili-cuir\/\",\"name\":\"PERL - Lit coffre simili cuir - L&#039;UNIVERS DU LIT\",\"isPartOf\":{\"@id\":\"https:\/\/universdulit.fr\/#website\"},\"primaryImageOfPage\":{\"@id\":\"https:\/\/universdulit.fr\/index.php\/produit\/perl-lit-coffre-simili-cuir\/#primaryimage\"},\"image\":{\"@id\":\"https:\/\/universdulit.fr\/index.php\/produit\/perl-lit-coffre-simili-cuir\/#primaryimage\"},\"thumbnailUrl\":\"https:\/\/universdulit.fr\/wp-content\/uploads\/2025\/05\/Capture-decran-2025-05-12-a-13.29.40-scaled.png\",\"datePublished\":\"2025-05-12T11:35:18+00:00\",\"breadcrumb\":{\"@id\":\"https:\/\/universdulit.fr\/index.php\/produit\/perl-lit-coffre-simili-cuir\/#breadcrumb\"},\"inLanguage\":\"en-US\",\"potentialAction\":[{\"@type\":\"ReadAction\",\"target\":[\"https:\/\/universdulit.fr\/index.php\/produit\/perl-lit-coffre-simili-cuir\/\"]}]},{\"@type\":\"ImageObject\",\"inLanguage\":\"en-US\",\"@id\":\"https:\/\/universdulit.fr\/index.php\/produit\/perl-lit-coffre-simili-cuir\/#primaryimage\",\"url\":\"https:\/\/universdulit.fr\/wp-content\/uploads\/2025\/05\/Capture-decran-2025-05-12-a-13.29.40-scaled.png\",\"contentUrl\":\"https:\/\/universdulit.fr\/wp-content\/uploads\/2025\/05\/Capture-decran-2025-05-12-a-13.29.40-scaled.png\",\"width\":2560,\"height\":1794},{\"@type\":\"BreadcrumbList\",\"@id\":\"https:\/\/universdulit.fr\/index.php\/produit\/perl-lit-coffre-simili-cuir\/#breadcrumb\",\"itemListElement\":[{\"@type\":\"ListItem\",\"position\":1,\"name\":\"Accueil\",\"item\":\"https:\/\/universdulit.fr\/\"},{\"@type\":\"ListItem\",\"position\":2,\"name\":\"Produits\",\"item\":\"https:\/\/universdulit.fr\/index.php\/shop\/\"},{\"@type\":\"ListItem\",\"position\":3,\"name\":\"PERL &#8211; Lit coffre simili cuir\"}]},{\"@type\":\"WebSite\",\"@id\":\"https:\/\/universdulit.fr\/#website\",\"url\":\"https:\/\/universdulit.fr\/\",\"name\":\"L'UNIVERS DU LIT\",\"description\":\"Le meilleur de la literie\",\"publisher\":{\"@id\":\"https:\/\/universdulit.fr\/#organization\"},\"potentialAction\":[{\"@type\":\"SearchAction\",\"target\":{\"@type\":\"EntryPoint\",\"urlTemplate\":\"https:\/\/universdulit.fr\/?s={search_term_string}\"},\"query-input\":{\"@type\":\"PropertyValueSpecification\",\"valueRequired\":true,\"valueName\":\"search_term_string\"}}],\"inLanguage\":\"en-US\"},{\"@type\":\"Organization\",\"@id\":\"https:\/\/universdulit.fr\/#organization\",\"name\":\"L'UNIVERS DU LIT\",\"url\":\"https:\/\/universdulit.fr\/\",\"logo\":{\"@type\":\"ImageObject\",\"inLanguage\":\"en-US\",\"@id\":\"https:\/\/universdulit.fr\/#\/schema\/logo\/image\/\",\"url\":\"https:\/\/universdulit.fr\/wp-content\/uploads\/2025\/05\/cropped-cropped-Capture-decran-2025-05-09-a-18.46.35.png\",\"contentUrl\":\"https:\/\/universdulit.fr\/wp-content\/uploads\/2025\/05\/cropped-cropped-Capture-decran-2025-05-09-a-18.46.35.png\",\"width\":1298,\"height\":419,\"caption\":\"L'UNIVERS DU LIT\"},\"image\":{\"@id\":\"https:\/\/universdulit.fr\/#\/schema\/logo\/image\/\"}}]}<\/script>\n<!-- \/ Yoast SEO plugin. -->","yoast_head_json":{"title":"PERL - Lit coffre simili cuir - L&#039;UNIVERS DU LIT","robots":{"index":"index","follow":"follow","max-snippet":"max-snippet:-1","max-image-preview":"max-image-preview:large","max-video-preview":"max-video-preview:-1"},"canonical":"https:\/\/universdulit.fr\/index.php\/produit\/perl-lit-coffre-simili-cuir\/","og_locale":"en_US","og_type":"article","og_title":"PERL - Lit coffre simili cuir - L&#039;UNIVERS DU LIT","og_description":"LIT COFFRE noir ou blanc SOMMIER INCLUS + T\u00caTE DE LIT . Lit structure m\u00e9tallique soud\u00e9 extra r\u00e9sistante habill\u00e9 de simili-cuir avec sommier relevable sur v\u00e9rins &#8211; Pr\u00e9-mont\u00e9 ne n\u00e9cessitant aucun montage (sauf pieds et t\u00eate de lit \u00e0 visser). Ce lit coffre tr\u00e8s design en simili cuir est livr\u00e9 avec sa t\u00eate de lit capitonn\u00e9e et son sommier relevable pour un gain de place et rangement optimal.","og_url":"https:\/\/universdulit.fr\/index.php\/produit\/perl-lit-coffre-simili-cuir\/","og_site_name":"L&#039;UNIVERS DU LIT","og_image":[{"width":2560,"height":1794,"url":"https:\/\/universdulit.fr\/wp-content\/uploads\/2025\/05\/Capture-decran-2025-05-12-a-13.29.40-scaled.png","type":"image\/png"}],"twitter_card":"summary_large_image","schema":{"@context":"https:\/\/schema.org","@graph":[{"@type":"WebPage","@id":"https:\/\/universdulit.fr\/index.php\/produit\/perl-lit-coffre-simili-cuir\/","url":"https:\/\/universdulit.fr\/index.php\/produit\/perl-lit-coffre-simili-cuir\/","name":"PERL - Lit coffre simili cuir - L&#039;UNIVERS DU LIT","isPartOf":{"@id":"https:\/\/universdulit.fr\/#website"},"primaryImageOfPage":{"@id":"https:\/\/universdulit.fr\/index.php\/produit\/perl-lit-coffre-simili-cuir\/#primaryimage"},"image":{"@id":"https:\/\/universdulit.fr\/index.php\/produit\/perl-lit-coffre-simili-cuir\/#primaryimage"},"thumbnailUrl":"https:\/\/universdulit.fr\/wp-content\/uploads\/2025\/05\/Capture-decran-2025-05-12-a-13.29.40-scaled.png","datePublished":"2025-05-12T11:35:18+00:00","breadcrumb":{"@id":"https:\/\/universdulit.fr\/index.php\/produit\/perl-lit-coffre-simili-cuir\/#breadcrumb"},"inLanguage":"en-US","potentialAction":[{"@type":"ReadAction","target":["https:\/\/universdulit.fr\/index.php\/produit\/perl-lit-coffre-simili-cuir\/"]}]},{"@type":"ImageObject","inLanguage":"en-US","@id":"https:\/\/universdulit.fr\/index.php\/produit\/perl-lit-coffre-simili-cuir\/#primaryimage","url":"https:\/\/universdulit.fr\/wp-content\/uploads\/2025\/05\/Capture-decran-2025-05-12-a-13.29.40-scaled.png","contentUrl":"https:\/\/universdulit.fr\/wp-content\/uploads\/2025\/05\/Capture-decran-2025-05-12-a-13.29.40-scaled.png","width":2560,"height":1794},{"@type":"BreadcrumbList","@id":"https:\/\/universdulit.fr\/index.php\/produit\/perl-lit-coffre-simili-cuir\/#breadcrumb","itemListElement":[{"@type":"ListItem","position":1,"name":"Accueil","item":"https:\/\/universdulit.fr\/"},{"@type":"ListItem","position":2,"name":"Produits","item":"https:\/\/universdulit.fr\/index.php\/shop\/"},{"@type":"ListItem","position":3,"name":"PERL &#8211; Lit coffre simili cuir"}]},{"@type":"WebSite","@id":"https:\/\/universdulit.fr\/#website","url":"https:\/\/universdulit.fr\/","name":"L'UNIVERS DU LIT","description":"Le meilleur de la literie","publisher":{"@id":"https:\/\/universdulit.fr\/#organization"},"potentialAction":[{"@type":"SearchAction","target":{"@type":"EntryPoint","urlTemplate":"https:\/\/universdulit.fr\/?s={search_term_string}"},"query-input":{"@type":"PropertyValueSpecification","valueRequired":true,"valueName":"search_term_string"}}],"inLanguage":"en-US"},{"@type":"Organization","@id":"https:\/\/universdulit.fr\/#organization","name":"L'UNIVERS DU LIT","url":"https:\/\/universdulit.fr\/","logo":{"@type":"ImageObject","inLanguage":"en-US","@id":"https:\/\/universdulit.fr\/#\/schema\/logo\/image\/","url":"https:\/\/universdulit.fr\/wp-content\/uploads\/2025\/05\/cropped-cropped-Capture-decran-2025-05-09-a-18.46.35.png","contentUrl":"https:\/\/universdulit.fr\/wp-content\/uploads\/2025\/05\/cropped-cropped-Capture-decran-2025-05-09-a-18.46.35.png","width":1298,"height":419,"caption":"L'UNIVERS DU LIT"},"image":{"@id":"https:\/\/universdulit.fr\/#\/schema\/logo\/image\/"}}]}},"_links":{"self":[{"href":"https:\/\/universdulit.fr\/index.php\/wp-json\/wp\/v2\/product\/775","targetHints":{"allow":["GET"]}}],"collection":[{"href":"https:\/\/universdulit.fr\/index.php\/wp-json\/wp\/v2\/product"}],"about":[{"href":"https:\/\/universdulit.fr\/index.php\/wp-json\/wp\/v2\/types\/product"}],"wp:featuredmedia":[{"embeddable":true,"href":"https:\/\/universdulit.fr\/index.php\/wp-json\/wp\/v2\/media\/776"}],"wp:attachment":[{"href":"https:\/\/universdulit.fr\/index.php\/wp-json\/wp\/v2\/media?parent=775"}],"wp:term":[{"taxonomy":"product_brand","embeddable":true,"href":"https:\/\/universdulit.fr\/index.php\/wp-json\/wp\/v2\/product_brand?post=775"},{"taxonomy":"product_cat","embeddable":true,"href":"https:\/\/universdulit.fr\/index.php\/wp-json\/wp\/v2\/product_cat?post=775"},{"taxonomy":"product_tag","embeddable":true,"href":"https:\/\/universdulit.fr\/index.php\/wp-json\/wp\/v2\/product_tag?post=775"}],"curies":[{"name":"wp","href":"https:\/\/api.w.org\/{rel}","templated":true}]}}