{"id":773,"date":"2025-05-12T13:27:48","date_gmt":"2025-05-12T11:27:48","guid":{"rendered":"https:\/\/universdulit.fr\/?post_type=product&#038;p=773"},"modified":"2025-05-15T21:54:39","modified_gmt":"2025-05-15T19:54:39","slug":"ikon-lit-coffre-velours","status":"publish","type":"product","link":"https:\/\/universdulit.fr\/index.php\/produit\/ikon-lit-coffre-velours\/","title":{"rendered":"IKON &#8211; Lit Coffre Velours"},"content":{"rendered":"<div id=\"bgLayers_comp-lb4yozk1\" class=\"MW5IWV\" data-hook=\"bgLayers\" data-motion-part=\"BG_LAYER comp-lb4yozk1\">\n<div id=\"bgMedia_comp-lb4yozk1\" class=\"VgO9Yg\" data-motion-part=\"BG_MEDIA comp-lb4yozk1\"><span style=\"font-size: 16px;\">Lit Coffre rev\u00eatement Velours NOIR<\/span><\/div>\n<\/div>\n<div class=\"\" data-mesh-id=\"comp-lb4yozk1inlineContent\" data-testid=\"inline-content\">\n<div data-mesh-id=\"comp-lb4yozk1inlineContent-gridContainer\" data-testid=\"mesh-container-content\">\n<div id=\"TPAMultiSection_jx3e6wfp\" class=\"TWFxr5 \">\n<div class=\"TPAMultiSection_jx3e6wfp\">\n<div data-hook=\"tpa-components-provider\">\n<div data-hook=\"tpa-components-provider\">\n<div class=\"l7SIaB layout__classic isDesktop\" data-hook=\"product-page\" data-layout-name=\"classic\">\n<article class=\"GVYGm5\">\n<div class=\"tfRE5M\">\n<section class=\"Jgs2b9\">\n<div class=\"WAZqE7 QfrfFD cell\">\n<section class=\"Va_ZoC\" data-hook=\"description-wrapper\">\n<div class=\"LvOu6J\">\n<div class=\"vaI0UH undefined\" data-hook=\"content-wrapper\">\n<ul>\n<li>Couchage 160&#215;200<\/li>\n<li>Structure m\u00e9tallique renforc\u00e9e<\/li>\n<li>Espace de rangement sous le sommiers<\/li>\n<li>Panneaux MDF 20mm<\/li>\n<li>Plaquage effet ch\u00eane<\/li>\n<li>Syst\u00eame de s\u00e9curite \u00e0 but\u00e9<\/li>\n<li>Ouverture du coffre sur verrins hydraulique<\/li>\n<li>Sommier inclus<\/li>\n<\/ul>\n<\/div>\n<\/div>\n<\/section>\n<\/div>\n<\/section>\n<\/div>\n<\/article>\n<\/div>\n<\/div>\n<\/div>\n<\/div>\n<\/div>\n<\/div>\n<\/div>\n","protected":false},"excerpt":{"rendered":"<p>Lit Coffre rev\u00eatement Velours NOIR Couchage 160&#215;200 Structure m\u00e9tallique renforc\u00e9e Espace de rangement sous le sommiers Panneaux MDF 20mm Plaquage effet ch\u00eane Syst\u00eame de s\u00e9curite \u00e0 but\u00e9 Ouverture du coffre sur verrins hydraulique Sommier inclus<\/p>\n","protected":false},"featured_media":774,"template":"","meta":{"site-sidebar-layout":"default","site-content-layout":"","ast-site-content-layout":"default","site-content-style":"default","site-sidebar-style":"default","ast-global-header-display":"","ast-banner-title-visibility":"","ast-main-header-display":"","ast-hfb-above-header-display":"","ast-hfb-below-header-display":"","ast-hfb-mobile-header-display":"","site-post-title":"","ast-breadcrumbs-content":"","ast-featured-img":"","footer-sml-layout":"","theme-transparent-header-meta":"default","adv-header-id-meta":"","stick-header-meta":"","header-above-stick-meta":"","header-main-stick-meta":"","header-below-stick-meta":"","astra-migrate-meta-layouts":"set","ast-page-background-enabled":"default","ast-page-background-meta":{"desktop":{"background-color":"var(--ast-global-color-5)","background-image":"","background-repeat":"repeat","background-position":"center center","background-size":"auto","background-attachment":"scroll","background-type":"","background-media":"","overlay-type":"","overlay-color":"","overlay-opacity":"","overlay-gradient":""},"tablet":{"background-color":"","background-image":"","background-repeat":"repeat","background-position":"center center","background-size":"auto","background-attachment":"scroll","background-type":"","background-media":"","overlay-type":"","overlay-color":"","overlay-opacity":"","overlay-gradient":""},"mobile":{"background-color":"","background-image":"","background-repeat":"repeat","background-position":"center center","background-size":"auto","background-attachment":"scroll","background-type":"","background-media":"","overlay-type":"","overlay-color":"","overlay-opacity":"","overlay-gradient":""}},"ast-content-background-meta":{"desktop":{"background-color":"var(--ast-global-color-4)","background-image":"","background-repeat":"repeat","background-position":"center center","background-size":"auto","background-attachment":"scroll","background-type":"","background-media":"","overlay-type":"","overlay-color":"","overlay-opacity":"","overlay-gradient":""},"tablet":{"background-color":"var(--ast-global-color-4)","background-image":"","background-repeat":"repeat","background-position":"center center","background-size":"auto","background-attachment":"scroll","background-type":"","background-media":"","overlay-type":"","overlay-color":"","overlay-opacity":"","overlay-gradient":""},"mobile":{"background-color":"var(--ast-global-color-4)","background-image":"","background-repeat":"repeat","background-position":"center center","background-size":"auto","background-attachment":"scroll","background-type":"","background-media":"","overlay-type":"","overlay-color":"","overlay-opacity":"","overlay-gradient":""}}},"product_brand":[],"product_cat":[19],"product_tag":[],"class_list":{"0":"post-773","1":"product","2":"type-product","3":"status-publish","4":"has-post-thumbnail","6":"product_cat-lit-coffre","7":"desktop-align-left","8":"tablet-align-left","9":"mobile-align-left","11":"first","12":"instock","13":"shipping-taxable","14":"purchasable","15":"product-type-simple"},"yoast_head":"<!-- This site is optimized with the Yoast SEO plugin v25.9 - https:\/\/yoast.com\/wordpress\/plugins\/seo\/ -->\n<title>IKON - Lit Coffre Velours - L&#039;UNIVERS DU LIT<\/title>\n<meta name=\"robots\" content=\"index, follow, max-snippet:-1, max-image-preview:large, max-video-preview:-1\" \/>\n<link rel=\"canonical\" href=\"https:\/\/universdulit.fr\/index.php\/produit\/ikon-lit-coffre-velours\/\" \/>\n<meta property=\"og:locale\" content=\"en_US\" \/>\n<meta property=\"og:type\" content=\"article\" \/>\n<meta property=\"og:title\" content=\"IKON - Lit Coffre Velours - L&#039;UNIVERS DU LIT\" \/>\n<meta property=\"og:description\" content=\"Lit Coffre rev\u00eatement Velours NOIR Couchage 160&#215;200 Structure m\u00e9tallique renforc\u00e9e Espace de rangement sous le sommiers Panneaux MDF 20mm Plaquage effet ch\u00eane Syst\u00eame de s\u00e9curite \u00e0 but\u00e9 Ouverture du coffre sur verrins hydraulique Sommier inclus\" \/>\n<meta property=\"og:url\" content=\"https:\/\/universdulit.fr\/index.php\/produit\/ikon-lit-coffre-velours\/\" \/>\n<meta property=\"og:site_name\" content=\"L&#039;UNIVERS DU LIT\" \/>\n<meta property=\"article:modified_time\" content=\"2025-05-15T19:54:39+00:00\" \/>\n<meta property=\"og:image\" content=\"http:\/\/universdulit.fr\/wp-content\/uploads\/2025\/05\/IKON-LIT-COFFRE.png\" \/>\n\t<meta property=\"og:image:width\" content=\"500\" \/>\n\t<meta property=\"og:image:height\" content=\"350\" \/>\n\t<meta property=\"og:image:type\" content=\"image\/png\" \/>\n<meta name=\"twitter:card\" content=\"summary_large_image\" \/>\n<meta name=\"twitter:label1\" content=\"Est. reading time\" \/>\n\t<meta name=\"twitter:data1\" content=\"1 minute\" \/>\n<script type=\"application\/ld+json\" class=\"yoast-schema-graph\">{\"@context\":\"https:\/\/schema.org\",\"@graph\":[{\"@type\":\"WebPage\",\"@id\":\"https:\/\/universdulit.fr\/index.php\/produit\/ikon-lit-coffre-velours\/\",\"url\":\"https:\/\/universdulit.fr\/index.php\/produit\/ikon-lit-coffre-velours\/\",\"name\":\"IKON - Lit Coffre Velours - L&#039;UNIVERS DU LIT\",\"isPartOf\":{\"@id\":\"https:\/\/universdulit.fr\/#website\"},\"primaryImageOfPage\":{\"@id\":\"https:\/\/universdulit.fr\/index.php\/produit\/ikon-lit-coffre-velours\/#primaryimage\"},\"image\":{\"@id\":\"https:\/\/universdulit.fr\/index.php\/produit\/ikon-lit-coffre-velours\/#primaryimage\"},\"thumbnailUrl\":\"https:\/\/universdulit.fr\/wp-content\/uploads\/2025\/05\/IKON-LIT-COFFRE.png\",\"datePublished\":\"2025-05-12T11:27:48+00:00\",\"dateModified\":\"2025-05-15T19:54:39+00:00\",\"breadcrumb\":{\"@id\":\"https:\/\/universdulit.fr\/index.php\/produit\/ikon-lit-coffre-velours\/#breadcrumb\"},\"inLanguage\":\"en-US\",\"potentialAction\":[{\"@type\":\"ReadAction\",\"target\":[\"https:\/\/universdulit.fr\/index.php\/produit\/ikon-lit-coffre-velours\/\"]}]},{\"@type\":\"ImageObject\",\"inLanguage\":\"en-US\",\"@id\":\"https:\/\/universdulit.fr\/index.php\/produit\/ikon-lit-coffre-velours\/#primaryimage\",\"url\":\"https:\/\/universdulit.fr\/wp-content\/uploads\/2025\/05\/IKON-LIT-COFFRE.png\",\"contentUrl\":\"https:\/\/universdulit.fr\/wp-content\/uploads\/2025\/05\/IKON-LIT-COFFRE.png\",\"width\":500,\"height\":350},{\"@type\":\"BreadcrumbList\",\"@id\":\"https:\/\/universdulit.fr\/index.php\/produit\/ikon-lit-coffre-velours\/#breadcrumb\",\"itemListElement\":[{\"@type\":\"ListItem\",\"position\":1,\"name\":\"Accueil\",\"item\":\"https:\/\/universdulit.fr\/\"},{\"@type\":\"ListItem\",\"position\":2,\"name\":\"Produits\",\"item\":\"https:\/\/universdulit.fr\/index.php\/shop\/\"},{\"@type\":\"ListItem\",\"position\":3,\"name\":\"IKON &#8211; Lit Coffre Velours\"}]},{\"@type\":\"WebSite\",\"@id\":\"https:\/\/universdulit.fr\/#website\",\"url\":\"https:\/\/universdulit.fr\/\",\"name\":\"L'UNIVERS DU LIT\",\"description\":\"Le meilleur de la literie\",\"publisher\":{\"@id\":\"https:\/\/universdulit.fr\/#organization\"},\"potentialAction\":[{\"@type\":\"SearchAction\",\"target\":{\"@type\":\"EntryPoint\",\"urlTemplate\":\"https:\/\/universdulit.fr\/?s={search_term_string}\"},\"query-input\":{\"@type\":\"PropertyValueSpecification\",\"valueRequired\":true,\"valueName\":\"search_term_string\"}}],\"inLanguage\":\"en-US\"},{\"@type\":\"Organization\",\"@id\":\"https:\/\/universdulit.fr\/#organization\",\"name\":\"L'UNIVERS DU LIT\",\"url\":\"https:\/\/universdulit.fr\/\",\"logo\":{\"@type\":\"ImageObject\",\"inLanguage\":\"en-US\",\"@id\":\"https:\/\/universdulit.fr\/#\/schema\/logo\/image\/\",\"url\":\"https:\/\/universdulit.fr\/wp-content\/uploads\/2025\/05\/cropped-cropped-Capture-decran-2025-05-09-a-18.46.35.png\",\"contentUrl\":\"https:\/\/universdulit.fr\/wp-content\/uploads\/2025\/05\/cropped-cropped-Capture-decran-2025-05-09-a-18.46.35.png\",\"width\":1298,\"height\":419,\"caption\":\"L'UNIVERS DU LIT\"},\"image\":{\"@id\":\"https:\/\/universdulit.fr\/#\/schema\/logo\/image\/\"}}]}<\/script>\n<!-- \/ Yoast SEO plugin. -->","yoast_head_json":{"title":"IKON - Lit Coffre Velours - L&#039;UNIVERS DU LIT","robots":{"index":"index","follow":"follow","max-snippet":"max-snippet:-1","max-image-preview":"max-image-preview:large","max-video-preview":"max-video-preview:-1"},"canonical":"https:\/\/universdulit.fr\/index.php\/produit\/ikon-lit-coffre-velours\/","og_locale":"en_US","og_type":"article","og_title":"IKON - Lit Coffre Velours - L&#039;UNIVERS DU LIT","og_description":"Lit Coffre rev\u00eatement Velours NOIR Couchage 160&#215;200 Structure m\u00e9tallique renforc\u00e9e Espace de rangement sous le sommiers Panneaux MDF 20mm Plaquage effet ch\u00eane Syst\u00eame de s\u00e9curite \u00e0 but\u00e9 Ouverture du coffre sur verrins hydraulique Sommier inclus","og_url":"https:\/\/universdulit.fr\/index.php\/produit\/ikon-lit-coffre-velours\/","og_site_name":"L&#039;UNIVERS DU LIT","article_modified_time":"2025-05-15T19:54:39+00:00","og_image":[{"width":500,"height":350,"url":"http:\/\/universdulit.fr\/wp-content\/uploads\/2025\/05\/IKON-LIT-COFFRE.png","type":"image\/png"}],"twitter_card":"summary_large_image","twitter_misc":{"Est. reading time":"1 minute"},"schema":{"@context":"https:\/\/schema.org","@graph":[{"@type":"WebPage","@id":"https:\/\/universdulit.fr\/index.php\/produit\/ikon-lit-coffre-velours\/","url":"https:\/\/universdulit.fr\/index.php\/produit\/ikon-lit-coffre-velours\/","name":"IKON - Lit Coffre Velours - L&#039;UNIVERS DU LIT","isPartOf":{"@id":"https:\/\/universdulit.fr\/#website"},"primaryImageOfPage":{"@id":"https:\/\/universdulit.fr\/index.php\/produit\/ikon-lit-coffre-velours\/#primaryimage"},"image":{"@id":"https:\/\/universdulit.fr\/index.php\/produit\/ikon-lit-coffre-velours\/#primaryimage"},"thumbnailUrl":"https:\/\/universdulit.fr\/wp-content\/uploads\/2025\/05\/IKON-LIT-COFFRE.png","datePublished":"2025-05-12T11:27:48+00:00","dateModified":"2025-05-15T19:54:39+00:00","breadcrumb":{"@id":"https:\/\/universdulit.fr\/index.php\/produit\/ikon-lit-coffre-velours\/#breadcrumb"},"inLanguage":"en-US","potentialAction":[{"@type":"ReadAction","target":["https:\/\/universdulit.fr\/index.php\/produit\/ikon-lit-coffre-velours\/"]}]},{"@type":"ImageObject","inLanguage":"en-US","@id":"https:\/\/universdulit.fr\/index.php\/produit\/ikon-lit-coffre-velours\/#primaryimage","url":"https:\/\/universdulit.fr\/wp-content\/uploads\/2025\/05\/IKON-LIT-COFFRE.png","contentUrl":"https:\/\/universdulit.fr\/wp-content\/uploads\/2025\/05\/IKON-LIT-COFFRE.png","width":500,"height":350},{"@type":"BreadcrumbList","@id":"https:\/\/universdulit.fr\/index.php\/produit\/ikon-lit-coffre-velours\/#breadcrumb","itemListElement":[{"@type":"ListItem","position":1,"name":"Accueil","item":"https:\/\/universdulit.fr\/"},{"@type":"ListItem","position":2,"name":"Produits","item":"https:\/\/universdulit.fr\/index.php\/shop\/"},{"@type":"ListItem","position":3,"name":"IKON &#8211; Lit Coffre Velours"}]},{"@type":"WebSite","@id":"https:\/\/universdulit.fr\/#website","url":"https:\/\/universdulit.fr\/","name":"L'UNIVERS DU LIT","description":"Le meilleur de la literie","publisher":{"@id":"https:\/\/universdulit.fr\/#organization"},"potentialAction":[{"@type":"SearchAction","target":{"@type":"EntryPoint","urlTemplate":"https:\/\/universdulit.fr\/?s={search_term_string}"},"query-input":{"@type":"PropertyValueSpecification","valueRequired":true,"valueName":"search_term_string"}}],"inLanguage":"en-US"},{"@type":"Organization","@id":"https:\/\/universdulit.fr\/#organization","name":"L'UNIVERS DU LIT","url":"https:\/\/universdulit.fr\/","logo":{"@type":"ImageObject","inLanguage":"en-US","@id":"https:\/\/universdulit.fr\/#\/schema\/logo\/image\/","url":"https:\/\/universdulit.fr\/wp-content\/uploads\/2025\/05\/cropped-cropped-Capture-decran-2025-05-09-a-18.46.35.png","contentUrl":"https:\/\/universdulit.fr\/wp-content\/uploads\/2025\/05\/cropped-cropped-Capture-decran-2025-05-09-a-18.46.35.png","width":1298,"height":419,"caption":"L'UNIVERS DU LIT"},"image":{"@id":"https:\/\/universdulit.fr\/#\/schema\/logo\/image\/"}}]}},"_links":{"self":[{"href":"https:\/\/universdulit.fr\/index.php\/wp-json\/wp\/v2\/product\/773","targetHints":{"allow":["GET"]}}],"collection":[{"href":"https:\/\/universdulit.fr\/index.php\/wp-json\/wp\/v2\/product"}],"about":[{"href":"https:\/\/universdulit.fr\/index.php\/wp-json\/wp\/v2\/types\/product"}],"wp:featuredmedia":[{"embeddable":true,"href":"https:\/\/universdulit.fr\/index.php\/wp-json\/wp\/v2\/media\/774"}],"wp:attachment":[{"href":"https:\/\/universdulit.fr\/index.php\/wp-json\/wp\/v2\/media?parent=773"}],"wp:term":[{"taxonomy":"product_brand","embeddable":true,"href":"https:\/\/universdulit.fr\/index.php\/wp-json\/wp\/v2\/product_brand?post=773"},{"taxonomy":"product_cat","embeddable":true,"href":"https:\/\/universdulit.fr\/index.php\/wp-json\/wp\/v2\/product_cat?post=773"},{"taxonomy":"product_tag","embeddable":true,"href":"https:\/\/universdulit.fr\/index.php\/wp-json\/wp\/v2\/product_tag?post=773"}],"curies":[{"name":"wp","href":"https:\/\/api.w.org\/{rel}","templated":true}]}}