{"id":429,"date":"2025-05-07T20:17:34","date_gmt":"2025-05-07T18:17:34","guid":{"rendered":"https:\/\/universdulit.fr\/?post_type=product&#038;p=429"},"modified":"2025-05-09T14:16:15","modified_gmt":"2025-05-09T12:16:15","slug":"lit-coffre-bottom","status":"publish","type":"product","link":"https:\/\/universdulit.fr\/index.php\/produit\/lit-coffre-bottom\/","title":{"rendered":"Lit coffre Bottom"},"content":{"rendered":"<p>Le lit Bottom incarne l\u2019\u00e9l\u00e9gance et le confort ultimes. Habill\u00e9 de somptueux tissus en laine boucl\u00e9e, il offre une douceur in\u00e9gal\u00e9e pour des nuits reposantes. Sa t\u00eate de lit enveloppante et ses contours moelleux cr\u00e9ent une atmosph\u00e8re chaleureuse, tandis que son design tendance s\u2019int\u00e8gre harmonieusement \u00e0 tout style de d\u00e9coration. Bottom est bien plus qu\u2019un simple lit, c\u2019est l\u2019expression de la sophistication et du bien-\u00eatre dans votre espace de repos.<\/p>\n<p>Nos lits coffres sont \u00e9quip\u00e9e de v\u00e9rins hydrauliques qui facilite l\u2019utilisation du coffre.<br \/>\nLuxury Interiors propose ses lits en plusieurs dimensions pour vous assurer une nuit douce et confortable et en plusieurs coloris pour satisfaire les go\u00fbts de chacun.<\/p>\n","protected":false},"excerpt":{"rendered":"<p>Le lit Bottom incarne l\u2019\u00e9l\u00e9gance et le confort ultimes. Habill\u00e9 de somptueux tissus en laine boucl\u00e9e, il offre une douceur in\u00e9gal\u00e9e pour des nuits reposantes. Sa t\u00eate de lit enveloppante et ses contours moelleux cr\u00e9ent une atmosph\u00e8re chaleureuse, tandis que son design tendance s\u2019int\u00e8gre harmonieusement \u00e0 tout style de d\u00e9coration. Bottom est bien plus qu\u2019un simple lit, c\u2019est l\u2019expression de la sophistication et du bien-\u00eatre dans votre espace de repos. Nos lits coffres sont \u00e9quip\u00e9e de v\u00e9rins hydrauliques qui facilite l\u2019utilisation du coffre. Luxury Interiors propose ses lits en plusieurs dimensions pour vous assurer une nuit douce et confortable et en plusieurs coloris pour satisfaire les go\u00fbts de chacun.<\/p>\n","protected":false},"featured_media":421,"template":"","meta":{"site-sidebar-layout":"default","site-content-layout":"","ast-site-content-layout":"default","site-content-style":"default","site-sidebar-style":"default","ast-global-header-display":"","ast-banner-title-visibility":"","ast-main-header-display":"","ast-hfb-above-header-display":"","ast-hfb-below-header-display":"","ast-hfb-mobile-header-display":"","site-post-title":"","ast-breadcrumbs-content":"","ast-featured-img":"","footer-sml-layout":"","theme-transparent-header-meta":"default","adv-header-id-meta":"","stick-header-meta":"","header-above-stick-meta":"","header-main-stick-meta":"","header-below-stick-meta":"","astra-migrate-meta-layouts":"set","ast-page-background-enabled":"default","ast-page-background-meta":{"desktop":{"background-color":"var(--ast-global-color-5)","background-image":"","background-repeat":"repeat","background-position":"center center","background-size":"auto","background-attachment":"scroll","background-type":"","background-media":"","overlay-type":"","overlay-color":"","overlay-opacity":"","overlay-gradient":""},"tablet":{"background-color":"","background-image":"","background-repeat":"repeat","background-position":"center center","background-size":"auto","background-attachment":"scroll","background-type":"","background-media":"","overlay-type":"","overlay-color":"","overlay-opacity":"","overlay-gradient":""},"mobile":{"background-color":"","background-image":"","background-repeat":"repeat","background-position":"center center","background-size":"auto","background-attachment":"scroll","background-type":"","background-media":"","overlay-type":"","overlay-color":"","overlay-opacity":"","overlay-gradient":""}},"ast-content-background-meta":{"desktop":{"background-color":"var(--ast-global-color-4)","background-image":"","background-repeat":"repeat","background-position":"center center","background-size":"auto","background-attachment":"scroll","background-type":"","background-media":"","overlay-type":"","overlay-color":"","overlay-opacity":"","overlay-gradient":""},"tablet":{"background-color":"var(--ast-global-color-4)","background-image":"","background-repeat":"repeat","background-position":"center center","background-size":"auto","background-attachment":"scroll","background-type":"","background-media":"","overlay-type":"","overlay-color":"","overlay-opacity":"","overlay-gradient":""},"mobile":{"background-color":"var(--ast-global-color-4)","background-image":"","background-repeat":"repeat","background-position":"center center","background-size":"auto","background-attachment":"scroll","background-type":"","background-media":"","overlay-type":"","overlay-color":"","overlay-opacity":"","overlay-gradient":""}}},"product_brand":[],"product_cat":[19],"product_tag":[],"class_list":{"0":"post-429","1":"product","2":"type-product","3":"status-publish","4":"has-post-thumbnail","6":"product_cat-lit-coffre","7":"desktop-align-left","8":"tablet-align-left","9":"mobile-align-left","11":"first","12":"instock","13":"shipping-taxable","14":"purchasable","15":"product-type-variable"},"yoast_head":"<!-- This site is optimized with the Yoast SEO plugin v25.9 - https:\/\/yoast.com\/wordpress\/plugins\/seo\/ -->\n<title>Lit coffre Bottom - L&#039;UNIVERS DU LIT<\/title>\n<meta name=\"robots\" content=\"index, follow, max-snippet:-1, max-image-preview:large, max-video-preview:-1\" \/>\n<link rel=\"canonical\" href=\"https:\/\/universdulit.fr\/index.php\/produit\/lit-coffre-bottom\/\" \/>\n<meta property=\"og:locale\" content=\"en_US\" \/>\n<meta property=\"og:type\" content=\"article\" \/>\n<meta property=\"og:title\" content=\"Lit coffre Bottom - L&#039;UNIVERS DU LIT\" \/>\n<meta property=\"og:description\" content=\"Le lit Bottom incarne l\u2019\u00e9l\u00e9gance et le confort ultimes. Habill\u00e9 de somptueux tissus en laine boucl\u00e9e, il offre une douceur in\u00e9gal\u00e9e pour des nuits reposantes. Sa t\u00eate de lit enveloppante et ses contours moelleux cr\u00e9ent une atmosph\u00e8re chaleureuse, tandis que son design tendance s\u2019int\u00e8gre harmonieusement \u00e0 tout style de d\u00e9coration. Bottom est bien plus qu\u2019un simple lit, c\u2019est l\u2019expression de la sophistication et du bien-\u00eatre dans votre espace de repos. Nos lits coffres sont \u00e9quip\u00e9e de v\u00e9rins hydrauliques qui facilite l\u2019utilisation du coffre. Luxury Interiors propose ses lits en plusieurs dimensions pour vous assurer une nuit douce et confortable et en plusieurs coloris pour satisfaire les go\u00fbts de chacun.\" \/>\n<meta property=\"og:url\" content=\"https:\/\/universdulit.fr\/index.php\/produit\/lit-coffre-bottom\/\" \/>\n<meta property=\"og:site_name\" content=\"L&#039;UNIVERS DU LIT\" \/>\n<meta property=\"article:modified_time\" content=\"2025-05-09T12:16:15+00:00\" \/>\n<meta property=\"og:image\" content=\"https:\/\/universdulit.fr\/wp-content\/uploads\/2025\/05\/BOTTOM_c0faad01-efd5-46cd-b15f-36328082b913.webp\" \/>\n\t<meta property=\"og:image:width\" content=\"1400\" \/>\n\t<meta property=\"og:image:height\" content=\"933\" \/>\n\t<meta property=\"og:image:type\" content=\"image\/webp\" \/>\n<meta name=\"twitter:card\" content=\"summary_large_image\" \/>\n<meta name=\"twitter:label1\" content=\"Est. reading time\" \/>\n\t<meta name=\"twitter:data1\" content=\"1 minute\" \/>\n<script type=\"application\/ld+json\" class=\"yoast-schema-graph\">{\"@context\":\"https:\/\/schema.org\",\"@graph\":[{\"@type\":\"WebPage\",\"@id\":\"https:\/\/universdulit.fr\/index.php\/produit\/lit-coffre-bottom\/\",\"url\":\"https:\/\/universdulit.fr\/index.php\/produit\/lit-coffre-bottom\/\",\"name\":\"Lit coffre Bottom - L&#039;UNIVERS DU LIT\",\"isPartOf\":{\"@id\":\"https:\/\/universdulit.fr\/#website\"},\"primaryImageOfPage\":{\"@id\":\"https:\/\/universdulit.fr\/index.php\/produit\/lit-coffre-bottom\/#primaryimage\"},\"image\":{\"@id\":\"https:\/\/universdulit.fr\/index.php\/produit\/lit-coffre-bottom\/#primaryimage\"},\"thumbnailUrl\":\"https:\/\/universdulit.fr\/wp-content\/uploads\/2025\/05\/BOTTOM_c0faad01-efd5-46cd-b15f-36328082b913.webp\",\"datePublished\":\"2025-05-07T18:17:34+00:00\",\"dateModified\":\"2025-05-09T12:16:15+00:00\",\"breadcrumb\":{\"@id\":\"https:\/\/universdulit.fr\/index.php\/produit\/lit-coffre-bottom\/#breadcrumb\"},\"inLanguage\":\"en-US\",\"potentialAction\":[{\"@type\":\"ReadAction\",\"target\":[\"https:\/\/universdulit.fr\/index.php\/produit\/lit-coffre-bottom\/\"]}]},{\"@type\":\"ImageObject\",\"inLanguage\":\"en-US\",\"@id\":\"https:\/\/universdulit.fr\/index.php\/produit\/lit-coffre-bottom\/#primaryimage\",\"url\":\"https:\/\/universdulit.fr\/wp-content\/uploads\/2025\/05\/BOTTOM_c0faad01-efd5-46cd-b15f-36328082b913.webp\",\"contentUrl\":\"https:\/\/universdulit.fr\/wp-content\/uploads\/2025\/05\/BOTTOM_c0faad01-efd5-46cd-b15f-36328082b913.webp\",\"width\":1400,\"height\":933},{\"@type\":\"BreadcrumbList\",\"@id\":\"https:\/\/universdulit.fr\/index.php\/produit\/lit-coffre-bottom\/#breadcrumb\",\"itemListElement\":[{\"@type\":\"ListItem\",\"position\":1,\"name\":\"Accueil\",\"item\":\"https:\/\/universdulit.fr\/\"},{\"@type\":\"ListItem\",\"position\":2,\"name\":\"Produits\",\"item\":\"https:\/\/universdulit.fr\/index.php\/shop\/\"},{\"@type\":\"ListItem\",\"position\":3,\"name\":\"Lit coffre Bottom\"}]},{\"@type\":\"WebSite\",\"@id\":\"https:\/\/universdulit.fr\/#website\",\"url\":\"https:\/\/universdulit.fr\/\",\"name\":\"L'UNIVERS DU LIT\",\"description\":\"Le meilleur de la literie\",\"publisher\":{\"@id\":\"https:\/\/universdulit.fr\/#organization\"},\"potentialAction\":[{\"@type\":\"SearchAction\",\"target\":{\"@type\":\"EntryPoint\",\"urlTemplate\":\"https:\/\/universdulit.fr\/?s={search_term_string}\"},\"query-input\":{\"@type\":\"PropertyValueSpecification\",\"valueRequired\":true,\"valueName\":\"search_term_string\"}}],\"inLanguage\":\"en-US\"},{\"@type\":\"Organization\",\"@id\":\"https:\/\/universdulit.fr\/#organization\",\"name\":\"L'UNIVERS DU LIT\",\"url\":\"https:\/\/universdulit.fr\/\",\"logo\":{\"@type\":\"ImageObject\",\"inLanguage\":\"en-US\",\"@id\":\"https:\/\/universdulit.fr\/#\/schema\/logo\/image\/\",\"url\":\"https:\/\/universdulit.fr\/wp-content\/uploads\/2025\/05\/cropped-cropped-Capture-decran-2025-05-09-a-18.46.35.png\",\"contentUrl\":\"https:\/\/universdulit.fr\/wp-content\/uploads\/2025\/05\/cropped-cropped-Capture-decran-2025-05-09-a-18.46.35.png\",\"width\":1298,\"height\":419,\"caption\":\"L'UNIVERS DU LIT\"},\"image\":{\"@id\":\"https:\/\/universdulit.fr\/#\/schema\/logo\/image\/\"}}]}<\/script>\n<!-- \/ Yoast SEO plugin. -->","yoast_head_json":{"title":"Lit coffre Bottom - L&#039;UNIVERS DU LIT","robots":{"index":"index","follow":"follow","max-snippet":"max-snippet:-1","max-image-preview":"max-image-preview:large","max-video-preview":"max-video-preview:-1"},"canonical":"https:\/\/universdulit.fr\/index.php\/produit\/lit-coffre-bottom\/","og_locale":"en_US","og_type":"article","og_title":"Lit coffre Bottom - L&#039;UNIVERS DU LIT","og_description":"Le lit Bottom incarne l\u2019\u00e9l\u00e9gance et le confort ultimes. Habill\u00e9 de somptueux tissus en laine boucl\u00e9e, il offre une douceur in\u00e9gal\u00e9e pour des nuits reposantes. Sa t\u00eate de lit enveloppante et ses contours moelleux cr\u00e9ent une atmosph\u00e8re chaleureuse, tandis que son design tendance s\u2019int\u00e8gre harmonieusement \u00e0 tout style de d\u00e9coration. Bottom est bien plus qu\u2019un simple lit, c\u2019est l\u2019expression de la sophistication et du bien-\u00eatre dans votre espace de repos. Nos lits coffres sont \u00e9quip\u00e9e de v\u00e9rins hydrauliques qui facilite l\u2019utilisation du coffre. Luxury Interiors propose ses lits en plusieurs dimensions pour vous assurer une nuit douce et confortable et en plusieurs coloris pour satisfaire les go\u00fbts de chacun.","og_url":"https:\/\/universdulit.fr\/index.php\/produit\/lit-coffre-bottom\/","og_site_name":"L&#039;UNIVERS DU LIT","article_modified_time":"2025-05-09T12:16:15+00:00","og_image":[{"width":1400,"height":933,"url":"https:\/\/universdulit.fr\/wp-content\/uploads\/2025\/05\/BOTTOM_c0faad01-efd5-46cd-b15f-36328082b913.webp","type":"image\/webp"}],"twitter_card":"summary_large_image","twitter_misc":{"Est. reading time":"1 minute"},"schema":{"@context":"https:\/\/schema.org","@graph":[{"@type":"WebPage","@id":"https:\/\/universdulit.fr\/index.php\/produit\/lit-coffre-bottom\/","url":"https:\/\/universdulit.fr\/index.php\/produit\/lit-coffre-bottom\/","name":"Lit coffre Bottom - L&#039;UNIVERS DU LIT","isPartOf":{"@id":"https:\/\/universdulit.fr\/#website"},"primaryImageOfPage":{"@id":"https:\/\/universdulit.fr\/index.php\/produit\/lit-coffre-bottom\/#primaryimage"},"image":{"@id":"https:\/\/universdulit.fr\/index.php\/produit\/lit-coffre-bottom\/#primaryimage"},"thumbnailUrl":"https:\/\/universdulit.fr\/wp-content\/uploads\/2025\/05\/BOTTOM_c0faad01-efd5-46cd-b15f-36328082b913.webp","datePublished":"2025-05-07T18:17:34+00:00","dateModified":"2025-05-09T12:16:15+00:00","breadcrumb":{"@id":"https:\/\/universdulit.fr\/index.php\/produit\/lit-coffre-bottom\/#breadcrumb"},"inLanguage":"en-US","potentialAction":[{"@type":"ReadAction","target":["https:\/\/universdulit.fr\/index.php\/produit\/lit-coffre-bottom\/"]}]},{"@type":"ImageObject","inLanguage":"en-US","@id":"https:\/\/universdulit.fr\/index.php\/produit\/lit-coffre-bottom\/#primaryimage","url":"https:\/\/universdulit.fr\/wp-content\/uploads\/2025\/05\/BOTTOM_c0faad01-efd5-46cd-b15f-36328082b913.webp","contentUrl":"https:\/\/universdulit.fr\/wp-content\/uploads\/2025\/05\/BOTTOM_c0faad01-efd5-46cd-b15f-36328082b913.webp","width":1400,"height":933},{"@type":"BreadcrumbList","@id":"https:\/\/universdulit.fr\/index.php\/produit\/lit-coffre-bottom\/#breadcrumb","itemListElement":[{"@type":"ListItem","position":1,"name":"Accueil","item":"https:\/\/universdulit.fr\/"},{"@type":"ListItem","position":2,"name":"Produits","item":"https:\/\/universdulit.fr\/index.php\/shop\/"},{"@type":"ListItem","position":3,"name":"Lit coffre Bottom"}]},{"@type":"WebSite","@id":"https:\/\/universdulit.fr\/#website","url":"https:\/\/universdulit.fr\/","name":"L'UNIVERS DU LIT","description":"Le meilleur de la literie","publisher":{"@id":"https:\/\/universdulit.fr\/#organization"},"potentialAction":[{"@type":"SearchAction","target":{"@type":"EntryPoint","urlTemplate":"https:\/\/universdulit.fr\/?s={search_term_string}"},"query-input":{"@type":"PropertyValueSpecification","valueRequired":true,"valueName":"search_term_string"}}],"inLanguage":"en-US"},{"@type":"Organization","@id":"https:\/\/universdulit.fr\/#organization","name":"L'UNIVERS DU LIT","url":"https:\/\/universdulit.fr\/","logo":{"@type":"ImageObject","inLanguage":"en-US","@id":"https:\/\/universdulit.fr\/#\/schema\/logo\/image\/","url":"https:\/\/universdulit.fr\/wp-content\/uploads\/2025\/05\/cropped-cropped-Capture-decran-2025-05-09-a-18.46.35.png","contentUrl":"https:\/\/universdulit.fr\/wp-content\/uploads\/2025\/05\/cropped-cropped-Capture-decran-2025-05-09-a-18.46.35.png","width":1298,"height":419,"caption":"L'UNIVERS DU LIT"},"image":{"@id":"https:\/\/universdulit.fr\/#\/schema\/logo\/image\/"}}]}},"_links":{"self":[{"href":"https:\/\/universdulit.fr\/index.php\/wp-json\/wp\/v2\/product\/429","targetHints":{"allow":["GET"]}}],"collection":[{"href":"https:\/\/universdulit.fr\/index.php\/wp-json\/wp\/v2\/product"}],"about":[{"href":"https:\/\/universdulit.fr\/index.php\/wp-json\/wp\/v2\/types\/product"}],"wp:featuredmedia":[{"embeddable":true,"href":"https:\/\/universdulit.fr\/index.php\/wp-json\/wp\/v2\/media\/421"}],"wp:attachment":[{"href":"https:\/\/universdulit.fr\/index.php\/wp-json\/wp\/v2\/media?parent=429"}],"wp:term":[{"taxonomy":"product_brand","embeddable":true,"href":"https:\/\/universdulit.fr\/index.php\/wp-json\/wp\/v2\/product_brand?post=429"},{"taxonomy":"product_cat","embeddable":true,"href":"https:\/\/universdulit.fr\/index.php\/wp-json\/wp\/v2\/product_cat?post=429"},{"taxonomy":"product_tag","embeddable":true,"href":"https:\/\/universdulit.fr\/index.php\/wp-json\/wp\/v2\/product_tag?post=429"}],"curies":[{"name":"wp","href":"https:\/\/api.w.org\/{rel}","templated":true}]}}