{"id":413,"date":"2025-05-07T19:59:53","date_gmt":"2025-05-07T17:59:53","guid":{"rendered":"https:\/\/universdulit.fr\/?post_type=product&#038;p=413"},"modified":"2025-07-01T11:25:20","modified_gmt":"2025-07-01T09:25:20","slug":"lit-coffre-cloute","status":"publish","type":"product","link":"https:\/\/universdulit.fr\/index.php\/produit\/lit-coffre-cloute\/","title":{"rendered":"Lit coffre Clout\u00e9"},"content":{"rendered":"<div class=\"product-info__description\">\n<div class=\"prose\">\n<p>Embellissez votre chambre avec notre magnifique lit coffre clout\u00e9 design ! Disponible en beige ou en gris, ce lit offre \u00e0 la fois style et confort gr\u00e2ce \u00e0 son design capitonn\u00e9. Le rangement int\u00e9gr\u00e9 vous permettra \u00e9galement d&#8217;optimiser l&#8217;espace de votre chambre. Faites de votre chambre un v\u00e9ritable havre de paix avec notre lit coffre clout\u00e9 !<\/p>\n<\/div>\n<\/div>\n<div class=\"product-info__text\">\n<div class=\"prose\"><\/div>\n<\/div>\n","protected":false},"excerpt":{"rendered":"<div class=\"product-info__description\">\n<div class=\"prose\">\n<p>Embellissez votre chambre avec notre magnifique lit coffre clout\u00e9 design ! Disponible en beige ou en gris, ce lit offre \u00e0 la fois style et confort gr\u00e2ce \u00e0 son design capitonn\u00e9. Le rangement int\u00e9gr\u00e9 vous permettra \u00e9galement d&#8217;optimiser l&#8217;espace de votre chambre. Faites de votre chambre un v\u00e9ritable havre de paix avec notre lit coffre clout\u00e9 !<\/p>\n<\/div>\n<\/div>\n<div class=\"product-info__text\">\n<div class=\"prose\"><\/div>\n<\/div>\n","protected":false},"featured_media":414,"template":"","meta":{"site-sidebar-layout":"default","site-content-layout":"","ast-site-content-layout":"default","site-content-style":"default","site-sidebar-style":"default","ast-global-header-display":"","ast-banner-title-visibility":"","ast-main-header-display":"","ast-hfb-above-header-display":"","ast-hfb-below-header-display":"","ast-hfb-mobile-header-display":"","site-post-title":"","ast-breadcrumbs-content":"","ast-featured-img":"","footer-sml-layout":"","theme-transparent-header-meta":"default","adv-header-id-meta":"","stick-header-meta":"","header-above-stick-meta":"","header-main-stick-meta":"","header-below-stick-meta":"","astra-migrate-meta-layouts":"set","ast-page-background-enabled":"default","ast-page-background-meta":{"desktop":{"background-color":"var(--ast-global-color-5)","background-image":"","background-repeat":"repeat","background-position":"center center","background-size":"auto","background-attachment":"scroll","background-type":"","background-media":"","overlay-type":"","overlay-color":"","overlay-opacity":"","overlay-gradient":""},"tablet":{"background-color":"","background-image":"","background-repeat":"repeat","background-position":"center center","background-size":"auto","background-attachment":"scroll","background-type":"","background-media":"","overlay-type":"","overlay-color":"","overlay-opacity":"","overlay-gradient":""},"mobile":{"background-color":"","background-image":"","background-repeat":"repeat","background-position":"center center","background-size":"auto","background-attachment":"scroll","background-type":"","background-media":"","overlay-type":"","overlay-color":"","overlay-opacity":"","overlay-gradient":""}},"ast-content-background-meta":{"desktop":{"background-color":"var(--ast-global-color-4)","background-image":"","background-repeat":"repeat","background-position":"center center","background-size":"auto","background-attachment":"scroll","background-type":"","background-media":"","overlay-type":"","overlay-color":"","overlay-opacity":"","overlay-gradient":""},"tablet":{"background-color":"var(--ast-global-color-4)","background-image":"","background-repeat":"repeat","background-position":"center center","background-size":"auto","background-attachment":"scroll","background-type":"","background-media":"","overlay-type":"","overlay-color":"","overlay-opacity":"","overlay-gradient":""},"mobile":{"background-color":"var(--ast-global-color-4)","background-image":"","background-repeat":"repeat","background-position":"center center","background-size":"auto","background-attachment":"scroll","background-type":"","background-media":"","overlay-type":"","overlay-color":"","overlay-opacity":"","overlay-gradient":""}}},"product_brand":[],"product_cat":[19,55],"product_tag":[],"class_list":{"0":"post-413","1":"product","2":"type-product","3":"status-publish","4":"has-post-thumbnail","6":"product_cat-lit-coffre","7":"product_cat-premier-prix","8":"desktop-align-left","9":"tablet-align-left","10":"mobile-align-left","12":"first","13":"instock","14":"shipping-taxable","15":"purchasable","16":"product-type-variable"},"yoast_head":"<!-- This site is optimized with the Yoast SEO plugin v25.9 - https:\/\/yoast.com\/wordpress\/plugins\/seo\/ -->\n<title>Lit coffre Clout\u00e9 - L&#039;UNIVERS DU LIT<\/title>\n<meta name=\"robots\" content=\"index, follow, max-snippet:-1, max-image-preview:large, max-video-preview:-1\" \/>\n<link rel=\"canonical\" href=\"https:\/\/universdulit.fr\/index.php\/produit\/lit-coffre-cloute\/\" \/>\n<meta property=\"og:locale\" content=\"en_US\" \/>\n<meta property=\"og:type\" content=\"article\" \/>\n<meta property=\"og:title\" content=\"Lit coffre Clout\u00e9 - L&#039;UNIVERS DU LIT\" \/>\n<meta property=\"og:description\" content=\"Embellissez votre chambre avec notre magnifique lit coffre clout\u00e9 design ! Disponible en beige ou en gris, ce lit offre \u00e0 la fois style et confort gr\u00e2ce \u00e0 son design capitonn\u00e9. Le rangement int\u00e9gr\u00e9 vous permettra \u00e9galement d&#039;optimiser l&#039;espace de votre chambre. Faites de votre chambre un v\u00e9ritable havre de paix avec notre lit coffre clout\u00e9 !\" \/>\n<meta property=\"og:url\" content=\"https:\/\/universdulit.fr\/index.php\/produit\/lit-coffre-cloute\/\" \/>\n<meta property=\"og:site_name\" content=\"L&#039;UNIVERS DU LIT\" \/>\n<meta property=\"article:modified_time\" content=\"2025-07-01T09:25:20+00:00\" \/>\n<meta property=\"og:image\" content=\"http:\/\/universdulit.fr\/wp-content\/uploads\/2025\/05\/Lit-coffre-cloue.webp\" \/>\n\t<meta property=\"og:image:width\" content=\"1000\" \/>\n\t<meta property=\"og:image:height\" content=\"667\" \/>\n\t<meta property=\"og:image:type\" content=\"image\/webp\" \/>\n<meta name=\"twitter:card\" content=\"summary_large_image\" \/>\n<script type=\"application\/ld+json\" class=\"yoast-schema-graph\">{\"@context\":\"https:\/\/schema.org\",\"@graph\":[{\"@type\":\"WebPage\",\"@id\":\"https:\/\/universdulit.fr\/index.php\/produit\/lit-coffre-cloute\/\",\"url\":\"https:\/\/universdulit.fr\/index.php\/produit\/lit-coffre-cloute\/\",\"name\":\"Lit coffre Clout\u00e9 - L&#039;UNIVERS DU LIT\",\"isPartOf\":{\"@id\":\"https:\/\/universdulit.fr\/#website\"},\"primaryImageOfPage\":{\"@id\":\"https:\/\/universdulit.fr\/index.php\/produit\/lit-coffre-cloute\/#primaryimage\"},\"image\":{\"@id\":\"https:\/\/universdulit.fr\/index.php\/produit\/lit-coffre-cloute\/#primaryimage\"},\"thumbnailUrl\":\"https:\/\/universdulit.fr\/wp-content\/uploads\/2025\/05\/Lit-coffre-cloue.webp\",\"datePublished\":\"2025-05-07T17:59:53+00:00\",\"dateModified\":\"2025-07-01T09:25:20+00:00\",\"breadcrumb\":{\"@id\":\"https:\/\/universdulit.fr\/index.php\/produit\/lit-coffre-cloute\/#breadcrumb\"},\"inLanguage\":\"en-US\",\"potentialAction\":[{\"@type\":\"ReadAction\",\"target\":[\"https:\/\/universdulit.fr\/index.php\/produit\/lit-coffre-cloute\/\"]}]},{\"@type\":\"ImageObject\",\"inLanguage\":\"en-US\",\"@id\":\"https:\/\/universdulit.fr\/index.php\/produit\/lit-coffre-cloute\/#primaryimage\",\"url\":\"https:\/\/universdulit.fr\/wp-content\/uploads\/2025\/05\/Lit-coffre-cloue.webp\",\"contentUrl\":\"https:\/\/universdulit.fr\/wp-content\/uploads\/2025\/05\/Lit-coffre-cloue.webp\",\"width\":1000,\"height\":667},{\"@type\":\"BreadcrumbList\",\"@id\":\"https:\/\/universdulit.fr\/index.php\/produit\/lit-coffre-cloute\/#breadcrumb\",\"itemListElement\":[{\"@type\":\"ListItem\",\"position\":1,\"name\":\"Accueil\",\"item\":\"https:\/\/universdulit.fr\/\"},{\"@type\":\"ListItem\",\"position\":2,\"name\":\"Produits\",\"item\":\"https:\/\/universdulit.fr\/index.php\/shop\/\"},{\"@type\":\"ListItem\",\"position\":3,\"name\":\"Lit coffre Clout\u00e9\"}]},{\"@type\":\"WebSite\",\"@id\":\"https:\/\/universdulit.fr\/#website\",\"url\":\"https:\/\/universdulit.fr\/\",\"name\":\"L'UNIVERS DU LIT\",\"description\":\"Le meilleur de la literie\",\"publisher\":{\"@id\":\"https:\/\/universdulit.fr\/#organization\"},\"potentialAction\":[{\"@type\":\"SearchAction\",\"target\":{\"@type\":\"EntryPoint\",\"urlTemplate\":\"https:\/\/universdulit.fr\/?s={search_term_string}\"},\"query-input\":{\"@type\":\"PropertyValueSpecification\",\"valueRequired\":true,\"valueName\":\"search_term_string\"}}],\"inLanguage\":\"en-US\"},{\"@type\":\"Organization\",\"@id\":\"https:\/\/universdulit.fr\/#organization\",\"name\":\"L'UNIVERS DU LIT\",\"url\":\"https:\/\/universdulit.fr\/\",\"logo\":{\"@type\":\"ImageObject\",\"inLanguage\":\"en-US\",\"@id\":\"https:\/\/universdulit.fr\/#\/schema\/logo\/image\/\",\"url\":\"https:\/\/universdulit.fr\/wp-content\/uploads\/2025\/05\/cropped-cropped-Capture-decran-2025-05-09-a-18.46.35.png\",\"contentUrl\":\"https:\/\/universdulit.fr\/wp-content\/uploads\/2025\/05\/cropped-cropped-Capture-decran-2025-05-09-a-18.46.35.png\",\"width\":1298,\"height\":419,\"caption\":\"L'UNIVERS DU LIT\"},\"image\":{\"@id\":\"https:\/\/universdulit.fr\/#\/schema\/logo\/image\/\"}}]}<\/script>\n<!-- \/ Yoast SEO plugin. -->","yoast_head_json":{"title":"Lit coffre Clout\u00e9 - L&#039;UNIVERS DU LIT","robots":{"index":"index","follow":"follow","max-snippet":"max-snippet:-1","max-image-preview":"max-image-preview:large","max-video-preview":"max-video-preview:-1"},"canonical":"https:\/\/universdulit.fr\/index.php\/produit\/lit-coffre-cloute\/","og_locale":"en_US","og_type":"article","og_title":"Lit coffre Clout\u00e9 - L&#039;UNIVERS DU LIT","og_description":"Embellissez votre chambre avec notre magnifique lit coffre clout\u00e9 design ! Disponible en beige ou en gris, ce lit offre \u00e0 la fois style et confort gr\u00e2ce \u00e0 son design capitonn\u00e9. Le rangement int\u00e9gr\u00e9 vous permettra \u00e9galement d'optimiser l'espace de votre chambre. Faites de votre chambre un v\u00e9ritable havre de paix avec notre lit coffre clout\u00e9 !","og_url":"https:\/\/universdulit.fr\/index.php\/produit\/lit-coffre-cloute\/","og_site_name":"L&#039;UNIVERS DU LIT","article_modified_time":"2025-07-01T09:25:20+00:00","og_image":[{"width":1000,"height":667,"url":"http:\/\/universdulit.fr\/wp-content\/uploads\/2025\/05\/Lit-coffre-cloue.webp","type":"image\/webp"}],"twitter_card":"summary_large_image","schema":{"@context":"https:\/\/schema.org","@graph":[{"@type":"WebPage","@id":"https:\/\/universdulit.fr\/index.php\/produit\/lit-coffre-cloute\/","url":"https:\/\/universdulit.fr\/index.php\/produit\/lit-coffre-cloute\/","name":"Lit coffre Clout\u00e9 - L&#039;UNIVERS DU LIT","isPartOf":{"@id":"https:\/\/universdulit.fr\/#website"},"primaryImageOfPage":{"@id":"https:\/\/universdulit.fr\/index.php\/produit\/lit-coffre-cloute\/#primaryimage"},"image":{"@id":"https:\/\/universdulit.fr\/index.php\/produit\/lit-coffre-cloute\/#primaryimage"},"thumbnailUrl":"https:\/\/universdulit.fr\/wp-content\/uploads\/2025\/05\/Lit-coffre-cloue.webp","datePublished":"2025-05-07T17:59:53+00:00","dateModified":"2025-07-01T09:25:20+00:00","breadcrumb":{"@id":"https:\/\/universdulit.fr\/index.php\/produit\/lit-coffre-cloute\/#breadcrumb"},"inLanguage":"en-US","potentialAction":[{"@type":"ReadAction","target":["https:\/\/universdulit.fr\/index.php\/produit\/lit-coffre-cloute\/"]}]},{"@type":"ImageObject","inLanguage":"en-US","@id":"https:\/\/universdulit.fr\/index.php\/produit\/lit-coffre-cloute\/#primaryimage","url":"https:\/\/universdulit.fr\/wp-content\/uploads\/2025\/05\/Lit-coffre-cloue.webp","contentUrl":"https:\/\/universdulit.fr\/wp-content\/uploads\/2025\/05\/Lit-coffre-cloue.webp","width":1000,"height":667},{"@type":"BreadcrumbList","@id":"https:\/\/universdulit.fr\/index.php\/produit\/lit-coffre-cloute\/#breadcrumb","itemListElement":[{"@type":"ListItem","position":1,"name":"Accueil","item":"https:\/\/universdulit.fr\/"},{"@type":"ListItem","position":2,"name":"Produits","item":"https:\/\/universdulit.fr\/index.php\/shop\/"},{"@type":"ListItem","position":3,"name":"Lit coffre Clout\u00e9"}]},{"@type":"WebSite","@id":"https:\/\/universdulit.fr\/#website","url":"https:\/\/universdulit.fr\/","name":"L'UNIVERS DU LIT","description":"Le meilleur de la literie","publisher":{"@id":"https:\/\/universdulit.fr\/#organization"},"potentialAction":[{"@type":"SearchAction","target":{"@type":"EntryPoint","urlTemplate":"https:\/\/universdulit.fr\/?s={search_term_string}"},"query-input":{"@type":"PropertyValueSpecification","valueRequired":true,"valueName":"search_term_string"}}],"inLanguage":"en-US"},{"@type":"Organization","@id":"https:\/\/universdulit.fr\/#organization","name":"L'UNIVERS DU LIT","url":"https:\/\/universdulit.fr\/","logo":{"@type":"ImageObject","inLanguage":"en-US","@id":"https:\/\/universdulit.fr\/#\/schema\/logo\/image\/","url":"https:\/\/universdulit.fr\/wp-content\/uploads\/2025\/05\/cropped-cropped-Capture-decran-2025-05-09-a-18.46.35.png","contentUrl":"https:\/\/universdulit.fr\/wp-content\/uploads\/2025\/05\/cropped-cropped-Capture-decran-2025-05-09-a-18.46.35.png","width":1298,"height":419,"caption":"L'UNIVERS DU LIT"},"image":{"@id":"https:\/\/universdulit.fr\/#\/schema\/logo\/image\/"}}]}},"_links":{"self":[{"href":"https:\/\/universdulit.fr\/index.php\/wp-json\/wp\/v2\/product\/413","targetHints":{"allow":["GET"]}}],"collection":[{"href":"https:\/\/universdulit.fr\/index.php\/wp-json\/wp\/v2\/product"}],"about":[{"href":"https:\/\/universdulit.fr\/index.php\/wp-json\/wp\/v2\/types\/product"}],"wp:featuredmedia":[{"embeddable":true,"href":"https:\/\/universdulit.fr\/index.php\/wp-json\/wp\/v2\/media\/414"}],"wp:attachment":[{"href":"https:\/\/universdulit.fr\/index.php\/wp-json\/wp\/v2\/media?parent=413"}],"wp:term":[{"taxonomy":"product_brand","embeddable":true,"href":"https:\/\/universdulit.fr\/index.php\/wp-json\/wp\/v2\/product_brand?post=413"},{"taxonomy":"product_cat","embeddable":true,"href":"https:\/\/universdulit.fr\/index.php\/wp-json\/wp\/v2\/product_cat?post=413"},{"taxonomy":"product_tag","embeddable":true,"href":"https:\/\/universdulit.fr\/index.php\/wp-json\/wp\/v2\/product_tag?post=413"}],"curies":[{"name":"wp","href":"https:\/\/api.w.org\/{rel}","templated":true}]}}