{"id":2173,"date":"2025-06-30T17:22:17","date_gmt":"2025-06-30T15:22:17","guid":{"rendered":"https:\/\/universdulit.fr\/?post_type=product&#038;p=2173"},"modified":"2025-06-30T17:26:22","modified_gmt":"2025-06-30T15:26:22","slug":"fauteuil-en-similicuir-noir-et-noyer","status":"publish","type":"product","link":"https:\/\/universdulit.fr\/index.php\/produit\/fauteuil-en-similicuir-noir-et-noyer\/","title":{"rendered":"Fauteuil en similicuir noir et noyer"},"content":{"rendered":"<style>\n.accordion-container {\n  border-top: 1px solid #ddd;\n}\n.accordion-item {\n  border-bottom: 1px solid #ddd;\n}\n.accordion-header {\n  display: flex;\n  justify-content: space-between;\n  cursor: pointer;\n  padding: 12px 16px;\n  background-color: #f8f8f8;\n  font-weight: bold;\n  font-size: 16px;\n}\n.accordion-symbol {\n  font-size: 18px;\n}\n.accordion-content {\n  display: none;\n  padding: 16px;\n  background-color: #fff;\n  font-size: 14px;\n  line-height: 1.6;\n}\n.accordion-open .accordion-content {\n  display: block;\n}\n.accordion-open .accordion-symbol::before {\n  content: \"-\";\n}\n.accordion-symbol::before {\n  content: \"+\";\n}\n<\/style>\n<p><script>\ndocument.addEventListener(\"DOMContentLoaded\", function () {\n  document.querySelectorAll(\".accordion-header\").forEach(header => {\n    header.addEventListener(\"click\", () => {\n      const item = header.parentElement;\n      item.classList.toggle(\"accordion-open\");\n    });\n  });\n});\n<\/script><\/p>\n<div class=\"accordion-container\">\n<div class=\"accordion-item\">\n<div class=\"accordion-header\">\n      <span>Description du produit<\/span><br \/>\n      <span class=\"accordion-symbol\"><\/span>\n    <\/div>\n<div class=\"accordion-content\">\n      <pFauteuil avec accoudoirs au design moderne avec assise et dossier en similicuir noir. Tant pour ses d\u00e9tails en bois plaqu\u00e9 noyer naturel que pour ses pieds en acier inoxydable noir, ce fauteuil est la combinaison parfaite entre design et confort.\n\nDimensions du produits: 90 x 87 x 82 cm.\n\n- Le rev\u00eatement en similicuir de ce fauteuil apportera \u00e9l\u00e9gance et distinction, tout en \u00e9tant une pi\u00e8ce fonctionnelle et d\u00e9corative pour vos pi\u00e8ces.\n\n- L'originalit\u00e9 de ses pieds allie le style le plus avant-gardiste de notre marque \u00e0 la qualit\u00e9 et au confort les plus \u00e9lev\u00e9s.\n\n- La taille de son assise et son rembourrage en mousse de polyur\u00e9thane de 25kg\/m3, ainsi que son dossier confortable, vous apporteront un maximum de confort, ce qui en fait une pi\u00e8ce ma\u00eetresse pour vos moments de d\u00e9tente ou de repos.\n\n- La robustesse et la stabilit\u00e9 sont assur\u00e9es par la structure en bois d'origine avec placage en noyer naturel.\n\n<\/p>\n<\/p><\/div>\n<\/p><\/div>\n<div class=\"accordion-item\">\n<div class=\"accordion-header\">\n      <span>Dimensions de l\u2019appareil<\/span><br \/>\n      <span class=\"accordion-symbol\"><\/span>\n    <\/div>\n<div class=\"accordion-content\">\n<ul>\n&#8211; Dimensions du produit:<\/p>\n<p>&#8211; Mesures: 90 x 87 x 82 cm.<\/p>\n<p>&#8211; Volume: 0,66 m3.<\/p>\n<p>&#8211; Poids unitaire net: 18 Kg.<\/p>\n<p>&#8211; Poids unitaire brut: 20 Kg.<\/p>\n<p>&#8211; Autres mesures:<\/p>\n<p>&#8211; Hauteur des pieds: 29 cm.<\/p>\n<p>&#8211; Hauteur de l&#8217;assise: 43 cm.<\/p>\n<p>&#8211; Hauteur de l&#8217;accoudoir: 53 cm.<\/p>\n<p>&#8211; Largeur de l&#8217;accoudoir: 12 cm.<\/p>\n<p>&#8211; Dimensions du dossier: 63 x 8 x 52 cm.<\/p>\n<p>&#8211; Dimensions de l&#8217;assise: 58 x 57 x 14 cm.<\/p>\n<p>&#8211; Dimensions de l&#8217;emballage:<\/p>\n<p>&#8211; Nombre de colis: 1<\/p>\n<p>&#8211; Mesure et poids des colis:<\/p>\n<p>Colis 1: 92 x 95 x 90 cm. \/ 20 Kg.\n      <\/ul>\n<\/p><\/div>\n<\/p><\/div>\n<div class=\"accordion-item\">\n<div class=\"accordion-header\">\n      <span>Sp\u00e9cifications<\/span><br \/>\n      <span class=\"accordion-symbol\"><\/span>\n    <\/div>\n<div class=\"accordion-content\">\n<ul>\n&#8211; Syst\u00e8me de pivotement: Non<\/p>\n<p>&#8211; Syst\u00e8me de relaxation: Non<\/p>\n<p>&#8211; Appui-t\u00eate: Non<\/p>\n<p>&#8211; Accoudoirs: Oui<\/p>\n<p>&#8211; Si\u00e8ge r\u00e9glable en hauteur: Non<\/p>\n<p>&#8211; Dossier inclinable: Non<\/p>\n<p>&#8211; Coussin suppl\u00e9mentaire inclus: Non<\/p>\n<p>&#8211; Poids maximum support\u00e9: 135 Kg.<\/ul>\n<\/p><\/div>\n<\/p><\/div>\n<div class=\"accordion-item\">\n<div class=\"accordion-header\">\n      <span>Mat\u00e9riaux<\/span><br \/>\n      <span class=\"accordion-symbol\"><\/span>\n    <\/div>\n<div class=\"accordion-content\">\n<ul>\n<li>\n<p>&#8211; Rembourrage du si\u00e8ge: Simili cuir<\/p>\n<p>&#8211; Rev\u00eatement du dossier: Simili cuir<\/p>\n<p>&#8211; Composition du rembourrage: 90 % vinyle et 10 % polyester<\/p>\n<p>&#8211; Mat\u00e9riau du rembourrage: Mousse de polyur\u00e9thane d&#8217;une densit\u00e9 de 25kg\/m3<\/p>\n<p>&#8211; Mat\u00e9riau du pied: Acier inoxydable noir<\/p>\n<p>&#8211; Mat\u00e9riau des d\u00e9tails: Bois plaqu\u00e9 noyer naturel de 0,5 mm d&#8217;\u00e9paisseur<\/p>\n<\/ul><\/div>\n<\/p><\/div>\n<div class=\"accordion-item\">\n<div class=\"accordion-header\">\n      <span>Entretien et garantie<\/span><br \/>\n      <span class=\"accordion-symbol\"><\/span>\n    <\/div>\n<div class=\"accordion-content\">\n<p><strong>Recommandations :<\/strong> Tous nos meubles sont livr\u00e9s avec des instructions de montage simples et pratiques. Tous nos meubles disposent du mat\u00e9riel n\u00e9cessaire, voire de l&#8217;outil n\u00e9cessaire si possible, pour le simple assemblage ou la finition du produit. Si vous avez des questions lors de l&#8217;assemblage de votre nouveau mobilier, veuillez nous contacter et nous r\u00e9pondrons \u00e0 toutes vos questions. \u00c9vitez d&#8217;utiliser des objets pointus ou des objets qui pourraient endommager l&#8217;int\u00e9rieur du produit lors du d\u00e9ballage. Conservez l&#8217;emballage d&#8217;origine pendant quelques jours en cas de retour ou de retour, ainsi que toute la documentation et les accessoires de montage que vous trouverez dans l&#8217;emballage.<\/p>\n<p><strong>Recommandations g\u00e9n\u00e9rales :<\/strong> Meubles \u00e0 usage domestique uniquement. Ne pas exposer aux intemp\u00e9ries. Ne pas placer \u00e0 proximit\u00e9 de sources de chaleur directe. Ne pas exposer \u00e0 la lumi\u00e8re directe du soleil. Ne pas utiliser de produits abrasifs tels que l&#8217;ac\u00e9tone, l&#8217;eau de Javel, les agents de blanchiment, les solvants, etc. Les \u00e9l\u00e9ments tranchants peuvent rayer la surface du produit.<\/p>\n<p><strong>Instructions d&#8217;entretien :<\/strong> Pour le nettoyage, utilisez uniquement un chiffon doux ou un papier absorbant l\u00e9g\u00e8rement imbib\u00e9 d&#8217;une solution savonneuse neutre. Pour enlever la poussi\u00e8re, utilisez de pr\u00e9f\u00e9rence des outils non abrasifs ou des outils qui ne rayent pas la surface. Nettoyez de pr\u00e9f\u00e9rence les tissus d&#8217;ameublement \u00e0 sec. Pour le nettoyage des rev\u00eatements en similicuir ou en cuir, n&#8217;utilisez pas de produits qui pourraient \u00eatre abrasifs pour le cuir. Hydratez p\u00e9riodiquement pour \u00e9viter le dess\u00e8chement et les fissures du cuir dues au passage du temps.<\/p>\n<p><strong>Garantie :<\/strong> Garantie de 3 ans. Garantie de remboursement de 14 jours \u00e0 compter de la r\u00e9ception de la commande. * (Voir les conditions g\u00e9n\u00e9rales)<\/p>\n<p><strong>Avertissements et s\u00e9curit\u00e9 :<\/strong> Trier et compter les pi\u00e8ces et les accessoires. Pr\u00e9voir un espace pour l&#8217;assemblage. Ne pas forcer les vis et les \u00e9l\u00e9ments de montage. Suivre pas \u00e0 pas les instructions de montage.<\/p>\n<p><strong>Conditions d&#8217;utilisation :<\/strong> Meubles \u00e0 usage domestique uniquement. Ne pas exposer aux intemp\u00e9ries. Ne pas placer \u00e0 proximit\u00e9 de sources de chaleur directe. Ne pas exposer \u00e0 la lumi\u00e8re directe du soleil. Ne pas utiliser de produits abrasifs.<\/p>\n<p><strong>Attention :<\/strong> Ne pas surcharger, ne pas ouvrir plus d\u2019un tiroir \u00e0 la fois, ne pas se suspendre, ne pas tra\u00eener le meuble charg\u00e9, etc.<\/p>\n<p><strong>\u00c9lectricit\u00e9 :<\/strong> Tenir hors de port\u00e9e des enfants. V\u00e9rifier c\u00e2bles\/prises. Utiliser uniquement les ampoules recommand\u00e9es. D\u00e9brancher pour nettoyage.<\/p>\n<\/p><\/div>\n<\/p><\/div>\n<\/div>\n","protected":false},"excerpt":{"rendered":"<p>Fauteuil avec accoudoirs au design moderne avec assise et dossier en similicuir noir. Tant pour ses d\u00e9tails en bois plaqu\u00e9 noyer naturel que pour ses pieds en acier inoxydable noir, ce fauteuil est la combinaison parfaite entre design et confort.<\/p>\n","protected":false},"featured_media":2176,"template":"","meta":{"site-sidebar-layout":"default","site-content-layout":"","ast-site-content-layout":"default","site-content-style":"default","site-sidebar-style":"default","ast-global-header-display":"","ast-banner-title-visibility":"","ast-main-header-display":"","ast-hfb-above-header-display":"","ast-hfb-below-header-display":"","ast-hfb-mobile-header-display":"","site-post-title":"","ast-breadcrumbs-content":"","ast-featured-img":"","footer-sml-layout":"","theme-transparent-header-meta":"default","adv-header-id-meta":"","stick-header-meta":"","header-above-stick-meta":"","header-main-stick-meta":"","header-below-stick-meta":"","astra-migrate-meta-layouts":"set","ast-page-background-enabled":"default","ast-page-background-meta":{"desktop":{"background-color":"var(--ast-global-color-5)","background-image":"","background-repeat":"repeat","background-position":"center center","background-size":"auto","background-attachment":"scroll","background-type":"","background-media":"","overlay-type":"","overlay-color":"","overlay-opacity":"","overlay-gradient":""},"tablet":{"background-color":"","background-image":"","background-repeat":"repeat","background-position":"center center","background-size":"auto","background-attachment":"scroll","background-type":"","background-media":"","overlay-type":"","overlay-color":"","overlay-opacity":"","overlay-gradient":""},"mobile":{"background-color":"","background-image":"","background-repeat":"repeat","background-position":"center center","background-size":"auto","background-attachment":"scroll","background-type":"","background-media":"","overlay-type":"","overlay-color":"","overlay-opacity":"","overlay-gradient":""}},"ast-content-background-meta":{"desktop":{"background-color":"var(--ast-global-color-4)","background-image":"","background-repeat":"repeat","background-position":"center center","background-size":"auto","background-attachment":"scroll","background-type":"","background-media":"","overlay-type":"","overlay-color":"","overlay-opacity":"","overlay-gradient":""},"tablet":{"background-color":"var(--ast-global-color-4)","background-image":"","background-repeat":"repeat","background-position":"center center","background-size":"auto","background-attachment":"scroll","background-type":"","background-media":"","overlay-type":"","overlay-color":"","overlay-opacity":"","overlay-gradient":""},"mobile":{"background-color":"var(--ast-global-color-4)","background-image":"","background-repeat":"repeat","background-position":"center center","background-size":"auto","background-attachment":"scroll","background-type":"","background-media":"","overlay-type":"","overlay-color":"","overlay-opacity":"","overlay-gradient":""}}},"product_brand":[],"product_cat":[52],"product_tag":[],"class_list":{"0":"post-2173","1":"product","2":"type-product","3":"status-publish","4":"has-post-thumbnail","6":"product_cat-fauteuil","7":"desktop-align-left","8":"tablet-align-left","9":"mobile-align-left","11":"first","12":"instock","13":"shipping-taxable","14":"purchasable","15":"product-type-simple"},"yoast_head":"<!-- This site is optimized with the Yoast SEO plugin v25.9 - https:\/\/yoast.com\/wordpress\/plugins\/seo\/ -->\n<title>Fauteuil en similicuir noir et noyer - L&#039;UNIVERS DU LIT<\/title>\n<meta name=\"robots\" content=\"index, follow, max-snippet:-1, max-image-preview:large, max-video-preview:-1\" \/>\n<link rel=\"canonical\" href=\"https:\/\/universdulit.fr\/index.php\/produit\/fauteuil-en-similicuir-noir-et-noyer\/\" \/>\n<meta property=\"og:locale\" content=\"en_US\" \/>\n<meta property=\"og:type\" content=\"article\" \/>\n<meta property=\"og:title\" content=\"Fauteuil en similicuir noir et noyer - L&#039;UNIVERS DU LIT\" \/>\n<meta property=\"og:description\" content=\"Fauteuil avec accoudoirs au design moderne avec assise et dossier en similicuir noir. Tant pour ses d\u00e9tails en bois plaqu\u00e9 noyer naturel que pour ses pieds en acier inoxydable noir, ce fauteuil est la combinaison parfaite entre design et confort.\" \/>\n<meta property=\"og:url\" content=\"https:\/\/universdulit.fr\/index.php\/produit\/fauteuil-en-similicuir-noir-et-noyer\/\" \/>\n<meta property=\"og:site_name\" content=\"L&#039;UNIVERS DU LIT\" \/>\n<meta property=\"article:modified_time\" content=\"2025-06-30T15:26:22+00:00\" \/>\n<meta property=\"og:image\" content=\"http:\/\/universdulit.fr\/wp-content\/uploads\/2025\/06\/telechargement-95.jpeg\" \/>\n\t<meta property=\"og:image:width\" content=\"1920\" \/>\n\t<meta property=\"og:image:height\" content=\"1920\" \/>\n\t<meta property=\"og:image:type\" content=\"image\/jpeg\" \/>\n<meta name=\"twitter:card\" content=\"summary_large_image\" \/>\n<meta name=\"twitter:label1\" content=\"Est. reading time\" \/>\n\t<meta name=\"twitter:data1\" content=\"4 minutes\" \/>\n<script type=\"application\/ld+json\" class=\"yoast-schema-graph\">{\"@context\":\"https:\/\/schema.org\",\"@graph\":[{\"@type\":\"WebPage\",\"@id\":\"https:\/\/universdulit.fr\/index.php\/produit\/fauteuil-en-similicuir-noir-et-noyer\/\",\"url\":\"https:\/\/universdulit.fr\/index.php\/produit\/fauteuil-en-similicuir-noir-et-noyer\/\",\"name\":\"Fauteuil en similicuir noir et noyer - L&#039;UNIVERS DU LIT\",\"isPartOf\":{\"@id\":\"https:\/\/universdulit.fr\/#website\"},\"primaryImageOfPage\":{\"@id\":\"https:\/\/universdulit.fr\/index.php\/produit\/fauteuil-en-similicuir-noir-et-noyer\/#primaryimage\"},\"image\":{\"@id\":\"https:\/\/universdulit.fr\/index.php\/produit\/fauteuil-en-similicuir-noir-et-noyer\/#primaryimage\"},\"thumbnailUrl\":\"https:\/\/universdulit.fr\/wp-content\/uploads\/2025\/06\/telechargement-95.jpeg\",\"datePublished\":\"2025-06-30T15:22:17+00:00\",\"dateModified\":\"2025-06-30T15:26:22+00:00\",\"breadcrumb\":{\"@id\":\"https:\/\/universdulit.fr\/index.php\/produit\/fauteuil-en-similicuir-noir-et-noyer\/#breadcrumb\"},\"inLanguage\":\"en-US\",\"potentialAction\":[{\"@type\":\"ReadAction\",\"target\":[\"https:\/\/universdulit.fr\/index.php\/produit\/fauteuil-en-similicuir-noir-et-noyer\/\"]}]},{\"@type\":\"ImageObject\",\"inLanguage\":\"en-US\",\"@id\":\"https:\/\/universdulit.fr\/index.php\/produit\/fauteuil-en-similicuir-noir-et-noyer\/#primaryimage\",\"url\":\"https:\/\/universdulit.fr\/wp-content\/uploads\/2025\/06\/telechargement-95.jpeg\",\"contentUrl\":\"https:\/\/universdulit.fr\/wp-content\/uploads\/2025\/06\/telechargement-95.jpeg\",\"width\":1920,\"height\":1920},{\"@type\":\"BreadcrumbList\",\"@id\":\"https:\/\/universdulit.fr\/index.php\/produit\/fauteuil-en-similicuir-noir-et-noyer\/#breadcrumb\",\"itemListElement\":[{\"@type\":\"ListItem\",\"position\":1,\"name\":\"Accueil\",\"item\":\"https:\/\/universdulit.fr\/\"},{\"@type\":\"ListItem\",\"position\":2,\"name\":\"Produits\",\"item\":\"https:\/\/universdulit.fr\/index.php\/shop\/\"},{\"@type\":\"ListItem\",\"position\":3,\"name\":\"Fauteuil en similicuir noir et noyer\"}]},{\"@type\":\"WebSite\",\"@id\":\"https:\/\/universdulit.fr\/#website\",\"url\":\"https:\/\/universdulit.fr\/\",\"name\":\"L'UNIVERS DU LIT\",\"description\":\"Le meilleur de la literie\",\"publisher\":{\"@id\":\"https:\/\/universdulit.fr\/#organization\"},\"potentialAction\":[{\"@type\":\"SearchAction\",\"target\":{\"@type\":\"EntryPoint\",\"urlTemplate\":\"https:\/\/universdulit.fr\/?s={search_term_string}\"},\"query-input\":{\"@type\":\"PropertyValueSpecification\",\"valueRequired\":true,\"valueName\":\"search_term_string\"}}],\"inLanguage\":\"en-US\"},{\"@type\":\"Organization\",\"@id\":\"https:\/\/universdulit.fr\/#organization\",\"name\":\"L'UNIVERS DU LIT\",\"url\":\"https:\/\/universdulit.fr\/\",\"logo\":{\"@type\":\"ImageObject\",\"inLanguage\":\"en-US\",\"@id\":\"https:\/\/universdulit.fr\/#\/schema\/logo\/image\/\",\"url\":\"https:\/\/universdulit.fr\/wp-content\/uploads\/2025\/05\/cropped-cropped-Capture-decran-2025-05-09-a-18.46.35.png\",\"contentUrl\":\"https:\/\/universdulit.fr\/wp-content\/uploads\/2025\/05\/cropped-cropped-Capture-decran-2025-05-09-a-18.46.35.png\",\"width\":1298,\"height\":419,\"caption\":\"L'UNIVERS DU LIT\"},\"image\":{\"@id\":\"https:\/\/universdulit.fr\/#\/schema\/logo\/image\/\"}}]}<\/script>\n<!-- \/ Yoast SEO plugin. -->","yoast_head_json":{"title":"Fauteuil en similicuir noir et noyer - L&#039;UNIVERS DU LIT","robots":{"index":"index","follow":"follow","max-snippet":"max-snippet:-1","max-image-preview":"max-image-preview:large","max-video-preview":"max-video-preview:-1"},"canonical":"https:\/\/universdulit.fr\/index.php\/produit\/fauteuil-en-similicuir-noir-et-noyer\/","og_locale":"en_US","og_type":"article","og_title":"Fauteuil en similicuir noir et noyer - L&#039;UNIVERS DU LIT","og_description":"Fauteuil avec accoudoirs au design moderne avec assise et dossier en similicuir noir. Tant pour ses d\u00e9tails en bois plaqu\u00e9 noyer naturel que pour ses pieds en acier inoxydable noir, ce fauteuil est la combinaison parfaite entre design et confort.","og_url":"https:\/\/universdulit.fr\/index.php\/produit\/fauteuil-en-similicuir-noir-et-noyer\/","og_site_name":"L&#039;UNIVERS DU LIT","article_modified_time":"2025-06-30T15:26:22+00:00","og_image":[{"width":1920,"height":1920,"url":"http:\/\/universdulit.fr\/wp-content\/uploads\/2025\/06\/telechargement-95.jpeg","type":"image\/jpeg"}],"twitter_card":"summary_large_image","twitter_misc":{"Est. reading time":"4 minutes"},"schema":{"@context":"https:\/\/schema.org","@graph":[{"@type":"WebPage","@id":"https:\/\/universdulit.fr\/index.php\/produit\/fauteuil-en-similicuir-noir-et-noyer\/","url":"https:\/\/universdulit.fr\/index.php\/produit\/fauteuil-en-similicuir-noir-et-noyer\/","name":"Fauteuil en similicuir noir et noyer - L&#039;UNIVERS DU LIT","isPartOf":{"@id":"https:\/\/universdulit.fr\/#website"},"primaryImageOfPage":{"@id":"https:\/\/universdulit.fr\/index.php\/produit\/fauteuil-en-similicuir-noir-et-noyer\/#primaryimage"},"image":{"@id":"https:\/\/universdulit.fr\/index.php\/produit\/fauteuil-en-similicuir-noir-et-noyer\/#primaryimage"},"thumbnailUrl":"https:\/\/universdulit.fr\/wp-content\/uploads\/2025\/06\/telechargement-95.jpeg","datePublished":"2025-06-30T15:22:17+00:00","dateModified":"2025-06-30T15:26:22+00:00","breadcrumb":{"@id":"https:\/\/universdulit.fr\/index.php\/produit\/fauteuil-en-similicuir-noir-et-noyer\/#breadcrumb"},"inLanguage":"en-US","potentialAction":[{"@type":"ReadAction","target":["https:\/\/universdulit.fr\/index.php\/produit\/fauteuil-en-similicuir-noir-et-noyer\/"]}]},{"@type":"ImageObject","inLanguage":"en-US","@id":"https:\/\/universdulit.fr\/index.php\/produit\/fauteuil-en-similicuir-noir-et-noyer\/#primaryimage","url":"https:\/\/universdulit.fr\/wp-content\/uploads\/2025\/06\/telechargement-95.jpeg","contentUrl":"https:\/\/universdulit.fr\/wp-content\/uploads\/2025\/06\/telechargement-95.jpeg","width":1920,"height":1920},{"@type":"BreadcrumbList","@id":"https:\/\/universdulit.fr\/index.php\/produit\/fauteuil-en-similicuir-noir-et-noyer\/#breadcrumb","itemListElement":[{"@type":"ListItem","position":1,"name":"Accueil","item":"https:\/\/universdulit.fr\/"},{"@type":"ListItem","position":2,"name":"Produits","item":"https:\/\/universdulit.fr\/index.php\/shop\/"},{"@type":"ListItem","position":3,"name":"Fauteuil en similicuir noir et noyer"}]},{"@type":"WebSite","@id":"https:\/\/universdulit.fr\/#website","url":"https:\/\/universdulit.fr\/","name":"L'UNIVERS DU LIT","description":"Le meilleur de la literie","publisher":{"@id":"https:\/\/universdulit.fr\/#organization"},"potentialAction":[{"@type":"SearchAction","target":{"@type":"EntryPoint","urlTemplate":"https:\/\/universdulit.fr\/?s={search_term_string}"},"query-input":{"@type":"PropertyValueSpecification","valueRequired":true,"valueName":"search_term_string"}}],"inLanguage":"en-US"},{"@type":"Organization","@id":"https:\/\/universdulit.fr\/#organization","name":"L'UNIVERS DU LIT","url":"https:\/\/universdulit.fr\/","logo":{"@type":"ImageObject","inLanguage":"en-US","@id":"https:\/\/universdulit.fr\/#\/schema\/logo\/image\/","url":"https:\/\/universdulit.fr\/wp-content\/uploads\/2025\/05\/cropped-cropped-Capture-decran-2025-05-09-a-18.46.35.png","contentUrl":"https:\/\/universdulit.fr\/wp-content\/uploads\/2025\/05\/cropped-cropped-Capture-decran-2025-05-09-a-18.46.35.png","width":1298,"height":419,"caption":"L'UNIVERS DU LIT"},"image":{"@id":"https:\/\/universdulit.fr\/#\/schema\/logo\/image\/"}}]}},"_links":{"self":[{"href":"https:\/\/universdulit.fr\/index.php\/wp-json\/wp\/v2\/product\/2173","targetHints":{"allow":["GET"]}}],"collection":[{"href":"https:\/\/universdulit.fr\/index.php\/wp-json\/wp\/v2\/product"}],"about":[{"href":"https:\/\/universdulit.fr\/index.php\/wp-json\/wp\/v2\/types\/product"}],"wp:featuredmedia":[{"embeddable":true,"href":"https:\/\/universdulit.fr\/index.php\/wp-json\/wp\/v2\/media\/2176"}],"wp:attachment":[{"href":"https:\/\/universdulit.fr\/index.php\/wp-json\/wp\/v2\/media?parent=2173"}],"wp:term":[{"taxonomy":"product_brand","embeddable":true,"href":"https:\/\/universdulit.fr\/index.php\/wp-json\/wp\/v2\/product_brand?post=2173"},{"taxonomy":"product_cat","embeddable":true,"href":"https:\/\/universdulit.fr\/index.php\/wp-json\/wp\/v2\/product_cat?post=2173"},{"taxonomy":"product_tag","embeddable":true,"href":"https:\/\/universdulit.fr\/index.php\/wp-json\/wp\/v2\/product_tag?post=2173"}],"curies":[{"name":"wp","href":"https:\/\/api.w.org\/{rel}","templated":true}]}}