{"id":1719,"date":"2025-05-23T13:32:29","date_gmt":"2025-05-23T11:32:29","guid":{"rendered":"https:\/\/universdulit.fr\/?post_type=product&#038;p=1719"},"modified":"2025-06-01T18:13:47","modified_gmt":"2025-06-01T16:13:47","slug":"fauteuil-en-tissu-marron","status":"publish","type":"product","link":"https:\/\/universdulit.fr\/index.php\/produit\/fauteuil-en-tissu-marron\/","title":{"rendered":"Fauteuil en tissu marron"},"content":{"rendered":"<style>\n.accordion-container {\n  border-top: 1px solid #ddd;\n}\n.accordion-item {\n  border-bottom: 1px solid #ddd;\n}\n.accordion-header {\n  display: flex;\n  justify-content: space-between;\n  cursor: pointer;\n  padding: 12px 16px;\n  background-color: #f8f8f8;\n  font-weight: bold;\n  font-size: 16px;\n}\n.accordion-symbol {\n  font-size: 18px;\n}\n.accordion-content {\n  display: none;\n  padding: 16px;\n  background-color: #fff;\n  font-size: 14px;\n  line-height: 1.6;\n}\n.accordion-open .accordion-content {\n  display: block;\n}\n.accordion-open .accordion-symbol::before {\n  content: \"-\";\n}\n.accordion-symbol::before {\n  content: \"+\";\n}\n<\/style>\n<p><script>\ndocument.addEventListener(\"DOMContentLoaded\", function () {\n  document.querySelectorAll(\".accordion-header\").forEach(header => {\n    header.addEventListener(\"click\", () => {\n      const item = header.parentElement;\n      item.classList.toggle(\"accordion-open\");\n    });\n  });\n});\n<\/script><\/p>\n<div class=\"accordion-container\">\n<div class=\"accordion-item\">\n<div class=\"accordion-header\">\n      <span>Description du produit<\/span><br \/>\n      <span class=\"accordion-symbol\"><\/span>\n    <\/div>\n<div class=\"accordion-content\">\n<p>Fauteuil au design moderne dont l&#8217;assise et le dossier sont recouverts de tissu marron. Tant par son style que par ses pieds en acier peint en marron, ce fauteuil est la combinaison parfaite entre le design et le confort.<\/p>\n<p>Dimensions du produits: 82 x 84 x 76 cm.<\/p>\n<p>&#8211; Le rev\u00eatement en tissu de ce fauteuil apportera une touche unique et diff\u00e9rente, tout en \u00e9tant un \u00e9l\u00e9ment d\u00e9coratif parfait pour n&#8217;importe quel environnement.<\/p>\n<p>&#8211; Ses pieds robustes et lin\u00e9aires permettent de l&#8217;associer \u00e0 n&#8217;importe quel meuble de notre collection de mobilier design.<\/p>\n<p>&#8211; La taille de son assise et son rembourrage en mousse de polyur\u00e9thane de 25kg\/m3, ainsi que son dossier confortable vous permettront de profiter d&#8217;un maximum de confort, sans pour autant n\u00e9gliger le design le plus moderne.<\/p>\n<\/p><\/div>\n<\/p><\/div>\n<div class=\"accordion-item\">\n<div class=\"accordion-header\">\n      <span>Dimensions de l\u2019appareil<\/span><br \/>\n      <span class=\"accordion-symbol\"><\/span>\n    <\/div>\n<div class=\"accordion-content\">\n<ul>\n&#8211; Dimensions du produit:<\/p>\n<p>&#8211; Mesures: 82 x 84 x 76 cm.<\/p>\n<p>&#8211; Volume: 0,4 m3.<\/p>\n<p>&#8211; Poids unitaire net: 26 Kg.<\/p>\n<p>&#8211; Poids unitaire brut: 28 Kg.<\/p>\n<p>&#8211; Autres mesures:<\/p>\n<p>&#8211; Hauteur des pieds: 20 cm.<\/p>\n<p>&#8211; Hauteur de l&#8217;assise: 39 cm.<\/p>\n<p>&#8211; Dimensions de l&#8217;assise: 76 x 65 x 19 cm.<\/p>\n<p>&#8211; Dimensions de l&#8217;emballage:<\/p>\n<p>&#8211; Nombre de colis: 1<\/p>\n<p>&#8211; Mesure et poids des colis:<\/p>\n<p>Colis 1: 84 x 84 x 56 cm. \/ 28 Kg.\n      <\/ul>\n<\/p><\/div>\n<\/p><\/div>\n<div class=\"accordion-item\">\n<div class=\"accordion-header\">\n      <span>Sp\u00e9cifications<\/span><br \/>\n      <span class=\"accordion-symbol\"><\/span>\n    <\/div>\n<div class=\"accordion-content\">\n<ul>\n&#8211; Syst\u00e8me de pivotement: Non<\/p>\n<p>&#8211; Syst\u00e8me de relaxation: Non<\/p>\n<p>&#8211; Appui-t\u00eate: Non<\/p>\n<p>&#8211; Si\u00e8ge r\u00e9glable en hauteur: Non<\/p>\n<p>&#8211; Dossier inclinable: Non<\/p>\n<p>&#8211; Coussin suppl\u00e9mentaire inclus: Non<\/p>\n<p>&#8211; Poids maximum support\u00e9: 135 Kg.<\/p>\n<\/ul><\/div>\n<\/p><\/div>\n<div class=\"accordion-item\">\n<div class=\"accordion-header\">\n      <span>Mat\u00e9riaux<\/span><br \/>\n      <span class=\"accordion-symbol\"><\/span>\n    <\/div>\n<div class=\"accordion-content\">\n<ul>\n<li>&#8211; Rembourrage du si\u00e8ge: Tissu\n<p>&#8211; Rev\u00eatement du dossier: Tissu<\/p>\n<p>&#8211; Composition du rembourrage: 100% polyester<\/p>\n<p>&#8211; Mat\u00e9riau du rembourrage: Mousse de polyur\u00e9thane d&#8217;une densit\u00e9 de 25kg\/m3<\/p>\n<p>&#8211; Mat\u00e9riau du pied: Acier peint en brun\n      <\/ul>\n<\/p><\/div>\n<\/p><\/div>\n<div class=\"accordion-item\">\n<div class=\"accordion-header\">\n      <span>Entretien et garantie<\/span><br \/>\n      <span class=\"accordion-symbol\"><\/span>\n    <\/div>\n<div class=\"accordion-content\">\n<p><strong>Recommandations :<\/strong> Tous nos meubles sont livr\u00e9s avec des instructions de montage simples et pratiques. Tous nos meubles disposent du mat\u00e9riel n\u00e9cessaire, voire de l&#8217;outil n\u00e9cessaire si possible, pour le simple assemblage ou la finition du produit. Si vous avez des questions lors de l&#8217;assemblage de votre nouveau mobilier, veuillez nous contacter et nous r\u00e9pondrons \u00e0 toutes vos questions. \u00c9vitez d&#8217;utiliser des objets pointus ou des objets qui pourraient endommager l&#8217;int\u00e9rieur du produit lors du d\u00e9ballage. Conservez l&#8217;emballage d&#8217;origine pendant quelques jours en cas de retour ou de retour, ainsi que toute la documentation et les accessoires de montage que vous trouverez dans l&#8217;emballage.<\/p>\n<p><strong>Recommandations g\u00e9n\u00e9rales :<\/strong> Meubles \u00e0 usage domestique uniquement. Ne pas exposer aux intemp\u00e9ries. Ne pas placer \u00e0 proximit\u00e9 de sources de chaleur directe. Ne pas exposer \u00e0 la lumi\u00e8re directe du soleil. Ne pas utiliser de produits abrasifs tels que l&#8217;ac\u00e9tone, l&#8217;eau de Javel, les agents de blanchiment, les solvants, etc. Les \u00e9l\u00e9ments tranchants peuvent rayer la surface du produit.<\/p>\n<p><strong>Instructions d&#8217;entretien :<\/strong> Pour le nettoyage, utilisez uniquement un chiffon doux ou un papier absorbant l\u00e9g\u00e8rement imbib\u00e9 d&#8217;une solution savonneuse neutre. Pour enlever la poussi\u00e8re, utilisez de pr\u00e9f\u00e9rence des outils non abrasifs ou des outils qui ne rayent pas la surface. Nettoyez de pr\u00e9f\u00e9rence les tissus d&#8217;ameublement \u00e0 sec. Pour le nettoyage des rev\u00eatements en similicuir ou en cuir, n&#8217;utilisez pas de produits qui pourraient \u00eatre abrasifs pour le cuir. Hydratez p\u00e9riodiquement pour \u00e9viter le dess\u00e8chement et les fissures du cuir dues au passage du temps.<\/p>\n<p><strong>Garantie :<\/strong> Garantie de 3 ans. Garantie de remboursement de 14 jours \u00e0 compter de la r\u00e9ception de la commande. * (Voir les conditions g\u00e9n\u00e9rales)<\/p>\n<p><strong>Avertissements et s\u00e9curit\u00e9 :<\/strong> Trier et compter les pi\u00e8ces et les accessoires. Pr\u00e9voir un espace pour l&#8217;assemblage. Ne pas forcer les vis et les \u00e9l\u00e9ments de montage. Suivre pas \u00e0 pas les instructions de montage.<\/p>\n<p><strong>Conditions d&#8217;utilisation :<\/strong> Meubles \u00e0 usage domestique uniquement. Ne pas exposer aux intemp\u00e9ries. Ne pas placer \u00e0 proximit\u00e9 de sources de chaleur directe. Ne pas exposer \u00e0 la lumi\u00e8re directe du soleil. Ne pas utiliser de produits abrasifs.<\/p>\n<p><strong>Attention :<\/strong> Ne pas surcharger, ne pas ouvrir plus d\u2019un tiroir \u00e0 la fois, ne pas se suspendre, ne pas tra\u00eener le meuble charg\u00e9, etc.<\/p>\n<p><strong>\u00c9lectricit\u00e9 :<\/strong> Tenir hors de port\u00e9e des enfants. V\u00e9rifier c\u00e2bles\/prises. Utiliser uniquement les ampoules recommand\u00e9es. D\u00e9brancher pour nettoyage.<\/p>\n<\/p><\/div>\n<\/p><\/div>\n<\/div>\n","protected":false},"excerpt":{"rendered":"<p>Fauteuil au design moderne dont l&#8217;assise et le dossier sont recouverts de tissu marron. Tant par son style que par ses pieds en acier peint en marron, ce fauteuil est la combinaison parfaite entre le design et le confort.<\/p>\n","protected":false},"featured_media":1720,"template":"","meta":{"site-sidebar-layout":"default","site-content-layout":"","ast-site-content-layout":"default","site-content-style":"default","site-sidebar-style":"default","ast-global-header-display":"","ast-banner-title-visibility":"","ast-main-header-display":"","ast-hfb-above-header-display":"","ast-hfb-below-header-display":"","ast-hfb-mobile-header-display":"","site-post-title":"","ast-breadcrumbs-content":"","ast-featured-img":"","footer-sml-layout":"","theme-transparent-header-meta":"default","adv-header-id-meta":"","stick-header-meta":"","header-above-stick-meta":"","header-main-stick-meta":"","header-below-stick-meta":"","astra-migrate-meta-layouts":"set","ast-page-background-enabled":"default","ast-page-background-meta":{"desktop":{"background-color":"var(--ast-global-color-5)","background-image":"","background-repeat":"repeat","background-position":"center center","background-size":"auto","background-attachment":"scroll","background-type":"","background-media":"","overlay-type":"","overlay-color":"","overlay-opacity":"","overlay-gradient":""},"tablet":{"background-color":"","background-image":"","background-repeat":"repeat","background-position":"center center","background-size":"auto","background-attachment":"scroll","background-type":"","background-media":"","overlay-type":"","overlay-color":"","overlay-opacity":"","overlay-gradient":""},"mobile":{"background-color":"","background-image":"","background-repeat":"repeat","background-position":"center center","background-size":"auto","background-attachment":"scroll","background-type":"","background-media":"","overlay-type":"","overlay-color":"","overlay-opacity":"","overlay-gradient":""}},"ast-content-background-meta":{"desktop":{"background-color":"var(--ast-global-color-4)","background-image":"","background-repeat":"repeat","background-position":"center center","background-size":"auto","background-attachment":"scroll","background-type":"","background-media":"","overlay-type":"","overlay-color":"","overlay-opacity":"","overlay-gradient":""},"tablet":{"background-color":"var(--ast-global-color-4)","background-image":"","background-repeat":"repeat","background-position":"center center","background-size":"auto","background-attachment":"scroll","background-type":"","background-media":"","overlay-type":"","overlay-color":"","overlay-opacity":"","overlay-gradient":""},"mobile":{"background-color":"var(--ast-global-color-4)","background-image":"","background-repeat":"repeat","background-position":"center center","background-size":"auto","background-attachment":"scroll","background-type":"","background-media":"","overlay-type":"","overlay-color":"","overlay-opacity":"","overlay-gradient":""}}},"product_brand":[],"product_cat":[52],"product_tag":[],"class_list":{"0":"post-1719","1":"product","2":"type-product","3":"status-publish","4":"has-post-thumbnail","6":"product_cat-fauteuil","7":"desktop-align-left","8":"tablet-align-left","9":"mobile-align-left","11":"first","12":"instock","13":"shipping-taxable","14":"purchasable","15":"product-type-simple"},"yoast_head":"<!-- This site is optimized with the Yoast SEO plugin v25.9 - https:\/\/yoast.com\/wordpress\/plugins\/seo\/ -->\n<title>Fauteuil en tissu marron - L&#039;UNIVERS DU LIT<\/title>\n<meta name=\"robots\" content=\"index, follow, max-snippet:-1, max-image-preview:large, max-video-preview:-1\" \/>\n<link rel=\"canonical\" href=\"https:\/\/universdulit.fr\/index.php\/produit\/fauteuil-en-tissu-marron\/\" \/>\n<meta property=\"og:locale\" content=\"en_US\" \/>\n<meta property=\"og:type\" content=\"article\" \/>\n<meta property=\"og:title\" content=\"Fauteuil en tissu marron - L&#039;UNIVERS DU LIT\" \/>\n<meta property=\"og:description\" content=\"Fauteuil au design moderne dont l&#039;assise et le dossier sont recouverts de tissu marron. Tant par son style que par ses pieds en acier peint en marron, ce fauteuil est la combinaison parfaite entre le design et le confort.\" \/>\n<meta property=\"og:url\" content=\"https:\/\/universdulit.fr\/index.php\/produit\/fauteuil-en-tissu-marron\/\" \/>\n<meta property=\"og:site_name\" content=\"L&#039;UNIVERS DU LIT\" \/>\n<meta property=\"article:modified_time\" content=\"2025-06-01T16:13:47+00:00\" \/>\n<meta property=\"og:image\" content=\"http:\/\/universdulit.fr\/wp-content\/uploads\/2025\/05\/telechargement-11.jpeg\" \/>\n\t<meta property=\"og:image:width\" content=\"1920\" \/>\n\t<meta property=\"og:image:height\" content=\"1920\" \/>\n\t<meta property=\"og:image:type\" content=\"image\/jpeg\" \/>\n<meta name=\"twitter:card\" content=\"summary_large_image\" \/>\n<meta name=\"twitter:label1\" content=\"Est. reading time\" \/>\n\t<meta name=\"twitter:data1\" content=\"4 minutes\" \/>\n<script type=\"application\/ld+json\" class=\"yoast-schema-graph\">{\"@context\":\"https:\/\/schema.org\",\"@graph\":[{\"@type\":\"WebPage\",\"@id\":\"https:\/\/universdulit.fr\/index.php\/produit\/fauteuil-en-tissu-marron\/\",\"url\":\"https:\/\/universdulit.fr\/index.php\/produit\/fauteuil-en-tissu-marron\/\",\"name\":\"Fauteuil en tissu marron - L&#039;UNIVERS DU LIT\",\"isPartOf\":{\"@id\":\"https:\/\/universdulit.fr\/#website\"},\"primaryImageOfPage\":{\"@id\":\"https:\/\/universdulit.fr\/index.php\/produit\/fauteuil-en-tissu-marron\/#primaryimage\"},\"image\":{\"@id\":\"https:\/\/universdulit.fr\/index.php\/produit\/fauteuil-en-tissu-marron\/#primaryimage\"},\"thumbnailUrl\":\"https:\/\/universdulit.fr\/wp-content\/uploads\/2025\/05\/telechargement-11.jpeg\",\"datePublished\":\"2025-05-23T11:32:29+00:00\",\"dateModified\":\"2025-06-01T16:13:47+00:00\",\"breadcrumb\":{\"@id\":\"https:\/\/universdulit.fr\/index.php\/produit\/fauteuil-en-tissu-marron\/#breadcrumb\"},\"inLanguage\":\"en-US\",\"potentialAction\":[{\"@type\":\"ReadAction\",\"target\":[\"https:\/\/universdulit.fr\/index.php\/produit\/fauteuil-en-tissu-marron\/\"]}]},{\"@type\":\"ImageObject\",\"inLanguage\":\"en-US\",\"@id\":\"https:\/\/universdulit.fr\/index.php\/produit\/fauteuil-en-tissu-marron\/#primaryimage\",\"url\":\"https:\/\/universdulit.fr\/wp-content\/uploads\/2025\/05\/telechargement-11.jpeg\",\"contentUrl\":\"https:\/\/universdulit.fr\/wp-content\/uploads\/2025\/05\/telechargement-11.jpeg\",\"width\":1920,\"height\":1920},{\"@type\":\"BreadcrumbList\",\"@id\":\"https:\/\/universdulit.fr\/index.php\/produit\/fauteuil-en-tissu-marron\/#breadcrumb\",\"itemListElement\":[{\"@type\":\"ListItem\",\"position\":1,\"name\":\"Accueil\",\"item\":\"https:\/\/universdulit.fr\/\"},{\"@type\":\"ListItem\",\"position\":2,\"name\":\"Produits\",\"item\":\"https:\/\/universdulit.fr\/index.php\/shop\/\"},{\"@type\":\"ListItem\",\"position\":3,\"name\":\"Fauteuil en tissu marron\"}]},{\"@type\":\"WebSite\",\"@id\":\"https:\/\/universdulit.fr\/#website\",\"url\":\"https:\/\/universdulit.fr\/\",\"name\":\"L'UNIVERS DU LIT\",\"description\":\"Le meilleur de la literie\",\"publisher\":{\"@id\":\"https:\/\/universdulit.fr\/#organization\"},\"potentialAction\":[{\"@type\":\"SearchAction\",\"target\":{\"@type\":\"EntryPoint\",\"urlTemplate\":\"https:\/\/universdulit.fr\/?s={search_term_string}\"},\"query-input\":{\"@type\":\"PropertyValueSpecification\",\"valueRequired\":true,\"valueName\":\"search_term_string\"}}],\"inLanguage\":\"en-US\"},{\"@type\":\"Organization\",\"@id\":\"https:\/\/universdulit.fr\/#organization\",\"name\":\"L'UNIVERS DU LIT\",\"url\":\"https:\/\/universdulit.fr\/\",\"logo\":{\"@type\":\"ImageObject\",\"inLanguage\":\"en-US\",\"@id\":\"https:\/\/universdulit.fr\/#\/schema\/logo\/image\/\",\"url\":\"https:\/\/universdulit.fr\/wp-content\/uploads\/2025\/05\/cropped-cropped-Capture-decran-2025-05-09-a-18.46.35.png\",\"contentUrl\":\"https:\/\/universdulit.fr\/wp-content\/uploads\/2025\/05\/cropped-cropped-Capture-decran-2025-05-09-a-18.46.35.png\",\"width\":1298,\"height\":419,\"caption\":\"L'UNIVERS DU LIT\"},\"image\":{\"@id\":\"https:\/\/universdulit.fr\/#\/schema\/logo\/image\/\"}}]}<\/script>\n<!-- \/ Yoast SEO plugin. -->","yoast_head_json":{"title":"Fauteuil en tissu marron - L&#039;UNIVERS DU LIT","robots":{"index":"index","follow":"follow","max-snippet":"max-snippet:-1","max-image-preview":"max-image-preview:large","max-video-preview":"max-video-preview:-1"},"canonical":"https:\/\/universdulit.fr\/index.php\/produit\/fauteuil-en-tissu-marron\/","og_locale":"en_US","og_type":"article","og_title":"Fauteuil en tissu marron - L&#039;UNIVERS DU LIT","og_description":"Fauteuil au design moderne dont l'assise et le dossier sont recouverts de tissu marron. Tant par son style que par ses pieds en acier peint en marron, ce fauteuil est la combinaison parfaite entre le design et le confort.","og_url":"https:\/\/universdulit.fr\/index.php\/produit\/fauteuil-en-tissu-marron\/","og_site_name":"L&#039;UNIVERS DU LIT","article_modified_time":"2025-06-01T16:13:47+00:00","og_image":[{"width":1920,"height":1920,"url":"http:\/\/universdulit.fr\/wp-content\/uploads\/2025\/05\/telechargement-11.jpeg","type":"image\/jpeg"}],"twitter_card":"summary_large_image","twitter_misc":{"Est. reading time":"4 minutes"},"schema":{"@context":"https:\/\/schema.org","@graph":[{"@type":"WebPage","@id":"https:\/\/universdulit.fr\/index.php\/produit\/fauteuil-en-tissu-marron\/","url":"https:\/\/universdulit.fr\/index.php\/produit\/fauteuil-en-tissu-marron\/","name":"Fauteuil en tissu marron - L&#039;UNIVERS DU LIT","isPartOf":{"@id":"https:\/\/universdulit.fr\/#website"},"primaryImageOfPage":{"@id":"https:\/\/universdulit.fr\/index.php\/produit\/fauteuil-en-tissu-marron\/#primaryimage"},"image":{"@id":"https:\/\/universdulit.fr\/index.php\/produit\/fauteuil-en-tissu-marron\/#primaryimage"},"thumbnailUrl":"https:\/\/universdulit.fr\/wp-content\/uploads\/2025\/05\/telechargement-11.jpeg","datePublished":"2025-05-23T11:32:29+00:00","dateModified":"2025-06-01T16:13:47+00:00","breadcrumb":{"@id":"https:\/\/universdulit.fr\/index.php\/produit\/fauteuil-en-tissu-marron\/#breadcrumb"},"inLanguage":"en-US","potentialAction":[{"@type":"ReadAction","target":["https:\/\/universdulit.fr\/index.php\/produit\/fauteuil-en-tissu-marron\/"]}]},{"@type":"ImageObject","inLanguage":"en-US","@id":"https:\/\/universdulit.fr\/index.php\/produit\/fauteuil-en-tissu-marron\/#primaryimage","url":"https:\/\/universdulit.fr\/wp-content\/uploads\/2025\/05\/telechargement-11.jpeg","contentUrl":"https:\/\/universdulit.fr\/wp-content\/uploads\/2025\/05\/telechargement-11.jpeg","width":1920,"height":1920},{"@type":"BreadcrumbList","@id":"https:\/\/universdulit.fr\/index.php\/produit\/fauteuil-en-tissu-marron\/#breadcrumb","itemListElement":[{"@type":"ListItem","position":1,"name":"Accueil","item":"https:\/\/universdulit.fr\/"},{"@type":"ListItem","position":2,"name":"Produits","item":"https:\/\/universdulit.fr\/index.php\/shop\/"},{"@type":"ListItem","position":3,"name":"Fauteuil en tissu marron"}]},{"@type":"WebSite","@id":"https:\/\/universdulit.fr\/#website","url":"https:\/\/universdulit.fr\/","name":"L'UNIVERS DU LIT","description":"Le meilleur de la literie","publisher":{"@id":"https:\/\/universdulit.fr\/#organization"},"potentialAction":[{"@type":"SearchAction","target":{"@type":"EntryPoint","urlTemplate":"https:\/\/universdulit.fr\/?s={search_term_string}"},"query-input":{"@type":"PropertyValueSpecification","valueRequired":true,"valueName":"search_term_string"}}],"inLanguage":"en-US"},{"@type":"Organization","@id":"https:\/\/universdulit.fr\/#organization","name":"L'UNIVERS DU LIT","url":"https:\/\/universdulit.fr\/","logo":{"@type":"ImageObject","inLanguage":"en-US","@id":"https:\/\/universdulit.fr\/#\/schema\/logo\/image\/","url":"https:\/\/universdulit.fr\/wp-content\/uploads\/2025\/05\/cropped-cropped-Capture-decran-2025-05-09-a-18.46.35.png","contentUrl":"https:\/\/universdulit.fr\/wp-content\/uploads\/2025\/05\/cropped-cropped-Capture-decran-2025-05-09-a-18.46.35.png","width":1298,"height":419,"caption":"L'UNIVERS DU LIT"},"image":{"@id":"https:\/\/universdulit.fr\/#\/schema\/logo\/image\/"}}]}},"_links":{"self":[{"href":"https:\/\/universdulit.fr\/index.php\/wp-json\/wp\/v2\/product\/1719","targetHints":{"allow":["GET"]}}],"collection":[{"href":"https:\/\/universdulit.fr\/index.php\/wp-json\/wp\/v2\/product"}],"about":[{"href":"https:\/\/universdulit.fr\/index.php\/wp-json\/wp\/v2\/types\/product"}],"wp:featuredmedia":[{"embeddable":true,"href":"https:\/\/universdulit.fr\/index.php\/wp-json\/wp\/v2\/media\/1720"}],"wp:attachment":[{"href":"https:\/\/universdulit.fr\/index.php\/wp-json\/wp\/v2\/media?parent=1719"}],"wp:term":[{"taxonomy":"product_brand","embeddable":true,"href":"https:\/\/universdulit.fr\/index.php\/wp-json\/wp\/v2\/product_brand?post=1719"},{"taxonomy":"product_cat","embeddable":true,"href":"https:\/\/universdulit.fr\/index.php\/wp-json\/wp\/v2\/product_cat?post=1719"},{"taxonomy":"product_tag","embeddable":true,"href":"https:\/\/universdulit.fr\/index.php\/wp-json\/wp\/v2\/product_tag?post=1719"}],"curies":[{"name":"wp","href":"https:\/\/api.w.org\/{rel}","templated":true}]}}