{"id":1679,"date":"2025-05-20T17:15:14","date_gmt":"2025-05-20T15:15:14","guid":{"rendered":"https:\/\/universdulit.fr\/?post_type=product&#038;p=1679"},"modified":"2025-06-01T18:18:01","modified_gmt":"2025-06-01T16:18:01","slug":"table-de-nuit-en-bois-gris-fonce-mat-acier-noir-et-plateau-en-noyer","status":"publish","type":"product","link":"https:\/\/universdulit.fr\/index.php\/produit\/table-de-nuit-en-bois-gris-fonce-mat-acier-noir-et-plateau-en-noyer\/","title":{"rendered":"TABLE DE NUIT EN BOIS GRIS FONC\u00c9 MAT, ACIER NOIR ET PLATEAU EN NOYER"},"content":{"rendered":"<style>\n.accordion-container {\n  border-top: 1px solid #ddd;\n}\n.accordion-item {\n  border-bottom: 1px solid #ddd;\n}\n.accordion-header {\n  display: flex;\n  justify-content: space-between;\n  cursor: pointer;\n  padding: 12px 16px;\n  background-color: #f8f8f8;\n  font-weight: bold;\n  font-size: 16px;\n}\n.accordion-symbol {\n  font-size: 18px;\n}\n.accordion-content {\n  display: none;\n  padding: 16px;\n  background-color: #fff;\n  font-size: 14px;\n  line-height: 1.6;\n}\n.accordion-open .accordion-content {\n  display: block;\n}\n.accordion-open .accordion-symbol::before {\n  content: \"-\";\n}\n.accordion-symbol::before {\n  content: \"+\";\n}\n<\/style>\n<p><script>\ndocument.addEventListener(\"DOMContentLoaded\", function () {\n  document.querySelectorAll(\".accordion-header\").forEach(header => {\n    header.addEventListener(\"click\", () => {\n      const item = header.parentElement;\n      item.classList.toggle(\"accordion-open\");\n    });\n  });\n});\n<\/script><\/p>\n<div class=\"accordion-container\">\n<p>  <!-- Description --><\/p>\n<div class=\"accordion-item\">\n<div class=\"accordion-header\">\n      <span>Description du produit<\/span><br \/>\n      <span class=\"accordion-symbol\"><\/span>\n    <\/div>\n<div class=\"accordion-content\">\n<p>Table de nuit au design moderne avec structure en bois MDF gris fonc\u00e9 en finition mate et pieds originaux en acier inoxydable noir. Gr\u00e2ce \u00e0 son \u00e9l\u00e9gant plateau en bois plaqu\u00e9 noyer naturel, vous obtiendrez l&#8217;aspect sophistiqu\u00e9 que vous recherchez dans vos pi\u00e8ces. Ses d\u00e9tails originaux en acier inoxydable poli de couleur or ajoutent la touche parfaite de style \u00e0 votre salon.<\/p>\n<p>Il dispose d&#8217;un grand espace de rangement avec 1 tiroir dot\u00e9 d&#8217;un syst\u00e8me d&#8217;ouverture et de fermeture push and pull.<\/p>\n<p>Product measurements: 60 x 45 x 50 cm.<\/p>\n<ul>\n<li>Gr\u00e2ce \u00e0 sa finition laqu\u00e9e, cette table de chevet est id\u00e9ale pour cr\u00e9er une ambiance avec du caract\u00e8re et de la personnalit\u00e9, sans n\u00e9gliger la partie plus fonctionnelle et pratique pour un usage quotidien.<\/li>\n<li>Fid\u00e8le aux derni\u00e8res tendances en mati\u00e8re de d\u00e9coration, gr\u00e2ce \u00e0 ses pieds en acier noir, vous obtiendrez une ambiance avec du caract\u00e8re, de la personnalit\u00e9 et un design moderne.<\/li>\n<li>Polyvalent et fonctionnel, son design lui permet de s&#8217;int\u00e9grer dans tous les environnements, ce qui en fait un \u00e9l\u00e9ment cl\u00e9 de la d\u00e9coration de votre int\u00e9rieur.<\/li>\n<li>Ses dimensions et son espace de rangement en font un meuble id\u00e9al pour ranger tout ce qui est \u00e0 sa place.<\/li>\n<li>Le bois MDF laqu\u00e9 gris de son tiroir apporte la touche de couleur parfaite \u00e0 ce meuble d&#8217;appoint.<\/li>\n<\/ul>\n<p>Vous \u00eates \u00e0 la recherche d&#8217;un meuble design pour votre chambre \u00e0 coucher ? Si vous avez besoin de meubles pratiques et de haute qualit\u00e9 pour meubler votre espace de sommeil, vous trouverez dans notre catalogue la meilleure s\u00e9lection de tables de chevet, de commodes, de chiffonniers ou de tables de nuit avec lesquels vous pourrez ajouter une touche unique, diff\u00e9rente et originale \u00e0 votre maison. Avec diff\u00e9rentes finitions et formes, nos meubles de chambre sont parfaits pour avoir plus d&#8217;espace de rangement, tout en d\u00e9corant votre maison avec des pi\u00e8ces fabriqu\u00e9es avec des mat\u00e9riaux nobles de la plus haute qualit\u00e9.<\/p>\n<\/p><\/div>\n<\/p><\/div>\n<p>  <!-- Dimensions --><\/p>\n<div class=\"accordion-item\">\n<div class=\"accordion-header\">\n      <span>Dimensions de l\u2019appareil<\/span><br \/>\n      <span class=\"accordion-symbol\"><\/span>\n    <\/div>\n<div class=\"accordion-content\">\n<ul>\n<li>Dimensions du produit: 60 x 45 x 50 cm<\/li>\n<li>Volume: 0,29 m3<\/li>\n<li>Poids unitaire net: 23 Kg<\/li>\n<li>Poids unitaire brut: 27 Kg<\/li>\n<li>\u00c9paisseur de la couverture: 2 cm<\/li>\n<li>Hauteur des pieds: 23 cm<\/li>\n<li>Dimensions des tiroirs: Tiroir 1: 46 x 33 x 15 cm<\/li>\n<li>Nombre de colis: 2<\/li>\n<li>Colis 1: 70 x 56 x 36 cm \/ 22 Kg<\/li>\n<li>Colis 2: 66 x 52 x 32 cm \/ 5 Kg<\/li>\n<\/ul><\/div>\n<\/p><\/div>\n<p>  <!-- Sp\u00e9cifications --><\/p>\n<div class=\"accordion-item\">\n<div class=\"accordion-header\">\n      <span>Sp\u00e9cifications<\/span><br \/>\n      <span class=\"accordion-symbol\"><\/span>\n    <\/div>\n<div class=\"accordion-content\">\n<ul>\n<li>Forme: Rectangulaire<\/li>\n<li>Type de profil: Profil de plateau biseaut\u00e9<\/li>\n<li>Dos fini: Non<\/li>\n<li>Espace de rangement inclus: Oui<\/li>\n<li>Tiroirs inclus: Oui, 1<\/li>\n<li>Syst\u00e8me d&#8217;ouverture et fermeture: Pousser et tirer<\/li>\n<li>M\u00e9canisme des coulisses: M\u00e9tal extractible<\/li>\n<li>Portes, \u00e9tag\u00e8res, niches, \u00e9clairage, roues: Non<\/li>\n<\/ul><\/div>\n<\/p><\/div>\n<p>  <!-- Mat\u00e9riaux --><\/p>\n<div class=\"accordion-item\">\n<div class=\"accordion-header\">\n      <span>Mat\u00e9riaux<\/span><br \/>\n      <span class=\"accordion-symbol\"><\/span>\n    <\/div>\n<div class=\"accordion-content\">\n<ul>\n<li>Mat\u00e9riau de couverture: Bois plaqu\u00e9 noyer naturel de 0,5 mm<\/li>\n<li>Mat\u00e9riau du cadre et des finitions: Bois MDF gris fonc\u00e9 en finition mate<\/li>\n<li>Mat\u00e9riau des pieds: Acier inoxydable noir<\/li>\n<li>Mat\u00e9riau des d\u00e9tails: Acier inoxydable poli de couleur or<\/li>\n<li>Int\u00e9rieur des tiroirs: Bois plaqu\u00e9 noyer naturel<\/li>\n<\/ul><\/div>\n<\/p><\/div>\n<p>  <!-- Entretien et garantie --><\/p>\n<div class=\"accordion-item\">\n<div class=\"accordion-header\">\n      <span>Entretien et garantie<\/span><br \/>\n      <span class=\"accordion-symbol\"><\/span>\n    <\/div>\n<div class=\"accordion-content\">\n<p><strong>Recommandations :<\/strong><br \/>\n      Tous nos meubles sont livr\u00e9s avec des instructions de montage simples et pratiques. Ils disposent du mat\u00e9riel n\u00e9cessaire, voire de l\u2019outil si possible. \u00c9vitez les objets pointus au d\u00e9ballage. Conservez l\u2019emballage d\u2019origine et tous les accessoires pendant quelques jours.<\/p>\n<p><strong>Recommandations g\u00e9n\u00e9rales :<\/strong><br \/>\n      Meubles \u00e0 usage domestique uniquement. Ne pas exposer aux intemp\u00e9ries, sources de chaleur directe ou lumi\u00e8re directe du soleil. Ne pas utiliser de produits abrasifs comme l&#8217;ac\u00e9tone, l&#8217;eau de Javel, solvants, etc.<\/p>\n<p><strong>Instructions d&#8217;entretien :<\/strong><br \/>\n      Nettoyez avec un chiffon doux l\u00e9g\u00e8rement savonneux. \u00c9vitez les outils abrasifs. Nettoyez les tissus \u00e0 sec. Pour les rev\u00eatements en similicuir ou cuir, \u00e9vitez les produits agressifs. Hydratez p\u00e9riodiquement.<\/p>\n<p><strong>Garantie :<\/strong><br \/>\n      Garantie de 3 ans. Droit de r\u00e9tractation de 14 jours apr\u00e8s r\u00e9ception.<\/p>\n<p><strong>Avertissements :<\/strong><br \/>\n      Ne surchargez pas les meubles. Placez les objets lourds en bas. Ne pas grimper ou s&#8217;accrocher aux tiroirs. Ne pas tra\u00eener les meubles charg\u00e9s.<\/p>\n<p><strong>\u00c9l\u00e9ments \u00e9lectriques :<\/strong><br \/>\n      Tenez hors de port\u00e9e des enfants. \u00c9vitez la surchauffe, ne couvrez pas les ouvertures. D\u00e9branchez pour le nettoyage. Utilisez des ampoules compatibles.<\/p>\n<\/p><\/div>\n<\/p><\/div>\n<\/div>\n","protected":false},"excerpt":{"rendered":"<p>Table de nuit au design moderne avec structure en bois MDF gris fonc\u00e9 en finition mate et pieds originaux en acier inoxydable noir. Gr\u00e2ce \u00e0 son \u00e9l\u00e9gant plateau en bois plaqu\u00e9 noyer naturel, vous obtiendrez l&#8217;aspect sophistiqu\u00e9 que vous recherchez dans vos pi\u00e8ces. Ses d\u00e9tails originaux en acier inoxydable poli de couleur or ajoutent la touche parfaite de style \u00e0 votre salon. Il dispose d&#8217;un grand espace de rangement avec 1 tiroir dot\u00e9 d&#8217;un syst\u00e8me d&#8217;ouverture et de fermeture push and pull.<\/p>\n","protected":false},"featured_media":1680,"template":"","meta":{"site-sidebar-layout":"default","site-content-layout":"","ast-site-content-layout":"default","site-content-style":"default","site-sidebar-style":"default","ast-global-header-display":"","ast-banner-title-visibility":"","ast-main-header-display":"","ast-hfb-above-header-display":"","ast-hfb-below-header-display":"","ast-hfb-mobile-header-display":"","site-post-title":"","ast-breadcrumbs-content":"","ast-featured-img":"","footer-sml-layout":"","theme-transparent-header-meta":"default","adv-header-id-meta":"","stick-header-meta":"","header-above-stick-meta":"","header-main-stick-meta":"","header-below-stick-meta":"","astra-migrate-meta-layouts":"set","ast-page-background-enabled":"default","ast-page-background-meta":{"desktop":{"background-color":"var(--ast-global-color-5)","background-image":"","background-repeat":"repeat","background-position":"center center","background-size":"auto","background-attachment":"scroll","background-type":"","background-media":"","overlay-type":"","overlay-color":"","overlay-opacity":"","overlay-gradient":""},"tablet":{"background-color":"","background-image":"","background-repeat":"repeat","background-position":"center center","background-size":"auto","background-attachment":"scroll","background-type":"","background-media":"","overlay-type":"","overlay-color":"","overlay-opacity":"","overlay-gradient":""},"mobile":{"background-color":"","background-image":"","background-repeat":"repeat","background-position":"center center","background-size":"auto","background-attachment":"scroll","background-type":"","background-media":"","overlay-type":"","overlay-color":"","overlay-opacity":"","overlay-gradient":""}},"ast-content-background-meta":{"desktop":{"background-color":"var(--ast-global-color-4)","background-image":"","background-repeat":"repeat","background-position":"center center","background-size":"auto","background-attachment":"scroll","background-type":"","background-media":"","overlay-type":"","overlay-color":"","overlay-opacity":"","overlay-gradient":""},"tablet":{"background-color":"var(--ast-global-color-4)","background-image":"","background-repeat":"repeat","background-position":"center center","background-size":"auto","background-attachment":"scroll","background-type":"","background-media":"","overlay-type":"","overlay-color":"","overlay-opacity":"","overlay-gradient":""},"mobile":{"background-color":"var(--ast-global-color-4)","background-image":"","background-repeat":"repeat","background-position":"center center","background-size":"auto","background-attachment":"scroll","background-type":"","background-media":"","overlay-type":"","overlay-color":"","overlay-opacity":"","overlay-gradient":""}}},"product_brand":[],"product_cat":[50],"product_tag":[],"class_list":{"0":"post-1679","1":"product","2":"type-product","3":"status-publish","4":"has-post-thumbnail","6":"product_cat-table-de-chevet","7":"desktop-align-left","8":"tablet-align-left","9":"mobile-align-left","11":"first","12":"instock","13":"shipping-taxable","14":"purchasable","15":"product-type-simple"},"yoast_head":"<!-- This site is optimized with the Yoast SEO plugin v25.9 - https:\/\/yoast.com\/wordpress\/plugins\/seo\/ -->\n<title>TABLE DE NUIT EN BOIS GRIS FONC\u00c9 MAT, ACIER NOIR ET PLATEAU EN NOYER - L&#039;UNIVERS DU LIT<\/title>\n<meta name=\"robots\" content=\"index, follow, max-snippet:-1, max-image-preview:large, max-video-preview:-1\" \/>\n<link rel=\"canonical\" href=\"https:\/\/universdulit.fr\/index.php\/produit\/table-de-nuit-en-bois-gris-fonce-mat-acier-noir-et-plateau-en-noyer\/\" \/>\n<meta property=\"og:locale\" content=\"en_US\" \/>\n<meta property=\"og:type\" content=\"article\" \/>\n<meta property=\"og:title\" content=\"TABLE DE NUIT EN BOIS GRIS FONC\u00c9 MAT, ACIER NOIR ET PLATEAU EN NOYER - L&#039;UNIVERS DU LIT\" \/>\n<meta property=\"og:description\" content=\"Table de nuit au design moderne avec structure en bois MDF gris fonc\u00e9 en finition mate et pieds originaux en acier inoxydable noir. Gr\u00e2ce \u00e0 son \u00e9l\u00e9gant plateau en bois plaqu\u00e9 noyer naturel, vous obtiendrez l&#039;aspect sophistiqu\u00e9 que vous recherchez dans vos pi\u00e8ces. Ses d\u00e9tails originaux en acier inoxydable poli de couleur or ajoutent la touche parfaite de style \u00e0 votre salon. Il dispose d&#039;un grand espace de rangement avec 1 tiroir dot\u00e9 d&#039;un syst\u00e8me d&#039;ouverture et de fermeture push and pull.\" \/>\n<meta property=\"og:url\" content=\"https:\/\/universdulit.fr\/index.php\/produit\/table-de-nuit-en-bois-gris-fonce-mat-acier-noir-et-plateau-en-noyer\/\" \/>\n<meta property=\"og:site_name\" content=\"L&#039;UNIVERS DU LIT\" \/>\n<meta property=\"article:modified_time\" content=\"2025-06-01T16:18:01+00:00\" \/>\n<meta property=\"og:image\" content=\"http:\/\/universdulit.fr\/wp-content\/uploads\/2025\/05\/GRIS-FONCE.jpeg\" \/>\n\t<meta property=\"og:image:width\" content=\"1920\" \/>\n\t<meta property=\"og:image:height\" content=\"1920\" \/>\n\t<meta property=\"og:image:type\" content=\"image\/jpeg\" \/>\n<meta name=\"twitter:card\" content=\"summary_large_image\" \/>\n<meta name=\"twitter:label1\" content=\"Est. reading time\" \/>\n\t<meta name=\"twitter:data1\" content=\"4 minutes\" \/>\n<script type=\"application\/ld+json\" class=\"yoast-schema-graph\">{\"@context\":\"https:\/\/schema.org\",\"@graph\":[{\"@type\":\"WebPage\",\"@id\":\"https:\/\/universdulit.fr\/index.php\/produit\/table-de-nuit-en-bois-gris-fonce-mat-acier-noir-et-plateau-en-noyer\/\",\"url\":\"https:\/\/universdulit.fr\/index.php\/produit\/table-de-nuit-en-bois-gris-fonce-mat-acier-noir-et-plateau-en-noyer\/\",\"name\":\"TABLE DE NUIT EN BOIS GRIS FONC\u00c9 MAT, ACIER NOIR ET PLATEAU EN NOYER - L&#039;UNIVERS DU LIT\",\"isPartOf\":{\"@id\":\"https:\/\/universdulit.fr\/#website\"},\"primaryImageOfPage\":{\"@id\":\"https:\/\/universdulit.fr\/index.php\/produit\/table-de-nuit-en-bois-gris-fonce-mat-acier-noir-et-plateau-en-noyer\/#primaryimage\"},\"image\":{\"@id\":\"https:\/\/universdulit.fr\/index.php\/produit\/table-de-nuit-en-bois-gris-fonce-mat-acier-noir-et-plateau-en-noyer\/#primaryimage\"},\"thumbnailUrl\":\"https:\/\/universdulit.fr\/wp-content\/uploads\/2025\/05\/GRIS-FONCE.jpeg\",\"datePublished\":\"2025-05-20T15:15:14+00:00\",\"dateModified\":\"2025-06-01T16:18:01+00:00\",\"breadcrumb\":{\"@id\":\"https:\/\/universdulit.fr\/index.php\/produit\/table-de-nuit-en-bois-gris-fonce-mat-acier-noir-et-plateau-en-noyer\/#breadcrumb\"},\"inLanguage\":\"en-US\",\"potentialAction\":[{\"@type\":\"ReadAction\",\"target\":[\"https:\/\/universdulit.fr\/index.php\/produit\/table-de-nuit-en-bois-gris-fonce-mat-acier-noir-et-plateau-en-noyer\/\"]}]},{\"@type\":\"ImageObject\",\"inLanguage\":\"en-US\",\"@id\":\"https:\/\/universdulit.fr\/index.php\/produit\/table-de-nuit-en-bois-gris-fonce-mat-acier-noir-et-plateau-en-noyer\/#primaryimage\",\"url\":\"https:\/\/universdulit.fr\/wp-content\/uploads\/2025\/05\/GRIS-FONCE.jpeg\",\"contentUrl\":\"https:\/\/universdulit.fr\/wp-content\/uploads\/2025\/05\/GRIS-FONCE.jpeg\",\"width\":1920,\"height\":1920},{\"@type\":\"BreadcrumbList\",\"@id\":\"https:\/\/universdulit.fr\/index.php\/produit\/table-de-nuit-en-bois-gris-fonce-mat-acier-noir-et-plateau-en-noyer\/#breadcrumb\",\"itemListElement\":[{\"@type\":\"ListItem\",\"position\":1,\"name\":\"Accueil\",\"item\":\"https:\/\/universdulit.fr\/\"},{\"@type\":\"ListItem\",\"position\":2,\"name\":\"Produits\",\"item\":\"https:\/\/universdulit.fr\/index.php\/shop\/\"},{\"@type\":\"ListItem\",\"position\":3,\"name\":\"TABLE DE NUIT EN BOIS GRIS FONC\u00c9 MAT, ACIER NOIR ET PLATEAU EN NOYER\"}]},{\"@type\":\"WebSite\",\"@id\":\"https:\/\/universdulit.fr\/#website\",\"url\":\"https:\/\/universdulit.fr\/\",\"name\":\"L'UNIVERS DU LIT\",\"description\":\"Le meilleur de la literie\",\"publisher\":{\"@id\":\"https:\/\/universdulit.fr\/#organization\"},\"potentialAction\":[{\"@type\":\"SearchAction\",\"target\":{\"@type\":\"EntryPoint\",\"urlTemplate\":\"https:\/\/universdulit.fr\/?s={search_term_string}\"},\"query-input\":{\"@type\":\"PropertyValueSpecification\",\"valueRequired\":true,\"valueName\":\"search_term_string\"}}],\"inLanguage\":\"en-US\"},{\"@type\":\"Organization\",\"@id\":\"https:\/\/universdulit.fr\/#organization\",\"name\":\"L'UNIVERS DU LIT\",\"url\":\"https:\/\/universdulit.fr\/\",\"logo\":{\"@type\":\"ImageObject\",\"inLanguage\":\"en-US\",\"@id\":\"https:\/\/universdulit.fr\/#\/schema\/logo\/image\/\",\"url\":\"https:\/\/universdulit.fr\/wp-content\/uploads\/2025\/05\/cropped-cropped-Capture-decran-2025-05-09-a-18.46.35.png\",\"contentUrl\":\"https:\/\/universdulit.fr\/wp-content\/uploads\/2025\/05\/cropped-cropped-Capture-decran-2025-05-09-a-18.46.35.png\",\"width\":1298,\"height\":419,\"caption\":\"L'UNIVERS DU LIT\"},\"image\":{\"@id\":\"https:\/\/universdulit.fr\/#\/schema\/logo\/image\/\"}}]}<\/script>\n<!-- \/ Yoast SEO plugin. -->","yoast_head_json":{"title":"TABLE DE NUIT EN BOIS GRIS FONC\u00c9 MAT, ACIER NOIR ET PLATEAU EN NOYER - L&#039;UNIVERS DU LIT","robots":{"index":"index","follow":"follow","max-snippet":"max-snippet:-1","max-image-preview":"max-image-preview:large","max-video-preview":"max-video-preview:-1"},"canonical":"https:\/\/universdulit.fr\/index.php\/produit\/table-de-nuit-en-bois-gris-fonce-mat-acier-noir-et-plateau-en-noyer\/","og_locale":"en_US","og_type":"article","og_title":"TABLE DE NUIT EN BOIS GRIS FONC\u00c9 MAT, ACIER NOIR ET PLATEAU EN NOYER - L&#039;UNIVERS DU LIT","og_description":"Table de nuit au design moderne avec structure en bois MDF gris fonc\u00e9 en finition mate et pieds originaux en acier inoxydable noir. Gr\u00e2ce \u00e0 son \u00e9l\u00e9gant plateau en bois plaqu\u00e9 noyer naturel, vous obtiendrez l'aspect sophistiqu\u00e9 que vous recherchez dans vos pi\u00e8ces. Ses d\u00e9tails originaux en acier inoxydable poli de couleur or ajoutent la touche parfaite de style \u00e0 votre salon. Il dispose d'un grand espace de rangement avec 1 tiroir dot\u00e9 d'un syst\u00e8me d'ouverture et de fermeture push and pull.","og_url":"https:\/\/universdulit.fr\/index.php\/produit\/table-de-nuit-en-bois-gris-fonce-mat-acier-noir-et-plateau-en-noyer\/","og_site_name":"L&#039;UNIVERS DU LIT","article_modified_time":"2025-06-01T16:18:01+00:00","og_image":[{"width":1920,"height":1920,"url":"http:\/\/universdulit.fr\/wp-content\/uploads\/2025\/05\/GRIS-FONCE.jpeg","type":"image\/jpeg"}],"twitter_card":"summary_large_image","twitter_misc":{"Est. reading time":"4 minutes"},"schema":{"@context":"https:\/\/schema.org","@graph":[{"@type":"WebPage","@id":"https:\/\/universdulit.fr\/index.php\/produit\/table-de-nuit-en-bois-gris-fonce-mat-acier-noir-et-plateau-en-noyer\/","url":"https:\/\/universdulit.fr\/index.php\/produit\/table-de-nuit-en-bois-gris-fonce-mat-acier-noir-et-plateau-en-noyer\/","name":"TABLE DE NUIT EN BOIS GRIS FONC\u00c9 MAT, ACIER NOIR ET PLATEAU EN NOYER - L&#039;UNIVERS DU LIT","isPartOf":{"@id":"https:\/\/universdulit.fr\/#website"},"primaryImageOfPage":{"@id":"https:\/\/universdulit.fr\/index.php\/produit\/table-de-nuit-en-bois-gris-fonce-mat-acier-noir-et-plateau-en-noyer\/#primaryimage"},"image":{"@id":"https:\/\/universdulit.fr\/index.php\/produit\/table-de-nuit-en-bois-gris-fonce-mat-acier-noir-et-plateau-en-noyer\/#primaryimage"},"thumbnailUrl":"https:\/\/universdulit.fr\/wp-content\/uploads\/2025\/05\/GRIS-FONCE.jpeg","datePublished":"2025-05-20T15:15:14+00:00","dateModified":"2025-06-01T16:18:01+00:00","breadcrumb":{"@id":"https:\/\/universdulit.fr\/index.php\/produit\/table-de-nuit-en-bois-gris-fonce-mat-acier-noir-et-plateau-en-noyer\/#breadcrumb"},"inLanguage":"en-US","potentialAction":[{"@type":"ReadAction","target":["https:\/\/universdulit.fr\/index.php\/produit\/table-de-nuit-en-bois-gris-fonce-mat-acier-noir-et-plateau-en-noyer\/"]}]},{"@type":"ImageObject","inLanguage":"en-US","@id":"https:\/\/universdulit.fr\/index.php\/produit\/table-de-nuit-en-bois-gris-fonce-mat-acier-noir-et-plateau-en-noyer\/#primaryimage","url":"https:\/\/universdulit.fr\/wp-content\/uploads\/2025\/05\/GRIS-FONCE.jpeg","contentUrl":"https:\/\/universdulit.fr\/wp-content\/uploads\/2025\/05\/GRIS-FONCE.jpeg","width":1920,"height":1920},{"@type":"BreadcrumbList","@id":"https:\/\/universdulit.fr\/index.php\/produit\/table-de-nuit-en-bois-gris-fonce-mat-acier-noir-et-plateau-en-noyer\/#breadcrumb","itemListElement":[{"@type":"ListItem","position":1,"name":"Accueil","item":"https:\/\/universdulit.fr\/"},{"@type":"ListItem","position":2,"name":"Produits","item":"https:\/\/universdulit.fr\/index.php\/shop\/"},{"@type":"ListItem","position":3,"name":"TABLE DE NUIT EN BOIS GRIS FONC\u00c9 MAT, ACIER NOIR ET PLATEAU EN NOYER"}]},{"@type":"WebSite","@id":"https:\/\/universdulit.fr\/#website","url":"https:\/\/universdulit.fr\/","name":"L'UNIVERS DU LIT","description":"Le meilleur de la literie","publisher":{"@id":"https:\/\/universdulit.fr\/#organization"},"potentialAction":[{"@type":"SearchAction","target":{"@type":"EntryPoint","urlTemplate":"https:\/\/universdulit.fr\/?s={search_term_string}"},"query-input":{"@type":"PropertyValueSpecification","valueRequired":true,"valueName":"search_term_string"}}],"inLanguage":"en-US"},{"@type":"Organization","@id":"https:\/\/universdulit.fr\/#organization","name":"L'UNIVERS DU LIT","url":"https:\/\/universdulit.fr\/","logo":{"@type":"ImageObject","inLanguage":"en-US","@id":"https:\/\/universdulit.fr\/#\/schema\/logo\/image\/","url":"https:\/\/universdulit.fr\/wp-content\/uploads\/2025\/05\/cropped-cropped-Capture-decran-2025-05-09-a-18.46.35.png","contentUrl":"https:\/\/universdulit.fr\/wp-content\/uploads\/2025\/05\/cropped-cropped-Capture-decran-2025-05-09-a-18.46.35.png","width":1298,"height":419,"caption":"L'UNIVERS DU LIT"},"image":{"@id":"https:\/\/universdulit.fr\/#\/schema\/logo\/image\/"}}]}},"_links":{"self":[{"href":"https:\/\/universdulit.fr\/index.php\/wp-json\/wp\/v2\/product\/1679","targetHints":{"allow":["GET"]}}],"collection":[{"href":"https:\/\/universdulit.fr\/index.php\/wp-json\/wp\/v2\/product"}],"about":[{"href":"https:\/\/universdulit.fr\/index.php\/wp-json\/wp\/v2\/types\/product"}],"wp:featuredmedia":[{"embeddable":true,"href":"https:\/\/universdulit.fr\/index.php\/wp-json\/wp\/v2\/media\/1680"}],"wp:attachment":[{"href":"https:\/\/universdulit.fr\/index.php\/wp-json\/wp\/v2\/media?parent=1679"}],"wp:term":[{"taxonomy":"product_brand","embeddable":true,"href":"https:\/\/universdulit.fr\/index.php\/wp-json\/wp\/v2\/product_brand?post=1679"},{"taxonomy":"product_cat","embeddable":true,"href":"https:\/\/universdulit.fr\/index.php\/wp-json\/wp\/v2\/product_cat?post=1679"},{"taxonomy":"product_tag","embeddable":true,"href":"https:\/\/universdulit.fr\/index.php\/wp-json\/wp\/v2\/product_tag?post=1679"}],"curies":[{"name":"wp","href":"https:\/\/api.w.org\/{rel}","templated":true}]}}