{"id":1650,"date":"2025-05-20T16:55:32","date_gmt":"2025-05-20T14:55:32","guid":{"rendered":"https:\/\/universdulit.fr\/?post_type=product&#038;p=1650"},"modified":"2025-06-01T18:22:33","modified_gmt":"2025-06-01T16:22:33","slug":"table-de-chevet-en-noyer-avec-plateau-en-verre-trempe","status":"publish","type":"product","link":"https:\/\/universdulit.fr\/index.php\/produit\/table-de-chevet-en-noyer-avec-plateau-en-verre-trempe\/","title":{"rendered":"TABLE DE CHEVET EN NOYER AVEC PLATEAU EN VERRE TREMP\u00c9"},"content":{"rendered":"<style>\n.accordion-container {\n  border-top: 1px solid #ddd;\n}\n.accordion-item {\n  border-bottom: 1px solid #ddd;\n}\n.accordion-header {\n  display: flex;\n  justify-content: space-between;\n  cursor: pointer;\n  padding: 12px 16px;\n  background-color: #f8f8f8;\n  font-weight: bold;\n  font-size: 16px;\n}\n.accordion-symbol {\n  font-size: 18px;\n}\n.accordion-content {\n  display: none;\n  padding: 16px;\n  background-color: #fff;\n  font-size: 14px;\n  line-height: 1.6;\n}\n.accordion-open .accordion-content {\n  display: block;\n}\n.accordion-open .accordion-symbol::before {\n  content: \"-\";\n}\n.accordion-symbol::before {\n  content: \"+\";\n}\n<\/style>\n<p><script>\ndocument.addEventListener(\"DOMContentLoaded\", function () {\n  document.querySelectorAll(\".accordion-header\").forEach(header => {\n    header.addEventListener(\"click\", () => {\n      const item = header.parentElement;\n      item.classList.toggle(\"accordion-open\");\n    });\n  });\n});\n<\/script><\/p>\n<div class=\"accordion-container\">\n<div class=\"accordion-item\">\n<div class=\"accordion-header\">\n      <span>Description du produit<\/span><br \/>\n      <span class=\"accordion-symbol\"><\/span>\n    <\/div>\n<div class=\"accordion-content\">\n<p>Table de chevet au design moderne avec structure en bois plaqu\u00e9 noyer naturel et pieds originaux en bois plaqu\u00e9 noyer naturel. Gr\u00e2ce \u00e0 son \u00e9l\u00e9gant plateau en verre tremp\u00e9, vous obtiendrez l&#8217;aspect sophistiqu\u00e9 que vous recherchez pour votre chambre. Elle dispose d&#8217;un grand espace de rangement avec 1 tiroir avec syst\u00e8me poign\u00e9e d&#8217;ouverture et fermeture progressive.<\/p>\n<p>Product measurements: 65 x 45 x 50 cm.<\/p>\n<p>&#8211; Cette \u00e9l\u00e9gante table de chevet en placage de noyer naturel de 0,5 mm d&#8217;\u00e9paisseur donnera \u00e0 votre chambre \u00e0 coucher la touche moderne et diff\u00e9rente que vous recherchez.<\/p>\n<p>&#8211; Polyvalent et fonctionnel, son design lui permet de s&#8217;int\u00e9grer dans tous les environnements, ce qui en fait un \u00e9l\u00e9ment cl\u00e9 de la d\u00e9coration de votre int\u00e9rieur.<\/p>\n<p>&#8211; Ses dimensions et son grand espace de rangement en font un meuble id\u00e9al pour ranger tout ce qui est en ordre et \u00e0 sa place.<\/p>\n<p>Vous \u00eates \u00e0 la recherche d&#8217;un meuble design pour votre chambre \u00e0 coucher? Si vous avez besoin de meubles pratiques et de haute qualit\u00e9 pour meubler votre espace de sommeil, vous trouverez dans notre catalogue la meilleure s\u00e9lection de tables de chevet, de commodes, de chiffonniers ou de tables de nuit avec lesquels vous pourrez ajouter une touche unique, diff\u00e9rente et originale \u00e0 votre maison. Avec diff\u00e9rentes finitions et formes, nos meubles de chambre sont parfaits pour avoir plus d&#8217;espace de rangement, tout en d\u00e9corant votre maison avec des pi\u00e8ces fabriqu\u00e9es avec des mat\u00e9riaux nobles de la plus haute qualit\u00e9.<\/p>\n<\/p><\/div>\n<\/p><\/div>\n<div class=\"accordion-item\">\n<div class=\"accordion-header\">\n      <span>Dimensions de l\u2019appareil<\/span><br \/>\n      <span class=\"accordion-symbol\"><\/span>\n    <\/div>\n<div class=\"accordion-content\">\n<ul>\n&#8211; Dimensions du produit:<\/p>\n<p>&#8211; Mesures: 65 x 45 x 50 cm.<\/p>\n<p>&#8211; Volume: 0,24 m3.<\/p>\n<p>&#8211; Poids unitaire net: 23 Kg.<\/p>\n<p>&#8211; Poids unitaire brut: 25 Kg.<\/p>\n<p>&#8211; Autres mesures:<\/p>\n<p>&#8211; Epaisseur de la couverture: 1 cm.<\/p>\n<p>&#8211; Hauteur des pieds: 15 cm.<\/p>\n<p>&#8211; Dimensions des tiroirs:<\/p>\n<p>Tiroir 1: 46 x 34 x 11 cm.<\/p>\n<p>&#8211; Dimensions des ouvertures:<\/p>\n<p>Encastrement 1: 60 x 40 x 11 cm.<\/p>\n<p>&#8211; Dimensions de l&#8217;emballage:<\/p>\n<p>&#8211; Nombre de colis: 1<\/p>\n<p>&#8211; Mesure et poids des colis:<\/p>\n<p>Colis 1: 72 x 53 x 57 cm. \/ 25 Kg.\n      <\/ul>\n<\/p><\/div>\n<\/p><\/div>\n<div class=\"accordion-item\">\n<div class=\"accordion-header\">\n      <span>Sp\u00e9cifications<\/span><br \/>\n      <span class=\"accordion-symbol\"><\/span>\n    <\/div>\n<div class=\"accordion-content\">\n<ul>\n&#8211; Forme: Hexagonale<\/p>\n<p>&#8211; Type de profil: Profil de plateau poli<\/p>\n<p>&#8211; Dos fini: Oui<\/p>\n<p>&#8211; Espace de rangement inclus: Oui<\/p>\n<p>&#8211; Tiroirs inclus: Oui, 1<\/p>\n<p>&#8211; Syst\u00e8me d&#8217;ouverture des tiroirs: Encoche pour les doigts<\/p>\n<p>&#8211; Syst\u00e8me de fermeture des tiroirs: Fermeture en douceur<\/p>\n<p>&#8211; M\u00e9canisme des coulisses d&#8217;ouverture des tiroirs: M\u00e9tal extractible<\/p>\n<p>&#8211; Comprend les portes: Non<\/p>\n<p>&#8211; Comprend des \u00e9tag\u00e8res: Non<\/p>\n<p>&#8211; Comprend des niches de rangement: Oui, 1<\/p>\n<p>&#8211; Comprend l&#8217;\u00e9clairage: Non<\/p>\n<p>&#8211; Comprend des roues: Non\n      <\/ul>\n<\/p><\/div>\n<\/p><\/div>\n<div class=\"accordion-item\">\n<div class=\"accordion-header\">\n      <span>Mat\u00e9riaux<\/span><br \/>\n      <span class=\"accordion-symbol\"><\/span>\n    <\/div>\n<div class=\"accordion-content\">\n<ul>\n<li>&#8211; Mat\u00e9riau de couverture: Verre tremp\u00e9 de 12 mm d&#8217;\u00e9paisseur\n<p>&#8211; Mat\u00e9riau du cadre: Bois plaqu\u00e9 noyer naturel de 0,5 mm d&#8217;\u00e9paisseur<\/p>\n<p>&#8211; Mat\u00e9riau des finitions: Bois plaqu\u00e9 noyer naturel de 0,5 mm d&#8217;\u00e9paisseur<\/p>\n<p>&#8211; Mat\u00e9riau du pied: Bois plaqu\u00e9 noyer naturel de 0,5 mm d&#8217;\u00e9paisseur<\/p>\n<p>&#8211; Mat\u00e9riau de l&#8217;int\u00e9rieur des tiroirs: Bois plaqu\u00e9 noyer naturel de 0,5 mm d&#8217;\u00e9paisseur\n      <\/ul>\n<\/p><\/div>\n<\/p><\/div>\n<div class=\"accordion-item\">\n<div class=\"accordion-header\">\n      <span>Entretien et garantie<\/span><br \/>\n      <span class=\"accordion-symbol\"><\/span>\n    <\/div>\n<div class=\"accordion-content\">\n<p><strong>Recommandations :<\/strong> Tous nos meubles sont livr\u00e9s avec des instructions de montage simples et pratiques. Tous nos meubles disposent du mat\u00e9riel n\u00e9cessaire, voire de l&#8217;outil n\u00e9cessaire si possible, pour le simple assemblage ou la finition du produit. Si vous avez des questions lors de l&#8217;assemblage de votre nouveau mobilier, veuillez nous contacter et nous r\u00e9pondrons \u00e0 toutes vos questions. \u00c9vitez d&#8217;utiliser des objets pointus ou des objets qui pourraient endommager l&#8217;int\u00e9rieur du produit lors du d\u00e9ballage. Conservez l&#8217;emballage d&#8217;origine pendant quelques jours en cas de retour ou de retour, ainsi que toute la documentation et les accessoires de montage que vous trouverez dans l&#8217;emballage.<\/p>\n<p><strong>Recommandations g\u00e9n\u00e9rales :<\/strong> Meubles \u00e0 usage domestique uniquement. Ne pas exposer aux intemp\u00e9ries. Ne pas placer \u00e0 proximit\u00e9 de sources de chaleur directe. Ne pas exposer \u00e0 la lumi\u00e8re directe du soleil. Ne pas utiliser de produits abrasifs tels que l&#8217;ac\u00e9tone, l&#8217;eau de Javel, les agents de blanchiment, les solvants, etc. Les \u00e9l\u00e9ments tranchants peuvent rayer la surface du produit.<\/p>\n<p><strong>Instructions d&#8217;entretien :<\/strong> Pour le nettoyage, utilisez uniquement un chiffon doux ou un papier absorbant l\u00e9g\u00e8rement imbib\u00e9 d&#8217;une solution savonneuse neutre. Pour enlever la poussi\u00e8re, utilisez de pr\u00e9f\u00e9rence des outils non abrasifs ou des outils qui ne rayent pas la surface. Nettoyez de pr\u00e9f\u00e9rence les tissus d&#8217;ameublement \u00e0 sec. Pour le nettoyage des rev\u00eatements en similicuir ou en cuir, n&#8217;utilisez pas de produits qui pourraient \u00eatre abrasifs pour le cuir. Hydratez p\u00e9riodiquement pour \u00e9viter le dess\u00e8chement et les fissures du cuir dues au passage du temps.<\/p>\n<p><strong>Garantie :<\/strong> Garantie de 3 ans. Garantie de remboursement de 14 jours \u00e0 compter de la r\u00e9ception de la commande. * (Voir les conditions g\u00e9n\u00e9rales)<\/p>\n<p><strong>Avertissements et s\u00e9curit\u00e9 :<\/strong> Trier et compter les pi\u00e8ces et les accessoires. Pr\u00e9voir un espace pour l&#8217;assemblage. Ne pas forcer les vis et les \u00e9l\u00e9ments de montage. Suivre pas \u00e0 pas les instructions de montage.<\/p>\n<p><strong>Conditions d&#8217;utilisation :<\/strong> Meubles \u00e0 usage domestique uniquement. Ne pas exposer aux intemp\u00e9ries. Ne pas placer \u00e0 proximit\u00e9 de sources de chaleur directe. Ne pas exposer \u00e0 la lumi\u00e8re directe du soleil. Ne pas utiliser de produits abrasifs.<\/p>\n<p><strong>Attention :<\/strong> Ne pas surcharger, ne pas ouvrir plus d\u2019un tiroir \u00e0 la fois, ne pas se suspendre, ne pas tra\u00eener le meuble charg\u00e9, etc.<\/p>\n<p><strong>\u00c9lectricit\u00e9 :<\/strong> Tenir hors de port\u00e9e des enfants. V\u00e9rifier c\u00e2bles\/prises. Utiliser uniquement les ampoules recommand\u00e9es. D\u00e9brancher pour nettoyage.<\/p>\n<\/p><\/div>\n<\/p><\/div>\n<\/div>\n","protected":false},"excerpt":{"rendered":"<p>Table de chevet au design moderne avec structure en bois plaqu\u00e9 noyer naturel et pieds originaux en bois plaqu\u00e9 noyer naturel. Gr\u00e2ce \u00e0 son \u00e9l\u00e9gant plateau en verre tremp\u00e9, vous obtiendrez l&#8217;aspect sophistiqu\u00e9 que vous recherchez pour votre chambre. Elle dispose d&#8217;un grand espace de rangement avec 1 tiroir avec syst\u00e8me poign\u00e9e d&#8217;ouverture et fermeture progressive.<\/p>\n","protected":false},"featured_media":1652,"template":"","meta":{"site-sidebar-layout":"default","site-content-layout":"","ast-site-content-layout":"default","site-content-style":"default","site-sidebar-style":"default","ast-global-header-display":"","ast-banner-title-visibility":"","ast-main-header-display":"","ast-hfb-above-header-display":"","ast-hfb-below-header-display":"","ast-hfb-mobile-header-display":"","site-post-title":"","ast-breadcrumbs-content":"","ast-featured-img":"","footer-sml-layout":"","theme-transparent-header-meta":"default","adv-header-id-meta":"","stick-header-meta":"","header-above-stick-meta":"","header-main-stick-meta":"","header-below-stick-meta":"","astra-migrate-meta-layouts":"set","ast-page-background-enabled":"default","ast-page-background-meta":{"desktop":{"background-color":"var(--ast-global-color-5)","background-image":"","background-repeat":"repeat","background-position":"center center","background-size":"auto","background-attachment":"scroll","background-type":"","background-media":"","overlay-type":"","overlay-color":"","overlay-opacity":"","overlay-gradient":""},"tablet":{"background-color":"","background-image":"","background-repeat":"repeat","background-position":"center center","background-size":"auto","background-attachment":"scroll","background-type":"","background-media":"","overlay-type":"","overlay-color":"","overlay-opacity":"","overlay-gradient":""},"mobile":{"background-color":"","background-image":"","background-repeat":"repeat","background-position":"center center","background-size":"auto","background-attachment":"scroll","background-type":"","background-media":"","overlay-type":"","overlay-color":"","overlay-opacity":"","overlay-gradient":""}},"ast-content-background-meta":{"desktop":{"background-color":"var(--ast-global-color-4)","background-image":"","background-repeat":"repeat","background-position":"center center","background-size":"auto","background-attachment":"scroll","background-type":"","background-media":"","overlay-type":"","overlay-color":"","overlay-opacity":"","overlay-gradient":""},"tablet":{"background-color":"var(--ast-global-color-4)","background-image":"","background-repeat":"repeat","background-position":"center center","background-size":"auto","background-attachment":"scroll","background-type":"","background-media":"","overlay-type":"","overlay-color":"","overlay-opacity":"","overlay-gradient":""},"mobile":{"background-color":"var(--ast-global-color-4)","background-image":"","background-repeat":"repeat","background-position":"center center","background-size":"auto","background-attachment":"scroll","background-type":"","background-media":"","overlay-type":"","overlay-color":"","overlay-opacity":"","overlay-gradient":""}}},"product_brand":[],"product_cat":[50],"product_tag":[],"class_list":{"0":"post-1650","1":"product","2":"type-product","3":"status-publish","4":"has-post-thumbnail","6":"product_cat-table-de-chevet","7":"desktop-align-left","8":"tablet-align-left","9":"mobile-align-left","11":"first","12":"instock","13":"shipping-taxable","14":"purchasable","15":"product-type-simple"},"yoast_head":"<!-- This site is optimized with the Yoast SEO plugin v25.9 - https:\/\/yoast.com\/wordpress\/plugins\/seo\/ -->\n<title>TABLE DE CHEVET EN NOYER AVEC PLATEAU EN VERRE TREMP\u00c9 - L&#039;UNIVERS DU LIT<\/title>\n<meta name=\"robots\" content=\"index, follow, max-snippet:-1, max-image-preview:large, max-video-preview:-1\" \/>\n<link rel=\"canonical\" href=\"https:\/\/universdulit.fr\/index.php\/produit\/table-de-chevet-en-noyer-avec-plateau-en-verre-trempe\/\" \/>\n<meta property=\"og:locale\" content=\"en_US\" \/>\n<meta property=\"og:type\" content=\"article\" \/>\n<meta property=\"og:title\" content=\"TABLE DE CHEVET EN NOYER AVEC PLATEAU EN VERRE TREMP\u00c9 - L&#039;UNIVERS DU LIT\" \/>\n<meta property=\"og:description\" content=\"Table de chevet au design moderne avec structure en bois plaqu\u00e9 noyer naturel et pieds originaux en bois plaqu\u00e9 noyer naturel. Gr\u00e2ce \u00e0 son \u00e9l\u00e9gant plateau en verre tremp\u00e9, vous obtiendrez l&#039;aspect sophistiqu\u00e9 que vous recherchez pour votre chambre. Elle dispose d&#039;un grand espace de rangement avec 1 tiroir avec syst\u00e8me poign\u00e9e d&#039;ouverture et fermeture progressive.\" \/>\n<meta property=\"og:url\" content=\"https:\/\/universdulit.fr\/index.php\/produit\/table-de-chevet-en-noyer-avec-plateau-en-verre-trempe\/\" \/>\n<meta property=\"og:site_name\" content=\"L&#039;UNIVERS DU LIT\" \/>\n<meta property=\"article:modified_time\" content=\"2025-06-01T16:22:33+00:00\" \/>\n<meta property=\"og:image\" content=\"http:\/\/universdulit.fr\/wp-content\/uploads\/2025\/05\/table-de-chevet-en-noyer-verre.jpeg\" \/>\n\t<meta property=\"og:image:width\" content=\"1920\" \/>\n\t<meta property=\"og:image:height\" content=\"1920\" \/>\n\t<meta property=\"og:image:type\" content=\"image\/jpeg\" \/>\n<meta name=\"twitter:card\" content=\"summary_large_image\" \/>\n<meta name=\"twitter:label1\" content=\"Est. reading time\" \/>\n\t<meta name=\"twitter:data1\" content=\"5 minutes\" \/>\n<script type=\"application\/ld+json\" class=\"yoast-schema-graph\">{\"@context\":\"https:\/\/schema.org\",\"@graph\":[{\"@type\":\"WebPage\",\"@id\":\"https:\/\/universdulit.fr\/index.php\/produit\/table-de-chevet-en-noyer-avec-plateau-en-verre-trempe\/\",\"url\":\"https:\/\/universdulit.fr\/index.php\/produit\/table-de-chevet-en-noyer-avec-plateau-en-verre-trempe\/\",\"name\":\"TABLE DE CHEVET EN NOYER AVEC PLATEAU EN VERRE TREMP\u00c9 - L&#039;UNIVERS DU LIT\",\"isPartOf\":{\"@id\":\"https:\/\/universdulit.fr\/#website\"},\"primaryImageOfPage\":{\"@id\":\"https:\/\/universdulit.fr\/index.php\/produit\/table-de-chevet-en-noyer-avec-plateau-en-verre-trempe\/#primaryimage\"},\"image\":{\"@id\":\"https:\/\/universdulit.fr\/index.php\/produit\/table-de-chevet-en-noyer-avec-plateau-en-verre-trempe\/#primaryimage\"},\"thumbnailUrl\":\"https:\/\/universdulit.fr\/wp-content\/uploads\/2025\/05\/table-de-chevet-en-noyer-verre.jpeg\",\"datePublished\":\"2025-05-20T14:55:32+00:00\",\"dateModified\":\"2025-06-01T16:22:33+00:00\",\"breadcrumb\":{\"@id\":\"https:\/\/universdulit.fr\/index.php\/produit\/table-de-chevet-en-noyer-avec-plateau-en-verre-trempe\/#breadcrumb\"},\"inLanguage\":\"en-US\",\"potentialAction\":[{\"@type\":\"ReadAction\",\"target\":[\"https:\/\/universdulit.fr\/index.php\/produit\/table-de-chevet-en-noyer-avec-plateau-en-verre-trempe\/\"]}]},{\"@type\":\"ImageObject\",\"inLanguage\":\"en-US\",\"@id\":\"https:\/\/universdulit.fr\/index.php\/produit\/table-de-chevet-en-noyer-avec-plateau-en-verre-trempe\/#primaryimage\",\"url\":\"https:\/\/universdulit.fr\/wp-content\/uploads\/2025\/05\/table-de-chevet-en-noyer-verre.jpeg\",\"contentUrl\":\"https:\/\/universdulit.fr\/wp-content\/uploads\/2025\/05\/table-de-chevet-en-noyer-verre.jpeg\",\"width\":1920,\"height\":1920},{\"@type\":\"BreadcrumbList\",\"@id\":\"https:\/\/universdulit.fr\/index.php\/produit\/table-de-chevet-en-noyer-avec-plateau-en-verre-trempe\/#breadcrumb\",\"itemListElement\":[{\"@type\":\"ListItem\",\"position\":1,\"name\":\"Accueil\",\"item\":\"https:\/\/universdulit.fr\/\"},{\"@type\":\"ListItem\",\"position\":2,\"name\":\"Produits\",\"item\":\"https:\/\/universdulit.fr\/index.php\/shop\/\"},{\"@type\":\"ListItem\",\"position\":3,\"name\":\"TABLE DE CHEVET EN NOYER AVEC PLATEAU EN VERRE TREMP\u00c9\"}]},{\"@type\":\"WebSite\",\"@id\":\"https:\/\/universdulit.fr\/#website\",\"url\":\"https:\/\/universdulit.fr\/\",\"name\":\"L'UNIVERS DU LIT\",\"description\":\"Le meilleur de la literie\",\"publisher\":{\"@id\":\"https:\/\/universdulit.fr\/#organization\"},\"potentialAction\":[{\"@type\":\"SearchAction\",\"target\":{\"@type\":\"EntryPoint\",\"urlTemplate\":\"https:\/\/universdulit.fr\/?s={search_term_string}\"},\"query-input\":{\"@type\":\"PropertyValueSpecification\",\"valueRequired\":true,\"valueName\":\"search_term_string\"}}],\"inLanguage\":\"en-US\"},{\"@type\":\"Organization\",\"@id\":\"https:\/\/universdulit.fr\/#organization\",\"name\":\"L'UNIVERS DU LIT\",\"url\":\"https:\/\/universdulit.fr\/\",\"logo\":{\"@type\":\"ImageObject\",\"inLanguage\":\"en-US\",\"@id\":\"https:\/\/universdulit.fr\/#\/schema\/logo\/image\/\",\"url\":\"https:\/\/universdulit.fr\/wp-content\/uploads\/2025\/05\/cropped-cropped-Capture-decran-2025-05-09-a-18.46.35.png\",\"contentUrl\":\"https:\/\/universdulit.fr\/wp-content\/uploads\/2025\/05\/cropped-cropped-Capture-decran-2025-05-09-a-18.46.35.png\",\"width\":1298,\"height\":419,\"caption\":\"L'UNIVERS DU LIT\"},\"image\":{\"@id\":\"https:\/\/universdulit.fr\/#\/schema\/logo\/image\/\"}}]}<\/script>\n<!-- \/ Yoast SEO plugin. -->","yoast_head_json":{"title":"TABLE DE CHEVET EN NOYER AVEC PLATEAU EN VERRE TREMP\u00c9 - L&#039;UNIVERS DU LIT","robots":{"index":"index","follow":"follow","max-snippet":"max-snippet:-1","max-image-preview":"max-image-preview:large","max-video-preview":"max-video-preview:-1"},"canonical":"https:\/\/universdulit.fr\/index.php\/produit\/table-de-chevet-en-noyer-avec-plateau-en-verre-trempe\/","og_locale":"en_US","og_type":"article","og_title":"TABLE DE CHEVET EN NOYER AVEC PLATEAU EN VERRE TREMP\u00c9 - L&#039;UNIVERS DU LIT","og_description":"Table de chevet au design moderne avec structure en bois plaqu\u00e9 noyer naturel et pieds originaux en bois plaqu\u00e9 noyer naturel. Gr\u00e2ce \u00e0 son \u00e9l\u00e9gant plateau en verre tremp\u00e9, vous obtiendrez l'aspect sophistiqu\u00e9 que vous recherchez pour votre chambre. Elle dispose d'un grand espace de rangement avec 1 tiroir avec syst\u00e8me poign\u00e9e d'ouverture et fermeture progressive.","og_url":"https:\/\/universdulit.fr\/index.php\/produit\/table-de-chevet-en-noyer-avec-plateau-en-verre-trempe\/","og_site_name":"L&#039;UNIVERS DU LIT","article_modified_time":"2025-06-01T16:22:33+00:00","og_image":[{"width":1920,"height":1920,"url":"http:\/\/universdulit.fr\/wp-content\/uploads\/2025\/05\/table-de-chevet-en-noyer-verre.jpeg","type":"image\/jpeg"}],"twitter_card":"summary_large_image","twitter_misc":{"Est. reading time":"5 minutes"},"schema":{"@context":"https:\/\/schema.org","@graph":[{"@type":"WebPage","@id":"https:\/\/universdulit.fr\/index.php\/produit\/table-de-chevet-en-noyer-avec-plateau-en-verre-trempe\/","url":"https:\/\/universdulit.fr\/index.php\/produit\/table-de-chevet-en-noyer-avec-plateau-en-verre-trempe\/","name":"TABLE DE CHEVET EN NOYER AVEC PLATEAU EN VERRE TREMP\u00c9 - L&#039;UNIVERS DU LIT","isPartOf":{"@id":"https:\/\/universdulit.fr\/#website"},"primaryImageOfPage":{"@id":"https:\/\/universdulit.fr\/index.php\/produit\/table-de-chevet-en-noyer-avec-plateau-en-verre-trempe\/#primaryimage"},"image":{"@id":"https:\/\/universdulit.fr\/index.php\/produit\/table-de-chevet-en-noyer-avec-plateau-en-verre-trempe\/#primaryimage"},"thumbnailUrl":"https:\/\/universdulit.fr\/wp-content\/uploads\/2025\/05\/table-de-chevet-en-noyer-verre.jpeg","datePublished":"2025-05-20T14:55:32+00:00","dateModified":"2025-06-01T16:22:33+00:00","breadcrumb":{"@id":"https:\/\/universdulit.fr\/index.php\/produit\/table-de-chevet-en-noyer-avec-plateau-en-verre-trempe\/#breadcrumb"},"inLanguage":"en-US","potentialAction":[{"@type":"ReadAction","target":["https:\/\/universdulit.fr\/index.php\/produit\/table-de-chevet-en-noyer-avec-plateau-en-verre-trempe\/"]}]},{"@type":"ImageObject","inLanguage":"en-US","@id":"https:\/\/universdulit.fr\/index.php\/produit\/table-de-chevet-en-noyer-avec-plateau-en-verre-trempe\/#primaryimage","url":"https:\/\/universdulit.fr\/wp-content\/uploads\/2025\/05\/table-de-chevet-en-noyer-verre.jpeg","contentUrl":"https:\/\/universdulit.fr\/wp-content\/uploads\/2025\/05\/table-de-chevet-en-noyer-verre.jpeg","width":1920,"height":1920},{"@type":"BreadcrumbList","@id":"https:\/\/universdulit.fr\/index.php\/produit\/table-de-chevet-en-noyer-avec-plateau-en-verre-trempe\/#breadcrumb","itemListElement":[{"@type":"ListItem","position":1,"name":"Accueil","item":"https:\/\/universdulit.fr\/"},{"@type":"ListItem","position":2,"name":"Produits","item":"https:\/\/universdulit.fr\/index.php\/shop\/"},{"@type":"ListItem","position":3,"name":"TABLE DE CHEVET EN NOYER AVEC PLATEAU EN VERRE TREMP\u00c9"}]},{"@type":"WebSite","@id":"https:\/\/universdulit.fr\/#website","url":"https:\/\/universdulit.fr\/","name":"L'UNIVERS DU LIT","description":"Le meilleur de la literie","publisher":{"@id":"https:\/\/universdulit.fr\/#organization"},"potentialAction":[{"@type":"SearchAction","target":{"@type":"EntryPoint","urlTemplate":"https:\/\/universdulit.fr\/?s={search_term_string}"},"query-input":{"@type":"PropertyValueSpecification","valueRequired":true,"valueName":"search_term_string"}}],"inLanguage":"en-US"},{"@type":"Organization","@id":"https:\/\/universdulit.fr\/#organization","name":"L'UNIVERS DU LIT","url":"https:\/\/universdulit.fr\/","logo":{"@type":"ImageObject","inLanguage":"en-US","@id":"https:\/\/universdulit.fr\/#\/schema\/logo\/image\/","url":"https:\/\/universdulit.fr\/wp-content\/uploads\/2025\/05\/cropped-cropped-Capture-decran-2025-05-09-a-18.46.35.png","contentUrl":"https:\/\/universdulit.fr\/wp-content\/uploads\/2025\/05\/cropped-cropped-Capture-decran-2025-05-09-a-18.46.35.png","width":1298,"height":419,"caption":"L'UNIVERS DU LIT"},"image":{"@id":"https:\/\/universdulit.fr\/#\/schema\/logo\/image\/"}}]}},"_links":{"self":[{"href":"https:\/\/universdulit.fr\/index.php\/wp-json\/wp\/v2\/product\/1650","targetHints":{"allow":["GET"]}}],"collection":[{"href":"https:\/\/universdulit.fr\/index.php\/wp-json\/wp\/v2\/product"}],"about":[{"href":"https:\/\/universdulit.fr\/index.php\/wp-json\/wp\/v2\/types\/product"}],"wp:featuredmedia":[{"embeddable":true,"href":"https:\/\/universdulit.fr\/index.php\/wp-json\/wp\/v2\/media\/1652"}],"wp:attachment":[{"href":"https:\/\/universdulit.fr\/index.php\/wp-json\/wp\/v2\/media?parent=1650"}],"wp:term":[{"taxonomy":"product_brand","embeddable":true,"href":"https:\/\/universdulit.fr\/index.php\/wp-json\/wp\/v2\/product_brand?post=1650"},{"taxonomy":"product_cat","embeddable":true,"href":"https:\/\/universdulit.fr\/index.php\/wp-json\/wp\/v2\/product_cat?post=1650"},{"taxonomy":"product_tag","embeddable":true,"href":"https:\/\/universdulit.fr\/index.php\/wp-json\/wp\/v2\/product_tag?post=1650"}],"curies":[{"name":"wp","href":"https:\/\/api.w.org\/{rel}","templated":true}]}}