{"id":1527,"date":"2025-05-20T10:58:32","date_gmt":"2025-05-20T08:58:32","guid":{"rendered":"https:\/\/universdulit.fr\/?post_type=product&#038;p=1527"},"modified":"2025-06-02T10:36:22","modified_gmt":"2025-06-02T08:36:22","slug":"lit-en-tissu-gris-clair","status":"publish","type":"product","link":"https:\/\/universdulit.fr\/index.php\/produit\/lit-en-tissu-gris-clair\/","title":{"rendered":"LIT EN TISSU GRIS CLAIR"},"content":{"rendered":"<style>\n.accordion {<br \/>\n  border-top: 1px solid #ccc;<br \/>\n}<br \/>\n.accordion-item {<br \/>\n  border-bottom: 1px solid #ccc;<br \/>\n}<br \/>\n.accordion input {<br \/>\n  display: none;<br \/>\n}<br \/>\n.accordion label {<br \/>\n  display: block;<br \/>\n  font-weight: bold;<br \/>\n  padding: 15px;<br \/>\n  cursor: pointer;<br \/>\n  background: #f7f7f7;<br \/>\n  position: relative;<br \/>\n}<br \/>\n.accordion label::after {<br \/>\n  content: \"+\";<br \/>\n  position: absolute;<br \/>\n  right: 20px;<br \/>\n  transition: transform 0.2s;<br \/>\n}<br \/>\n.accordion input:checked + label::after {<br \/>\n  content: \"-\";<br \/>\n}<br \/>\n.accordion .content {<br \/>\n  max-height: 0;<br \/>\n  overflow: hidden;<br \/>\n  background: #fff;<br \/>\n  transition: max-height 0.3s ease;<br \/>\n  padding: 0 15px;<br \/>\n}<br \/>\n.accordion input:checked ~ .content {<br \/>\n  max-height: 5000px;<br \/>\n  padding: 15px;<br \/>\n  white-space: pre-wrap;<br \/>\n}<br \/>\n<\/style>\n<div class=\"accordion\">\n<div class=\"accordion-item\"><input id=\"acc1\" type=\"checkbox\" \/><br \/>\n<label for=\"acc1\">Description du produit<\/label><\/p>\n<div class=\"content\">Lit double au design moderne avec une t\u00eate de lit originale et une structure en tissu gris clair, et des pieds en acier inoxydable peints \u00e0 l&#8217;\u00e9poxy noir. Une pi\u00e8ce ma\u00eetresse pour votre chambre \u00e0 coucher avec laquelle vous donnerez un style \u00e9l\u00e9gant et accueillant. Il est accompagn\u00e9 d&#8217;un confortable sommier en bois de pin.<br \/>\nDimensions du produits: 233 x 213 x 112 cm.<br \/>\n&#8211; Le rev\u00eatement en tissu de ce lit deviendra le protagoniste de votre chambre \u00e0 coucher, apportant chaleur et style \u00e0 votre espace de sommeil.<br \/>\n&#8211; La combinaison du rev\u00eatement avec ses pieds en acier offre cet air sophistiqu\u00e9 et unique de notre marque.<br \/>\n&#8211; Son design \u00e9l\u00e9gant et moderne en fait un meuble parfait pour tout type de chambre \u00e0 coucher, cr\u00e9ant l&#8217;atmosph\u00e8re id\u00e9ale pour se d\u00e9tendre et se relaxer.<br \/>\n&#8211; Tous nos lits sont fabriqu\u00e9s avec des mat\u00e9riaux de la plus haute qualit\u00e9 et avec une structure interne en bois de pin naturel.<br \/>\n&#8211; Lit compatible avec un matelas de 180&#215;200 cm.<br \/>\nVous \u00eates \u00e0 la recherche du meuble design id\u00e9al pour votre chambre \u00e0 coucher ? Si vous avez besoin de meubles pratiques et de haute qualit\u00e9 pour meubler votre espace de sommeil, vous trouverez dans notre catalogue la meilleure s\u00e9lection de lits, tables de chevet, commodes, chiffonniers ou tables de nuit pour ajouter une touche unique, diff\u00e9rente et originale \u00e0 votre maison. Avec diff\u00e9rentes finitions et formes, nos meubles de chambre sont parfaits pour avoir plus d&#8217;espace de rangement, tout en d\u00e9corant votre maison avec des pi\u00e8ces fabriqu\u00e9es avec des mat\u00e9riaux nobles de la plus haute qualit\u00e9.<\/div>\n<\/div>\n<div class=\"accordion-item\"><input id=\"acc2\" type=\"checkbox\" \/><br \/>\n<label for=\"acc2\">Dimensions de l\u2019appareil<\/label><\/p>\n<div class=\"content\">&#8211; Dimensions du produit:<br \/>\n&#8211; Mesures: 233 x 213 x 112 cm.<br \/>\n&#8211; Volume: 1,2 m3.<br \/>\n&#8211; Poids unitaire net: 108 Kg.<br \/>\n&#8211; Poids unitaire brut: 114 Kg.<br \/>\n&#8211; Autres mesures:<br \/>\n&#8211; Hauteur de la baignoire: 30 cm.<br \/>\n&#8211; Hauteur des pieds: 20 cm.<br \/>\n&#8211; La hauteur int\u00e9rieure jusqu&#8217;au sommier est de 5 cm.<br \/>\n&#8211; Dimensions de l&#8217;emballage:<br \/>\n&#8211; Nombre de colis: 3<br \/>\n&#8211; Mesure et poids des colis:<br \/>\nColis 1: 232 x 28 x 116 cm. \/ 55 Kg.<br \/>\nColis 2: 243 x 18 x 33 cm. \/ 38 Kg.<br \/>\nColis 3: 205 x 185 x 6 cm. \/ 21 Kg.<\/div>\n<\/div>\n<div class=\"accordion-item\"><input id=\"acc3\" type=\"checkbox\" \/><br \/>\n<label for=\"acc3\">Sp\u00e9cifications<\/label><\/p>\n<div class=\"content\">&#8211; Dimensions du matelas compatible: 180 x 200 cm.<br \/>\n&#8211; Sommier inclus: Oui, avec 14 lattes en bois de h\u00eatre<br \/>\n&#8211; Dos fini: Oui<\/div>\n<\/div>\n<div class=\"accordion-item\"><input id=\"acc4\" type=\"checkbox\" \/><br \/>\n<label for=\"acc4\">Mat\u00e9riaux<\/label><\/p>\n<div class=\"content\">&#8211; Mat\u00e9riau de la t\u00eate de lit: Tissu<br \/>\n&#8211; Mat\u00e9riau de la baignoire: Tissu<br \/>\n&#8211; Composition du rembourrage: 100% polyester<br \/>\n&#8211; Mat\u00e9riau de l&#8217;ameublement: Mousse de polyur\u00e9thane d&#8217;une densit\u00e9 de 25kg\/m3<br \/>\n&#8211; Mat\u00e9riau des pieds: Acier inoxydable peint en \u00e9poxy noir<br \/>\n&#8211; Mat\u00e9riau de la structure interne: Bois massif de pin<\/div>\n<\/div>\n<div class=\"accordion-item\"><input id=\"acc5\" type=\"checkbox\" \/><br \/>\n<label for=\"acc5\">Entretien et garantie<\/label><\/p>\n<div class=\"content\">Recommandations<br \/>\nTous nos meubles sont livr\u00e9s avec des instructions de montage simples et pratiques. Tous nos meubles disposent du mat\u00e9riel n\u00e9cessaire, voire de l&#8217;outil n\u00e9cessaire si possible, pour le simple assemblage ou la finition du produit. Si vous avez des questions lors de l&#8217;assemblage de votre nouveau mobilier, veuillez nous contacter et nous r\u00e9pondrons \u00e0 toutes vos questions. \u00c9vitez d&#8217;utiliser des objets pointus ou des objets qui pourraient endommager l&#8217;int\u00e9rieur du produit lors du d\u00e9ballage. Conservez l&#8217;emballage d&#8217;origine pendant quelques jours en cas de retour ou de retour, ainsi que ainsi que toute la documentation et les accessoires de montage que vous trouverez dans l&#8217;emballage.Recommandations g\u00e9n\u00e9rales<br \/>\nMeubles \u00e0 usage domestique uniquement. Ne pas exposer aux intemp\u00e9ries. Ne pas placer \u00e0 proximit\u00e9 de sources de chaleur directe. Ne pas exposer \u00e0 la lumi\u00e8re directe du soleil. Ne pas utiliser de produits abrasifs tels que l&#8217;ac\u00e9tone, l&#8217;eau de Javel, les agents de blanchiment, les solvants, etc. Les \u00e9l\u00e9ments tranchants peuvent rayer la surface du produit.<\/p>\n<p>Instructions d&#8217;entretien<br \/>\nPour le nettoyage, utilisez uniquement un chiffon doux ou un papier absorbant l\u00e9g\u00e8rement imbib\u00e9 d&#8217;une solution savonneuse neutre. Pour enlever la poussi\u00e8re, utilisez de pr\u00e9f\u00e9rence des outils non abrasifs ou des outils qui ne rayent pas la surface. Nettoyez de pr\u00e9f\u00e9rence les tissus d&#8217;ameublement \u00e0 sec. Pour le nettoyage des rev\u00eatements en similicuir ou en cuir, n&#8217;utilisez pas de produits qui pourraient \u00eatre abrasifs pour le cuir. Hydratez p\u00e9riodiquement pour \u00e9viter le dess\u00e8chement et les fissures du cuir dues au passage du temps.<\/p>\n<p>Garantie<br \/>\nGarantie de 3 ans. Garantie de remboursement de 14 jours \u00e0 compter de la r\u00e9ception de la commande. * (Voir les conditions g\u00e9n\u00e9rales)<\/p>\n<p>\u00b7 Avertissements et informations de s\u00e9curit\u00e9 : Trier et compter les pi\u00e8ces et les accessoires. Pr\u00e9voir un espace pour l&#8217;assemblage. Ne pas forcer les vis et les \u00e9l\u00e9ments de montage. Suivre pas \u00e0 pas les instructions de montage.<\/p>\n<p>\u00b7 Conditions d&#8217;utilisation et d&#8217;entretien : Meubles \u00e0 usage domestique uniquement. Ne pas exposer aux intemp\u00e9ries. Ne pas placer \u00e0 proximit\u00e9 de sources de chaleur directe. Ne pas exposer \u00e0 la lumi\u00e8re directe du soleil. Ne pas utiliser de produits abrasifs tels que l&#8217;ac\u00e9tone, l&#8217;eau de Javel, les agents de blanchiment, les solvants, etc. Les \u00e9l\u00e9ments tranchants peuvent rayer la surface du produit.<\/p>\n<p>\u00b7 Instructions d&#8217;entretien : Pour le nettoyage, utilisez uniquement un chiffon doux ou un papier absorbant l\u00e9g\u00e8rement imbib\u00e9 d&#8217;une solution savonneuse neutre. Pour enlever la poussi\u00e8re, utilisez de pr\u00e9f\u00e9rence des outils non abrasifs ou des outils qui ne rayent pas la surface. Nettoyer de pr\u00e9f\u00e9rence les tissus d&#8217;ameublement \u00e0 sec. Pour le nettoyage des rev\u00eatements en similicuir ou en cuir, n&#8217;utilisez pas de produits qui pourraient \u00eatre abrasifs pour le cuir. Hydratez p\u00e9riodiquement pour \u00e9viter le dess\u00e8chement et les fissures du cuir dues au passage du temps.<\/p>\n<p>\u00b7 Attention aux avertissements : \u00c9vitez de placer des objets lourds sur le produit. Il est conseill\u00e9 de placer les objets les plus lourds dans la partie inf\u00e9rieure du meuble. Ne pas ouvrir plus d&#8217;un tiroir \u00e0 la fois. Ne pas utiliser l&#8217;appareil comme une \u00e9chelle. Ne pas laisser les enfants se tenir debout, grimper ou se suspendre aux tiroirs, aux portes ou aux \u00e9tag\u00e8res. Ne pas tra\u00eener l&#8217;armoire une fois qu&#8217;elle est pleine.<\/p>\n<p>\u00b7 Avertissements pour les appareils \u00e9lectriques : Tenir hors de port\u00e9e des enfants. \u00c9vitez la surchauffe, ne couvrez pas et n&#8217;obstruez pas les ouvertures de ventilation. \u00c9teindre la lampe et la d\u00e9brancher en cas de chaleur excessive. V\u00e9rifiez r\u00e9guli\u00e8rement que le c\u00e2ble et la fiche sont en bon \u00e9tat. N&#8217;utilisez pas le produit si le c\u00e2ble est endommag\u00e9 ou si la fiche pr\u00e9sente des signes d&#8217;usure. Veillez \u00e0 ce que la lampe soit branch\u00e9e sur une prise de courant conforme aux r\u00e9glementations locales en mati\u00e8re de s\u00e9curit\u00e9 \u00e9lectrique. N&#8217;utilisez que des ampoules compatibles avec les sp\u00e9cifications indiqu\u00e9es dans le manuel du produit (puissance maximale, type de douille, etc.). D\u00e9branchez la lampe de la prise avant de la nettoyer ou d&#8217;effectuer des r\u00e9glages.<\/p>\n<\/div>\n<\/div>\n<\/div>\n","protected":false},"excerpt":{"rendered":"<p><b>Lit double au design moderne<\/b> avec une t\u00eate de lit originale et une structure en <b>tissu gris clair<\/b>, et des pieds en <b>acier inoxydable peints \u00e0 l&#8217;\u00e9poxy noir<\/b>. Une pi\u00e8ce ma\u00eetresse pour votre chambre \u00e0 coucher avec laquelle vous donnerez un style \u00e9l\u00e9gant et accueillant. Il est <b>accompagn\u00e9 d&#8217;un confortable sommier<\/b> en bois de pin.<\/p>\n<p><b>Dimensions du produits: <\/b>233 x 213 x 112 cm.<\/p>\n<p>&#8211; Le <b>rev\u00eatement en tissu<\/b> de ce lit deviendra le protagoniste de votre chambre \u00e0 coucher, <b>apportant chaleur et style<\/b> \u00e0 votre espace de sommeil.<\/p>\n<p>&#8211; La <b>combinaison du rev\u00eatement avec ses pieds en acier<\/b> offre cet air sophistiqu\u00e9 et unique de notre marque.<\/p>\n<p>&#8211; Son design \u00e9l\u00e9gant et moderne en fait un <b>meuble parfait pour tout type de chambre \u00e0 coucher<\/b>, cr\u00e9ant l&#8217;atmosph\u00e8re id\u00e9ale pour se d\u00e9tendre et se relaxer.<\/p>\n<p>&#8211; Tous nos lits sont fabriqu\u00e9s avec des <b>mat\u00e9riaux de la plus haute qualit\u00e9<\/b> et avec une <b>structure interne en bois de pin naturel<\/b>.<\/p>\n<p>&#8211; Lit compatible avec un <b>matelas de 180&#215;200 cm<\/b>.<\/p>\n","protected":false},"featured_media":1528,"template":"","meta":{"site-sidebar-layout":"default","site-content-layout":"","ast-site-content-layout":"default","site-content-style":"default","site-sidebar-style":"default","ast-global-header-display":"","ast-banner-title-visibility":"","ast-main-header-display":"","ast-hfb-above-header-display":"","ast-hfb-below-header-display":"","ast-hfb-mobile-header-display":"","site-post-title":"","ast-breadcrumbs-content":"","ast-featured-img":"","footer-sml-layout":"","theme-transparent-header-meta":"default","adv-header-id-meta":"","stick-header-meta":"","header-above-stick-meta":"","header-main-stick-meta":"","header-below-stick-meta":"","astra-migrate-meta-layouts":"set","ast-page-background-enabled":"default","ast-page-background-meta":{"desktop":{"background-color":"var(--ast-global-color-5)","background-image":"","background-repeat":"repeat","background-position":"center center","background-size":"auto","background-attachment":"scroll","background-type":"","background-media":"","overlay-type":"","overlay-color":"","overlay-opacity":"","overlay-gradient":""},"tablet":{"background-color":"","background-image":"","background-repeat":"repeat","background-position":"center center","background-size":"auto","background-attachment":"scroll","background-type":"","background-media":"","overlay-type":"","overlay-color":"","overlay-opacity":"","overlay-gradient":""},"mobile":{"background-color":"","background-image":"","background-repeat":"repeat","background-position":"center center","background-size":"auto","background-attachment":"scroll","background-type":"","background-media":"","overlay-type":"","overlay-color":"","overlay-opacity":"","overlay-gradient":""}},"ast-content-background-meta":{"desktop":{"background-color":"var(--ast-global-color-4)","background-image":"","background-repeat":"repeat","background-position":"center center","background-size":"auto","background-attachment":"scroll","background-type":"","background-media":"","overlay-type":"","overlay-color":"","overlay-opacity":"","overlay-gradient":""},"tablet":{"background-color":"var(--ast-global-color-4)","background-image":"","background-repeat":"repeat","background-position":"center center","background-size":"auto","background-attachment":"scroll","background-type":"","background-media":"","overlay-type":"","overlay-color":"","overlay-opacity":"","overlay-gradient":""},"mobile":{"background-color":"var(--ast-global-color-4)","background-image":"","background-repeat":"repeat","background-position":"center center","background-size":"auto","background-attachment":"scroll","background-type":"","background-media":"","overlay-type":"","overlay-color":"","overlay-opacity":"","overlay-gradient":""}}},"product_brand":[],"product_cat":[47],"product_tag":[],"class_list":{"0":"post-1527","1":"product","2":"type-product","3":"status-publish","4":"has-post-thumbnail","6":"product_cat-lit","7":"desktop-align-left","8":"tablet-align-left","9":"mobile-align-left","11":"first","12":"instock","13":"shipping-taxable","14":"purchasable","15":"product-type-simple"},"yoast_head":"<!-- This site is optimized with the Yoast SEO plugin v25.9 - https:\/\/yoast.com\/wordpress\/plugins\/seo\/ -->\n<title>LIT EN TISSU GRIS CLAIR - L&#039;UNIVERS DU LIT<\/title>\n<meta name=\"robots\" content=\"index, follow, max-snippet:-1, max-image-preview:large, max-video-preview:-1\" \/>\n<link rel=\"canonical\" href=\"https:\/\/universdulit.fr\/index.php\/produit\/lit-en-tissu-gris-clair\/\" \/>\n<meta property=\"og:locale\" content=\"en_US\" \/>\n<meta property=\"og:type\" content=\"article\" \/>\n<meta property=\"og:title\" content=\"LIT EN TISSU GRIS CLAIR - L&#039;UNIVERS DU LIT\" \/>\n<meta property=\"og:description\" content=\"Lit double au design moderne avec une t\u00eate de lit originale et une structure en tissu gris clair, et des pieds en acier inoxydable peints \u00e0 l&#039;\u00e9poxy noir. Une pi\u00e8ce ma\u00eetresse pour votre chambre \u00e0 coucher avec laquelle vous donnerez un style \u00e9l\u00e9gant et accueillant. Il est accompagn\u00e9 d&#039;un confortable sommier en bois de pin.  Dimensions du produits: 233 x 213 x 112 cm.  - Le rev\u00eatement en tissu de ce lit deviendra le protagoniste de votre chambre \u00e0 coucher, apportant chaleur et style \u00e0 votre espace de sommeil.  - La combinaison du rev\u00eatement avec ses pieds en acier offre cet air sophistiqu\u00e9 et unique de notre marque.  - Son design \u00e9l\u00e9gant et moderne en fait un meuble parfait pour tout type de chambre \u00e0 coucher, cr\u00e9ant l&#039;atmosph\u00e8re id\u00e9ale pour se d\u00e9tendre et se relaxer.  - Tous nos lits sont fabriqu\u00e9s avec des mat\u00e9riaux de la plus haute qualit\u00e9 et avec une structure interne en bois de pin naturel.  - Lit compatible avec un matelas de 180x200 cm.\" \/>\n<meta property=\"og:url\" content=\"https:\/\/universdulit.fr\/index.php\/produit\/lit-en-tissu-gris-clair\/\" \/>\n<meta property=\"og:site_name\" content=\"L&#039;UNIVERS DU LIT\" \/>\n<meta property=\"article:modified_time\" content=\"2025-06-02T08:36:22+00:00\" \/>\n<meta property=\"og:image\" content=\"http:\/\/universdulit.fr\/wp-content\/uploads\/2025\/05\/LIT-EN-TISSU-GRIS-CLAIR.jpeg\" \/>\n\t<meta property=\"og:image:width\" content=\"1920\" \/>\n\t<meta property=\"og:image:height\" content=\"1920\" \/>\n\t<meta property=\"og:image:type\" content=\"image\/jpeg\" \/>\n<meta name=\"twitter:card\" content=\"summary_large_image\" \/>\n<meta name=\"twitter:label1\" content=\"Est. reading time\" \/>\n\t<meta name=\"twitter:data1\" content=\"6 minutes\" \/>\n<script type=\"application\/ld+json\" class=\"yoast-schema-graph\">{\"@context\":\"https:\/\/schema.org\",\"@graph\":[{\"@type\":\"WebPage\",\"@id\":\"https:\/\/universdulit.fr\/index.php\/produit\/lit-en-tissu-gris-clair\/\",\"url\":\"https:\/\/universdulit.fr\/index.php\/produit\/lit-en-tissu-gris-clair\/\",\"name\":\"LIT EN TISSU GRIS CLAIR - L&#039;UNIVERS DU LIT\",\"isPartOf\":{\"@id\":\"https:\/\/universdulit.fr\/#website\"},\"primaryImageOfPage\":{\"@id\":\"https:\/\/universdulit.fr\/index.php\/produit\/lit-en-tissu-gris-clair\/#primaryimage\"},\"image\":{\"@id\":\"https:\/\/universdulit.fr\/index.php\/produit\/lit-en-tissu-gris-clair\/#primaryimage\"},\"thumbnailUrl\":\"https:\/\/universdulit.fr\/wp-content\/uploads\/2025\/05\/LIT-EN-TISSU-GRIS-CLAIR.jpeg\",\"datePublished\":\"2025-05-20T08:58:32+00:00\",\"dateModified\":\"2025-06-02T08:36:22+00:00\",\"breadcrumb\":{\"@id\":\"https:\/\/universdulit.fr\/index.php\/produit\/lit-en-tissu-gris-clair\/#breadcrumb\"},\"inLanguage\":\"en-US\",\"potentialAction\":[{\"@type\":\"ReadAction\",\"target\":[\"https:\/\/universdulit.fr\/index.php\/produit\/lit-en-tissu-gris-clair\/\"]}]},{\"@type\":\"ImageObject\",\"inLanguage\":\"en-US\",\"@id\":\"https:\/\/universdulit.fr\/index.php\/produit\/lit-en-tissu-gris-clair\/#primaryimage\",\"url\":\"https:\/\/universdulit.fr\/wp-content\/uploads\/2025\/05\/LIT-EN-TISSU-GRIS-CLAIR.jpeg\",\"contentUrl\":\"https:\/\/universdulit.fr\/wp-content\/uploads\/2025\/05\/LIT-EN-TISSU-GRIS-CLAIR.jpeg\",\"width\":1920,\"height\":1920},{\"@type\":\"BreadcrumbList\",\"@id\":\"https:\/\/universdulit.fr\/index.php\/produit\/lit-en-tissu-gris-clair\/#breadcrumb\",\"itemListElement\":[{\"@type\":\"ListItem\",\"position\":1,\"name\":\"Accueil\",\"item\":\"https:\/\/universdulit.fr\/\"},{\"@type\":\"ListItem\",\"position\":2,\"name\":\"Produits\",\"item\":\"https:\/\/universdulit.fr\/index.php\/shop\/\"},{\"@type\":\"ListItem\",\"position\":3,\"name\":\"LIT EN TISSU GRIS CLAIR\"}]},{\"@type\":\"WebSite\",\"@id\":\"https:\/\/universdulit.fr\/#website\",\"url\":\"https:\/\/universdulit.fr\/\",\"name\":\"L'UNIVERS DU LIT\",\"description\":\"Le meilleur de la literie\",\"publisher\":{\"@id\":\"https:\/\/universdulit.fr\/#organization\"},\"potentialAction\":[{\"@type\":\"SearchAction\",\"target\":{\"@type\":\"EntryPoint\",\"urlTemplate\":\"https:\/\/universdulit.fr\/?s={search_term_string}\"},\"query-input\":{\"@type\":\"PropertyValueSpecification\",\"valueRequired\":true,\"valueName\":\"search_term_string\"}}],\"inLanguage\":\"en-US\"},{\"@type\":\"Organization\",\"@id\":\"https:\/\/universdulit.fr\/#organization\",\"name\":\"L'UNIVERS DU LIT\",\"url\":\"https:\/\/universdulit.fr\/\",\"logo\":{\"@type\":\"ImageObject\",\"inLanguage\":\"en-US\",\"@id\":\"https:\/\/universdulit.fr\/#\/schema\/logo\/image\/\",\"url\":\"https:\/\/universdulit.fr\/wp-content\/uploads\/2025\/05\/cropped-cropped-Capture-decran-2025-05-09-a-18.46.35.png\",\"contentUrl\":\"https:\/\/universdulit.fr\/wp-content\/uploads\/2025\/05\/cropped-cropped-Capture-decran-2025-05-09-a-18.46.35.png\",\"width\":1298,\"height\":419,\"caption\":\"L'UNIVERS DU LIT\"},\"image\":{\"@id\":\"https:\/\/universdulit.fr\/#\/schema\/logo\/image\/\"}}]}<\/script>\n<!-- \/ Yoast SEO plugin. -->","yoast_head_json":{"title":"LIT EN TISSU GRIS CLAIR - L&#039;UNIVERS DU LIT","robots":{"index":"index","follow":"follow","max-snippet":"max-snippet:-1","max-image-preview":"max-image-preview:large","max-video-preview":"max-video-preview:-1"},"canonical":"https:\/\/universdulit.fr\/index.php\/produit\/lit-en-tissu-gris-clair\/","og_locale":"en_US","og_type":"article","og_title":"LIT EN TISSU GRIS CLAIR - L&#039;UNIVERS DU LIT","og_description":"Lit double au design moderne avec une t\u00eate de lit originale et une structure en tissu gris clair, et des pieds en acier inoxydable peints \u00e0 l'\u00e9poxy noir. Une pi\u00e8ce ma\u00eetresse pour votre chambre \u00e0 coucher avec laquelle vous donnerez un style \u00e9l\u00e9gant et accueillant. Il est accompagn\u00e9 d'un confortable sommier en bois de pin.  Dimensions du produits: 233 x 213 x 112 cm.  - Le rev\u00eatement en tissu de ce lit deviendra le protagoniste de votre chambre \u00e0 coucher, apportant chaleur et style \u00e0 votre espace de sommeil.  - La combinaison du rev\u00eatement avec ses pieds en acier offre cet air sophistiqu\u00e9 et unique de notre marque.  - Son design \u00e9l\u00e9gant et moderne en fait un meuble parfait pour tout type de chambre \u00e0 coucher, cr\u00e9ant l'atmosph\u00e8re id\u00e9ale pour se d\u00e9tendre et se relaxer.  - Tous nos lits sont fabriqu\u00e9s avec des mat\u00e9riaux de la plus haute qualit\u00e9 et avec une structure interne en bois de pin naturel.  - Lit compatible avec un matelas de 180x200 cm.","og_url":"https:\/\/universdulit.fr\/index.php\/produit\/lit-en-tissu-gris-clair\/","og_site_name":"L&#039;UNIVERS DU LIT","article_modified_time":"2025-06-02T08:36:22+00:00","og_image":[{"width":1920,"height":1920,"url":"http:\/\/universdulit.fr\/wp-content\/uploads\/2025\/05\/LIT-EN-TISSU-GRIS-CLAIR.jpeg","type":"image\/jpeg"}],"twitter_card":"summary_large_image","twitter_misc":{"Est. reading time":"6 minutes"},"schema":{"@context":"https:\/\/schema.org","@graph":[{"@type":"WebPage","@id":"https:\/\/universdulit.fr\/index.php\/produit\/lit-en-tissu-gris-clair\/","url":"https:\/\/universdulit.fr\/index.php\/produit\/lit-en-tissu-gris-clair\/","name":"LIT EN TISSU GRIS CLAIR - L&#039;UNIVERS DU LIT","isPartOf":{"@id":"https:\/\/universdulit.fr\/#website"},"primaryImageOfPage":{"@id":"https:\/\/universdulit.fr\/index.php\/produit\/lit-en-tissu-gris-clair\/#primaryimage"},"image":{"@id":"https:\/\/universdulit.fr\/index.php\/produit\/lit-en-tissu-gris-clair\/#primaryimage"},"thumbnailUrl":"https:\/\/universdulit.fr\/wp-content\/uploads\/2025\/05\/LIT-EN-TISSU-GRIS-CLAIR.jpeg","datePublished":"2025-05-20T08:58:32+00:00","dateModified":"2025-06-02T08:36:22+00:00","breadcrumb":{"@id":"https:\/\/universdulit.fr\/index.php\/produit\/lit-en-tissu-gris-clair\/#breadcrumb"},"inLanguage":"en-US","potentialAction":[{"@type":"ReadAction","target":["https:\/\/universdulit.fr\/index.php\/produit\/lit-en-tissu-gris-clair\/"]}]},{"@type":"ImageObject","inLanguage":"en-US","@id":"https:\/\/universdulit.fr\/index.php\/produit\/lit-en-tissu-gris-clair\/#primaryimage","url":"https:\/\/universdulit.fr\/wp-content\/uploads\/2025\/05\/LIT-EN-TISSU-GRIS-CLAIR.jpeg","contentUrl":"https:\/\/universdulit.fr\/wp-content\/uploads\/2025\/05\/LIT-EN-TISSU-GRIS-CLAIR.jpeg","width":1920,"height":1920},{"@type":"BreadcrumbList","@id":"https:\/\/universdulit.fr\/index.php\/produit\/lit-en-tissu-gris-clair\/#breadcrumb","itemListElement":[{"@type":"ListItem","position":1,"name":"Accueil","item":"https:\/\/universdulit.fr\/"},{"@type":"ListItem","position":2,"name":"Produits","item":"https:\/\/universdulit.fr\/index.php\/shop\/"},{"@type":"ListItem","position":3,"name":"LIT EN TISSU GRIS CLAIR"}]},{"@type":"WebSite","@id":"https:\/\/universdulit.fr\/#website","url":"https:\/\/universdulit.fr\/","name":"L'UNIVERS DU LIT","description":"Le meilleur de la literie","publisher":{"@id":"https:\/\/universdulit.fr\/#organization"},"potentialAction":[{"@type":"SearchAction","target":{"@type":"EntryPoint","urlTemplate":"https:\/\/universdulit.fr\/?s={search_term_string}"},"query-input":{"@type":"PropertyValueSpecification","valueRequired":true,"valueName":"search_term_string"}}],"inLanguage":"en-US"},{"@type":"Organization","@id":"https:\/\/universdulit.fr\/#organization","name":"L'UNIVERS DU LIT","url":"https:\/\/universdulit.fr\/","logo":{"@type":"ImageObject","inLanguage":"en-US","@id":"https:\/\/universdulit.fr\/#\/schema\/logo\/image\/","url":"https:\/\/universdulit.fr\/wp-content\/uploads\/2025\/05\/cropped-cropped-Capture-decran-2025-05-09-a-18.46.35.png","contentUrl":"https:\/\/universdulit.fr\/wp-content\/uploads\/2025\/05\/cropped-cropped-Capture-decran-2025-05-09-a-18.46.35.png","width":1298,"height":419,"caption":"L'UNIVERS DU LIT"},"image":{"@id":"https:\/\/universdulit.fr\/#\/schema\/logo\/image\/"}}]}},"_links":{"self":[{"href":"https:\/\/universdulit.fr\/index.php\/wp-json\/wp\/v2\/product\/1527","targetHints":{"allow":["GET"]}}],"collection":[{"href":"https:\/\/universdulit.fr\/index.php\/wp-json\/wp\/v2\/product"}],"about":[{"href":"https:\/\/universdulit.fr\/index.php\/wp-json\/wp\/v2\/types\/product"}],"wp:featuredmedia":[{"embeddable":true,"href":"https:\/\/universdulit.fr\/index.php\/wp-json\/wp\/v2\/media\/1528"}],"wp:attachment":[{"href":"https:\/\/universdulit.fr\/index.php\/wp-json\/wp\/v2\/media?parent=1527"}],"wp:term":[{"taxonomy":"product_brand","embeddable":true,"href":"https:\/\/universdulit.fr\/index.php\/wp-json\/wp\/v2\/product_brand?post=1527"},{"taxonomy":"product_cat","embeddable":true,"href":"https:\/\/universdulit.fr\/index.php\/wp-json\/wp\/v2\/product_cat?post=1527"},{"taxonomy":"product_tag","embeddable":true,"href":"https:\/\/universdulit.fr\/index.php\/wp-json\/wp\/v2\/product_tag?post=1527"}],"curies":[{"name":"wp","href":"https:\/\/api.w.org\/{rel}","templated":true}]}}