{"id":1515,"date":"2025-05-20T10:47:55","date_gmt":"2025-05-20T08:47:55","guid":{"rendered":"https:\/\/universdulit.fr\/?post_type=product&#038;p=1515"},"modified":"2025-06-02T10:38:38","modified_gmt":"2025-06-02T08:38:38","slug":"lit-en-similicuir-vert-fonce","status":"publish","type":"product","link":"https:\/\/universdulit.fr\/index.php\/produit\/lit-en-similicuir-vert-fonce\/","title":{"rendered":"LIT EN SIMILICUIR VERT FONC\u00c9"},"content":{"rendered":"<style>\n.accordion-container {<br \/>  border-top: 1px solid #ddd;<br \/>}<br \/>.accordion-item {<br \/>  border-bottom: 1px solid #ddd;<br \/>}<br \/>.accordion-header {<br \/>  display: flex;<br \/>  justify-content: space-between;<br \/>  cursor: pointer;<br \/>  padding: 12px 16px;<br \/>  background-color: #f8f8f8;<br \/>  font-weight: bold;<br \/>  font-size: 16px;<br \/>}<br \/>.accordion-symbol {<br \/>  font-size: 18px;<br \/>}<br \/>.accordion-content {<br \/>  display: none;<br \/>  padding: 16px;<br \/>  background-color: #fff;<br \/>  font-size: 14px;<br \/>  line-height: 1.6;<br \/>}<br \/>.accordion-open .accordion-content {<br \/>  display: block;<br \/>}<br \/>.accordion-open .accordion-symbol::before {<br \/>  content: \"-\";<br \/>}<br \/>.accordion-symbol::before {<br \/>  content: \"+\";<br \/>}<br \/><\/style>\n<p><script>\ndocument.addEventListener(\"DOMContentLoaded\", function () {\n  document.querySelectorAll(\".accordion-header\").forEach(header => {\n    header.addEventListener(\"click\", () => {\n      const item = header.parentElement;\n      item.classList.toggle(\"accordion-open\");\n    });\n  });\n});\n<\/script><\/p>\n<div class=\"accordion-container\">\n<p><!-- Description --><\/p>\n<div class=\"accordion-item\">\n<div class=\"accordion-header\">Description du produit<\/div>\n<div class=\"accordion-content\">\n<p>Lit double au design moderne avec une t\u00eate de lit originale en simili cuir vert fonc\u00e9 et une structure en bois plaqu\u00e9 en noyer naturel. Une pi\u00e8ce ma\u00eetresse pour votre chambre \u00e0 coucher avec laquelle vous ajouterez un style \u00e9l\u00e9gant et accueillant. Il est accompagn\u00e9 d&#8217;une confortable base multi-lits en bois de pin.<\/p>\n<p><strong>Dimensions :<\/strong> 206 x 213 x 123 cm<\/p>\n<ul>\n<li>Rev\u00eatement en similicuir vert fonc\u00e9 chaleureux et tendance<\/li>\n<li>Structure robuste en bois plaqu\u00e9 noyer 0,5 mm<\/li>\n<li>Design moderne et \u00e9l\u00e9gant pour tout type de chambre<\/li>\n<li>Structure interne en bois de pin naturel<\/li>\n<li>Matelas compatible : 180&#215;200 cm<\/li>\n<li>Rembourrage matelass\u00e9 original en vert fonc\u00e9<\/li>\n<\/ul>\n<p>Retrouvez dans notre catalogue une s\u00e9lection de meubles design : lits, tables de chevet, commodes, etc., fabriqu\u00e9s avec des mat\u00e9riaux nobles de qualit\u00e9 sup\u00e9rieure.<\/p>\n<\/div>\n<\/div>\n<p><!-- Dimensions --><\/p>\n<div class=\"accordion-item\">\n<div class=\"accordion-header\">Dimensions de l\u2019appareil<\/div>\n<div class=\"accordion-content\">\n<ul>\n<li>Mesures : 206 x 213 x 123 cm<\/li>\n<li>Volume : 1,69 m\u00b3<\/li>\n<li>Poids net : 135 kg<\/li>\n<li>Poids brut : 141 kg<\/li>\n<li>Hauteur de la baignoire : 30 cm<\/li>\n<li>Hauteur des pieds : 15 cm<\/li>\n<li>Hauteur int\u00e9rieure jusqu&#8217;au sommier : 7 cm<\/li>\n<li>\u00c9paisseur de la t\u00eate de lit : 6 cm<\/li>\n<li>Colis 1 : 224 x 137 x 37 cm \/ 84 kg<\/li>\n<li>Colis 2 : 214 x 42 x 19 cm \/ 29 kg<\/li>\n<li>Colis 3 : 210 x 98 x 18 cm \/ 28 kg<\/li>\n<\/ul>\n<\/div>\n<\/div>\n<p><!-- Sp\u00e9cifications --><\/p>\n<div class=\"accordion-item\">\n<div class=\"accordion-header\">Sp\u00e9cifications<\/div>\n<div class=\"accordion-content\">\n<ul>\n<li>Dimensions matelas compatible : 180 x 200 cm<\/li>\n<li>Sommier inclus : Oui, avec 14 lattes en bois de h\u00eatre<\/li>\n<li>Dos fini : Oui<\/li>\n<\/ul>\n<\/div>\n<\/div>\n<p><!-- Mat\u00e9riaux --><\/p>\n<div class=\"accordion-item\">\n<div class=\"accordion-header\">Mat\u00e9riaux<\/div>\n<div class=\"accordion-content\">\n<ul>\n<li>T\u00eate de lit : Simili cuir<\/li>\n<li>Baignoire : Bois plaqu\u00e9 noyer naturel 0,5 mm<\/li>\n<li>Rembourrage : 90 % vinyle, 10 % polyester<\/li>\n<li>Ameublement : Mousse polyur\u00e9thane densit\u00e9 25 kg\/m\u00b3<\/li>\n<li>Pieds : Bois plaqu\u00e9 noyer 0,5 mm<\/li>\n<li>Structure interne : Bois massif de pin<\/li>\n<\/ul>\n<\/div>\n<\/div>\n<p><!-- Entretien et garantie --><\/p>\n<div class=\"accordion-item\">\n<div class=\"accordion-header\">Entretien et garantie<\/div>\n<div class=\"accordion-content\">\n<h4>Recommandations<\/h4>\n<p>Tous nos meubles sont livr\u00e9s avec instructions et outils de montage. Contactez-nous pour toute question. \u00c9vitez les objets pointus. Conservez l\u2019emballage et les accessoires quelques jours apr\u00e8s livraison.<\/p>\n<h4>Recommandations g\u00e9n\u00e9rales<\/h4>\n<p>Usage domestique uniquement. Ne pas exposer aux intemp\u00e9ries, \u00e0 la chaleur ou \u00e0 la lumi\u00e8re directe. Ne pas utiliser de produits abrasifs (ac\u00e9tone, javel, solvants, etc.).<\/p>\n<h4>Instructions d\u2019entretien<\/h4>\n<p>Chiffon doux + savon neutre. \u00c9vitez les outils ou produits abrasifs. Nettoyage \u00e0 sec pour les tissus. Hydratez r\u00e9guli\u00e8rement le similicuir pour \u00e9viter les fissures.<\/p>\n<h4>Garantie<\/h4>\n<p>Garantie 3 ans. Retour sous 14 jours apr\u00e8s r\u00e9ception. *(Voir les conditions g\u00e9n\u00e9rales)*<\/p>\n<h4>Informations fabricant<\/h4>\n<ul>\n<li><strong>Avertissements :<\/strong> Trier et compter les pi\u00e8ces et les accessoires. Pr\u00e9voir un espace pour l&#8217;assemblage. Ne pas forcer les vis et les \u00e9l\u00e9ments de montage. Suivre pas \u00e0 pas les instructions de montage.<\/li>\n<li><strong>Utilisation :<\/strong> Meubles \u00e0 usage domestique uniquement. Ne pas exposer aux intemp\u00e9ries. Ne pas placer \u00e0 proximit\u00e9 de sources de chaleur directe. Ne pas exposer \u00e0 la lumi\u00e8re directe du soleil. Ne pas utiliser de produits abrasifs tels que l&#8217;ac\u00e9tone, l&#8217;eau de Javel, les agents de blanchiment, les solvants, etc. Les \u00e9l\u00e9ments tranchants peuvent rayer la surface du produit.<\/li>\n<li><strong>Entretien :<\/strong> Pour le nettoyage, utilisez uniquement un chiffon doux ou un papier absorbant l\u00e9g\u00e8rement imbib\u00e9 d&#8217;une solution savonneuse neutre. Pour enlever la poussi\u00e8re, utilisez de pr\u00e9f\u00e9rence des outils non abrasifs ou des outils qui ne rayent pas la surface. Nettoyer de pr\u00e9f\u00e9rence les tissus d&#8217;ameublement \u00e0 sec. Pour le nettoyage des rev\u00eatements en similicuir ou en cuir, n&#8217;utilisez pas de produits qui pourraient \u00eatre abrasifs pour le cuir. Hydratez p\u00e9riodiquement pour \u00e9viter le dess\u00e8chement et les fissures du cuir dues au passage du temps.<\/li>\n<li><strong>S\u00e9curit\u00e9 :<\/strong> \u00c9vitez de placer des objets lourds sur le produit. Il est conseill\u00e9 de placer les objets les plus lourds dans la partie inf\u00e9rieure du meuble. Ne pas ouvrir plus d&#8217;un tiroir \u00e0 la fois. Ne pas utiliser l&#8217;appareil comme une \u00e9chelle. Ne pas laisser les enfants se tenir debout, grimper ou se suspendre aux tiroirs, aux portes ou aux \u00e9tag\u00e8res. Ne pas tra\u00eener l&#8217;armoire une fois qu&#8217;elle est pleine.<\/li>\n<li><strong>Avertissements pour les appareils \u00e9lectriques :<\/strong> Tenir hors de port\u00e9e des enfants. \u00c9vitez la surchauffe, ne couvrez pas et n&#8217;obstruez pas les ouvertures de ventilation. \u00c9teindre la lampe et la d\u00e9brancher en cas de chaleur excessive. V\u00e9rifiez r\u00e9guli\u00e8rement que le c\u00e2ble et la fiche sont en bon \u00e9tat. N&#8217;utilisez pas le produit si le c\u00e2ble est endommag\u00e9 ou si la fiche pr\u00e9sente des signes d&#8217;usure. Veillez \u00e0 ce que la lampe soit branch\u00e9e sur une prise de courant conforme aux r\u00e9glementations locales en mati\u00e8re de s\u00e9curit\u00e9 \u00e9lectrique. N&#8217;utilisez que des ampoules compatibles avec les sp\u00e9cifications indiqu\u00e9es dans le manuel du produit (puissance maximale, type de douille, etc.). D\u00e9branchez la lampe de la prise avant de la nettoyer ou d&#8217;effectuer des r\u00e9glages.<\/li>\n<\/ul>\n<\/div>\n<\/div>\n<\/div>\n","protected":false},"excerpt":{"rendered":"<p>Lit double au design moderne avec une t\u00eate de lit originale en simili cuir vert fonc\u00e9 et une structure en bois plaqu\u00e9 en noyer naturel. Une pi\u00e8ce ma\u00eetresse pour votre chambre \u00e0 coucher avec laquelle vous ajouterez un style \u00e9l\u00e9gant et accueillant. Il est accompagn\u00e9 d&#8217;une confortable base multi-lits en bois de pin.<br \/>\n-Dimensions du produits: 206 x 213 x 123 cm.<br \/>\n-Lit compatible avec un matelas de 180&#215;200 cm.<\/p>\n","protected":false},"featured_media":1516,"template":"","meta":{"site-sidebar-layout":"default","site-content-layout":"","ast-site-content-layout":"default","site-content-style":"default","site-sidebar-style":"default","ast-global-header-display":"","ast-banner-title-visibility":"","ast-main-header-display":"","ast-hfb-above-header-display":"","ast-hfb-below-header-display":"","ast-hfb-mobile-header-display":"","site-post-title":"","ast-breadcrumbs-content":"","ast-featured-img":"","footer-sml-layout":"","theme-transparent-header-meta":"default","adv-header-id-meta":"","stick-header-meta":"","header-above-stick-meta":"","header-main-stick-meta":"","header-below-stick-meta":"","astra-migrate-meta-layouts":"set","ast-page-background-enabled":"default","ast-page-background-meta":{"desktop":{"background-color":"var(--ast-global-color-5)","background-image":"","background-repeat":"repeat","background-position":"center center","background-size":"auto","background-attachment":"scroll","background-type":"","background-media":"","overlay-type":"","overlay-color":"","overlay-opacity":"","overlay-gradient":""},"tablet":{"background-color":"","background-image":"","background-repeat":"repeat","background-position":"center center","background-size":"auto","background-attachment":"scroll","background-type":"","background-media":"","overlay-type":"","overlay-color":"","overlay-opacity":"","overlay-gradient":""},"mobile":{"background-color":"","background-image":"","background-repeat":"repeat","background-position":"center center","background-size":"auto","background-attachment":"scroll","background-type":"","background-media":"","overlay-type":"","overlay-color":"","overlay-opacity":"","overlay-gradient":""}},"ast-content-background-meta":{"desktop":{"background-color":"var(--ast-global-color-4)","background-image":"","background-repeat":"repeat","background-position":"center center","background-size":"auto","background-attachment":"scroll","background-type":"","background-media":"","overlay-type":"","overlay-color":"","overlay-opacity":"","overlay-gradient":""},"tablet":{"background-color":"var(--ast-global-color-4)","background-image":"","background-repeat":"repeat","background-position":"center center","background-size":"auto","background-attachment":"scroll","background-type":"","background-media":"","overlay-type":"","overlay-color":"","overlay-opacity":"","overlay-gradient":""},"mobile":{"background-color":"var(--ast-global-color-4)","background-image":"","background-repeat":"repeat","background-position":"center center","background-size":"auto","background-attachment":"scroll","background-type":"","background-media":"","overlay-type":"","overlay-color":"","overlay-opacity":"","overlay-gradient":""}}},"product_brand":[],"product_cat":[47],"product_tag":[],"class_list":{"0":"post-1515","1":"product","2":"type-product","3":"status-publish","4":"has-post-thumbnail","6":"product_cat-lit","7":"desktop-align-left","8":"tablet-align-left","9":"mobile-align-left","11":"first","12":"instock","13":"shipping-taxable","14":"purchasable","15":"product-type-simple"},"yoast_head":"<!-- This site is optimized with the Yoast SEO plugin v25.9 - https:\/\/yoast.com\/wordpress\/plugins\/seo\/ -->\n<title>LIT EN SIMILICUIR VERT FONC\u00c9 - L&#039;UNIVERS DU LIT<\/title>\n<meta name=\"robots\" content=\"index, follow, max-snippet:-1, max-image-preview:large, max-video-preview:-1\" \/>\n<link rel=\"canonical\" href=\"https:\/\/universdulit.fr\/index.php\/produit\/lit-en-similicuir-vert-fonce\/\" \/>\n<meta property=\"og:locale\" content=\"en_US\" \/>\n<meta property=\"og:type\" content=\"article\" \/>\n<meta property=\"og:title\" content=\"LIT EN SIMILICUIR VERT FONC\u00c9 - L&#039;UNIVERS DU LIT\" \/>\n<meta property=\"og:description\" content=\"Lit double au design moderne avec une t\u00eate de lit originale en simili cuir vert fonc\u00e9 et une structure en bois plaqu\u00e9 en noyer naturel. Une pi\u00e8ce ma\u00eetresse pour votre chambre \u00e0 coucher avec laquelle vous ajouterez un style \u00e9l\u00e9gant et accueillant. Il est accompagn\u00e9 d&#039;une confortable base multi-lits en bois de pin. -Dimensions du produits: 206 x 213 x 123 cm. -Lit compatible avec un matelas de 180x200 cm.\" \/>\n<meta property=\"og:url\" content=\"https:\/\/universdulit.fr\/index.php\/produit\/lit-en-similicuir-vert-fonce\/\" \/>\n<meta property=\"og:site_name\" content=\"L&#039;UNIVERS DU LIT\" \/>\n<meta property=\"article:modified_time\" content=\"2025-06-02T08:38:38+00:00\" \/>\n<meta property=\"og:image\" content=\"http:\/\/universdulit.fr\/wp-content\/uploads\/2025\/05\/LIT-EN-SIMILICUIR-VERT.jpeg\" \/>\n\t<meta property=\"og:image:width\" content=\"1920\" \/>\n\t<meta property=\"og:image:height\" content=\"1920\" \/>\n\t<meta property=\"og:image:type\" content=\"image\/jpeg\" \/>\n<meta name=\"twitter:card\" content=\"summary_large_image\" \/>\n<meta name=\"twitter:label1\" content=\"Est. reading time\" \/>\n\t<meta name=\"twitter:data1\" content=\"4 minutes\" \/>\n<script type=\"application\/ld+json\" class=\"yoast-schema-graph\">{\"@context\":\"https:\/\/schema.org\",\"@graph\":[{\"@type\":\"WebPage\",\"@id\":\"https:\/\/universdulit.fr\/index.php\/produit\/lit-en-similicuir-vert-fonce\/\",\"url\":\"https:\/\/universdulit.fr\/index.php\/produit\/lit-en-similicuir-vert-fonce\/\",\"name\":\"LIT EN SIMILICUIR VERT FONC\u00c9 - L&#039;UNIVERS DU LIT\",\"isPartOf\":{\"@id\":\"https:\/\/universdulit.fr\/#website\"},\"primaryImageOfPage\":{\"@id\":\"https:\/\/universdulit.fr\/index.php\/produit\/lit-en-similicuir-vert-fonce\/#primaryimage\"},\"image\":{\"@id\":\"https:\/\/universdulit.fr\/index.php\/produit\/lit-en-similicuir-vert-fonce\/#primaryimage\"},\"thumbnailUrl\":\"https:\/\/universdulit.fr\/wp-content\/uploads\/2025\/05\/LIT-EN-SIMILICUIR-VERT.jpeg\",\"datePublished\":\"2025-05-20T08:47:55+00:00\",\"dateModified\":\"2025-06-02T08:38:38+00:00\",\"breadcrumb\":{\"@id\":\"https:\/\/universdulit.fr\/index.php\/produit\/lit-en-similicuir-vert-fonce\/#breadcrumb\"},\"inLanguage\":\"en-US\",\"potentialAction\":[{\"@type\":\"ReadAction\",\"target\":[\"https:\/\/universdulit.fr\/index.php\/produit\/lit-en-similicuir-vert-fonce\/\"]}]},{\"@type\":\"ImageObject\",\"inLanguage\":\"en-US\",\"@id\":\"https:\/\/universdulit.fr\/index.php\/produit\/lit-en-similicuir-vert-fonce\/#primaryimage\",\"url\":\"https:\/\/universdulit.fr\/wp-content\/uploads\/2025\/05\/LIT-EN-SIMILICUIR-VERT.jpeg\",\"contentUrl\":\"https:\/\/universdulit.fr\/wp-content\/uploads\/2025\/05\/LIT-EN-SIMILICUIR-VERT.jpeg\",\"width\":1920,\"height\":1920},{\"@type\":\"BreadcrumbList\",\"@id\":\"https:\/\/universdulit.fr\/index.php\/produit\/lit-en-similicuir-vert-fonce\/#breadcrumb\",\"itemListElement\":[{\"@type\":\"ListItem\",\"position\":1,\"name\":\"Accueil\",\"item\":\"https:\/\/universdulit.fr\/\"},{\"@type\":\"ListItem\",\"position\":2,\"name\":\"Produits\",\"item\":\"https:\/\/universdulit.fr\/index.php\/shop\/\"},{\"@type\":\"ListItem\",\"position\":3,\"name\":\"LIT EN SIMILICUIR VERT FONC\u00c9\"}]},{\"@type\":\"WebSite\",\"@id\":\"https:\/\/universdulit.fr\/#website\",\"url\":\"https:\/\/universdulit.fr\/\",\"name\":\"L'UNIVERS DU LIT\",\"description\":\"Le meilleur de la literie\",\"publisher\":{\"@id\":\"https:\/\/universdulit.fr\/#organization\"},\"potentialAction\":[{\"@type\":\"SearchAction\",\"target\":{\"@type\":\"EntryPoint\",\"urlTemplate\":\"https:\/\/universdulit.fr\/?s={search_term_string}\"},\"query-input\":{\"@type\":\"PropertyValueSpecification\",\"valueRequired\":true,\"valueName\":\"search_term_string\"}}],\"inLanguage\":\"en-US\"},{\"@type\":\"Organization\",\"@id\":\"https:\/\/universdulit.fr\/#organization\",\"name\":\"L'UNIVERS DU LIT\",\"url\":\"https:\/\/universdulit.fr\/\",\"logo\":{\"@type\":\"ImageObject\",\"inLanguage\":\"en-US\",\"@id\":\"https:\/\/universdulit.fr\/#\/schema\/logo\/image\/\",\"url\":\"https:\/\/universdulit.fr\/wp-content\/uploads\/2025\/05\/cropped-cropped-Capture-decran-2025-05-09-a-18.46.35.png\",\"contentUrl\":\"https:\/\/universdulit.fr\/wp-content\/uploads\/2025\/05\/cropped-cropped-Capture-decran-2025-05-09-a-18.46.35.png\",\"width\":1298,\"height\":419,\"caption\":\"L'UNIVERS DU LIT\"},\"image\":{\"@id\":\"https:\/\/universdulit.fr\/#\/schema\/logo\/image\/\"}}]}<\/script>\n<!-- \/ Yoast SEO plugin. -->","yoast_head_json":{"title":"LIT EN SIMILICUIR VERT FONC\u00c9 - L&#039;UNIVERS DU LIT","robots":{"index":"index","follow":"follow","max-snippet":"max-snippet:-1","max-image-preview":"max-image-preview:large","max-video-preview":"max-video-preview:-1"},"canonical":"https:\/\/universdulit.fr\/index.php\/produit\/lit-en-similicuir-vert-fonce\/","og_locale":"en_US","og_type":"article","og_title":"LIT EN SIMILICUIR VERT FONC\u00c9 - L&#039;UNIVERS DU LIT","og_description":"Lit double au design moderne avec une t\u00eate de lit originale en simili cuir vert fonc\u00e9 et une structure en bois plaqu\u00e9 en noyer naturel. Une pi\u00e8ce ma\u00eetresse pour votre chambre \u00e0 coucher avec laquelle vous ajouterez un style \u00e9l\u00e9gant et accueillant. Il est accompagn\u00e9 d'une confortable base multi-lits en bois de pin. -Dimensions du produits: 206 x 213 x 123 cm. -Lit compatible avec un matelas de 180x200 cm.","og_url":"https:\/\/universdulit.fr\/index.php\/produit\/lit-en-similicuir-vert-fonce\/","og_site_name":"L&#039;UNIVERS DU LIT","article_modified_time":"2025-06-02T08:38:38+00:00","og_image":[{"width":1920,"height":1920,"url":"http:\/\/universdulit.fr\/wp-content\/uploads\/2025\/05\/LIT-EN-SIMILICUIR-VERT.jpeg","type":"image\/jpeg"}],"twitter_card":"summary_large_image","twitter_misc":{"Est. reading time":"4 minutes"},"schema":{"@context":"https:\/\/schema.org","@graph":[{"@type":"WebPage","@id":"https:\/\/universdulit.fr\/index.php\/produit\/lit-en-similicuir-vert-fonce\/","url":"https:\/\/universdulit.fr\/index.php\/produit\/lit-en-similicuir-vert-fonce\/","name":"LIT EN SIMILICUIR VERT FONC\u00c9 - L&#039;UNIVERS DU LIT","isPartOf":{"@id":"https:\/\/universdulit.fr\/#website"},"primaryImageOfPage":{"@id":"https:\/\/universdulit.fr\/index.php\/produit\/lit-en-similicuir-vert-fonce\/#primaryimage"},"image":{"@id":"https:\/\/universdulit.fr\/index.php\/produit\/lit-en-similicuir-vert-fonce\/#primaryimage"},"thumbnailUrl":"https:\/\/universdulit.fr\/wp-content\/uploads\/2025\/05\/LIT-EN-SIMILICUIR-VERT.jpeg","datePublished":"2025-05-20T08:47:55+00:00","dateModified":"2025-06-02T08:38:38+00:00","breadcrumb":{"@id":"https:\/\/universdulit.fr\/index.php\/produit\/lit-en-similicuir-vert-fonce\/#breadcrumb"},"inLanguage":"en-US","potentialAction":[{"@type":"ReadAction","target":["https:\/\/universdulit.fr\/index.php\/produit\/lit-en-similicuir-vert-fonce\/"]}]},{"@type":"ImageObject","inLanguage":"en-US","@id":"https:\/\/universdulit.fr\/index.php\/produit\/lit-en-similicuir-vert-fonce\/#primaryimage","url":"https:\/\/universdulit.fr\/wp-content\/uploads\/2025\/05\/LIT-EN-SIMILICUIR-VERT.jpeg","contentUrl":"https:\/\/universdulit.fr\/wp-content\/uploads\/2025\/05\/LIT-EN-SIMILICUIR-VERT.jpeg","width":1920,"height":1920},{"@type":"BreadcrumbList","@id":"https:\/\/universdulit.fr\/index.php\/produit\/lit-en-similicuir-vert-fonce\/#breadcrumb","itemListElement":[{"@type":"ListItem","position":1,"name":"Accueil","item":"https:\/\/universdulit.fr\/"},{"@type":"ListItem","position":2,"name":"Produits","item":"https:\/\/universdulit.fr\/index.php\/shop\/"},{"@type":"ListItem","position":3,"name":"LIT EN SIMILICUIR VERT FONC\u00c9"}]},{"@type":"WebSite","@id":"https:\/\/universdulit.fr\/#website","url":"https:\/\/universdulit.fr\/","name":"L'UNIVERS DU LIT","description":"Le meilleur de la literie","publisher":{"@id":"https:\/\/universdulit.fr\/#organization"},"potentialAction":[{"@type":"SearchAction","target":{"@type":"EntryPoint","urlTemplate":"https:\/\/universdulit.fr\/?s={search_term_string}"},"query-input":{"@type":"PropertyValueSpecification","valueRequired":true,"valueName":"search_term_string"}}],"inLanguage":"en-US"},{"@type":"Organization","@id":"https:\/\/universdulit.fr\/#organization","name":"L'UNIVERS DU LIT","url":"https:\/\/universdulit.fr\/","logo":{"@type":"ImageObject","inLanguage":"en-US","@id":"https:\/\/universdulit.fr\/#\/schema\/logo\/image\/","url":"https:\/\/universdulit.fr\/wp-content\/uploads\/2025\/05\/cropped-cropped-Capture-decran-2025-05-09-a-18.46.35.png","contentUrl":"https:\/\/universdulit.fr\/wp-content\/uploads\/2025\/05\/cropped-cropped-Capture-decran-2025-05-09-a-18.46.35.png","width":1298,"height":419,"caption":"L'UNIVERS DU LIT"},"image":{"@id":"https:\/\/universdulit.fr\/#\/schema\/logo\/image\/"}}]}},"_links":{"self":[{"href":"https:\/\/universdulit.fr\/index.php\/wp-json\/wp\/v2\/product\/1515","targetHints":{"allow":["GET"]}}],"collection":[{"href":"https:\/\/universdulit.fr\/index.php\/wp-json\/wp\/v2\/product"}],"about":[{"href":"https:\/\/universdulit.fr\/index.php\/wp-json\/wp\/v2\/types\/product"}],"wp:featuredmedia":[{"embeddable":true,"href":"https:\/\/universdulit.fr\/index.php\/wp-json\/wp\/v2\/media\/1516"}],"wp:attachment":[{"href":"https:\/\/universdulit.fr\/index.php\/wp-json\/wp\/v2\/media?parent=1515"}],"wp:term":[{"taxonomy":"product_brand","embeddable":true,"href":"https:\/\/universdulit.fr\/index.php\/wp-json\/wp\/v2\/product_brand?post=1515"},{"taxonomy":"product_cat","embeddable":true,"href":"https:\/\/universdulit.fr\/index.php\/wp-json\/wp\/v2\/product_cat?post=1515"},{"taxonomy":"product_tag","embeddable":true,"href":"https:\/\/universdulit.fr\/index.php\/wp-json\/wp\/v2\/product_tag?post=1515"}],"curies":[{"name":"wp","href":"https:\/\/api.w.org\/{rel}","templated":true}]}}