{"id":1510,"date":"2025-05-20T10:39:44","date_gmt":"2025-05-20T08:39:44","guid":{"rendered":"https:\/\/universdulit.fr\/?post_type=product&#038;p=1510"},"modified":"2025-07-01T11:26:34","modified_gmt":"2025-07-01T09:26:34","slug":"lit-tufte-en-tissu-gris","status":"publish","type":"product","link":"https:\/\/universdulit.fr\/index.php\/produit\/lit-tufte-en-tissu-gris\/","title":{"rendered":"LIT TUFT\u00c9 EN TISSU GRIS"},"content":{"rendered":"<style>\n.accordion-container {<br \/>\n  border-top: 1px solid #ddd;<br \/>\n}<br \/>\n.accordion-item {<br \/>\n  border-bottom: 1px solid #ddd;<br \/>\n}<br \/>\n.accordion-header {<br \/>\n  display: flex;<br \/>\n  justify-content: space-between;<br \/>\n  cursor: pointer;<br \/>\n  padding: 12px 16px;<br \/>\n  background-color: #f8f8f8;<br \/>\n  font-weight: bold;<br \/>\n  font-size: 16px;<br \/>\n}<br \/>\n.accordion-symbol {<br \/>\n  font-size: 18px;<br \/>\n}<br \/>\n.accordion-content {<br \/>\n  display: none;<br \/>\n  padding: 16px;<br \/>\n  background-color: #fff;<br \/>\n  font-size: 14px;<br \/>\n  line-height: 1.6;<br \/>\n}<br \/>\n.accordion-open .accordion-content {<br \/>\n  display: block;<br \/>\n}<br \/>\n.accordion-open .accordion-symbol::before {<br \/>\n  content: \"-\";<br \/>\n}<br \/>\n.accordion-symbol::before {<br \/>\n  content: \"+\";<br \/>\n}<br \/>\n<\/style>\n<p><script>\ndocument.addEventListener(\"DOMContentLoaded\", function () {\n  document.querySelectorAll(\".accordion-header\").forEach(header => {\n    header.addEventListener(\"click\", () => {\n      const item = header.parentElement;\n      item.classList.toggle(\"accordion-open\");\n    });\n  });\n});\n<\/script><\/p>\n<div class=\"accordion-container\">\n<p><!-- Description du produit --><\/p>\n<div class=\"accordion-item\">\n<div class=\"accordion-header\">Description du produit<\/div>\n<div class=\"accordion-content\">\n<p>Lit double au design moderne avec une t\u00eate de lit originale en tissu gris et une structure en bois plaqu\u00e9 en noyer naturel. Une pi\u00e8ce ma\u00eetresse pour votre chambre \u00e0 coucher avec laquelle vous donnerez un style \u00e9l\u00e9gant et accueillant. Il comprend un confortable sommier en bois de pin.<\/p>\n<p><strong>Dimensions :<\/strong> 172 x 217 x 98 cm<\/p>\n<ul>\n<li>Rev\u00eatement en tissu chaleureux et styl\u00e9<\/li>\n<li>Pieds en bois plaqu\u00e9 noyer naturel (0,5 mm)<\/li>\n<li>Design moderne et \u00e9l\u00e9gant pour toutes les chambres<\/li>\n<li>Structure interne en bois de pin naturel<\/li>\n<li>Matelas compatible : 160&#215;200 cm<\/li>\n<\/ul>\n<\/div>\n<\/div>\n<p><!-- Dimensions --><\/p>\n<div class=\"accordion-item\">\n<div class=\"accordion-header\">Dimensions de l\u2019appareil<\/div>\n<div class=\"accordion-content\">\n<ul>\n<li>Dimensions : 172 x 217 x 98 cm<\/li>\n<li>Volume : 0,9 m\u00b3<\/li>\n<li>Poids net : 53 kg<\/li>\n<li>Poids brut : 61 kg<\/li>\n<li>Hauteur baignoire : 33 cm<\/li>\n<li>Hauteur pieds : 24 cm<\/li>\n<li>Hauteur t\u00eate de lit : 74 cm<\/li>\n<li>\u00c9paisseur t\u00eate de lit : 7 cm<\/li>\n<li>\u00c9paisseur baignoire : 5 cm<\/li>\n<li>Hauteur int\u00e9rieure sommier : 4 cm<\/li>\n<li>Colis 1 : 209 x 168 x 12 cm \/ 19 kg<\/li>\n<li>Colis 2 : 176 x 87 x 17 cm \/ 20 kg<\/li>\n<li>Colis 3 : 214 x 22 x 19 cm \/ 14 kg<\/li>\n<li>Colis 4 : 173 x 44 x 14 cm \/ 8 kg<\/li>\n<\/ul>\n<\/div>\n<\/div>\n<p><!-- Sp\u00e9cifications --><\/p>\n<div class=\"accordion-item\">\n<div class=\"accordion-header\">Sp\u00e9cifications<\/div>\n<div class=\"accordion-content\">\n<ul>\n<li>Matelas compatible : 160 x 200 cm<\/li>\n<li>Sommier inclus : Oui, avec 14 lattes en bois de h\u00eatre<\/li>\n<li>Dos fini : Oui<\/li>\n<\/ul>\n<\/div>\n<\/div>\n<p><!-- Mat\u00e9riaux --><\/p>\n<div class=\"accordion-item\">\n<div class=\"accordion-header\">Mat\u00e9riaux<\/div>\n<div class=\"accordion-content\">\n<ul>\n<li>T\u00eate de lit : Tissu<\/li>\n<li>Baignoire : Bois plaqu\u00e9 noyer naturel (0,5 mm)<\/li>\n<li>Rembourrage : Mousse polyur\u00e9thane, densit\u00e9 25kg\/m\u00b3<\/li>\n<li>Rev\u00eatement : 100% polyester<\/li>\n<li>Pieds : Bois plaqu\u00e9 noyer naturel<\/li>\n<li>Structure interne : Bois massif de pin<\/li>\n<\/ul>\n<\/div>\n<\/div>\n<p><!-- Entretien et garantie --><\/p>\n<div class=\"accordion-item\">\n<div class=\"accordion-header\">Entretien et garantie<\/div>\n<div class=\"accordion-content\">\n<h4>Recommandations<\/h4>\n<p>Tous nos meubles sont livr\u00e9s avec instructions et outils de montage. Contactez-nous pour toute question. \u00c9vitez les objets pointus, conservez l&#8217;emballage et les accessoires pendant quelques jours.<\/p>\n<h4>Recommandations g\u00e9n\u00e9rales<\/h4>\n<p>Meubles \u00e0 usage domestique uniquement. Ne pas exposer aux intemp\u00e9ries. Ne pas placer \u00e0 proximit\u00e9 de sources de chaleur directe. Ne pas exposer \u00e0 la lumi\u00e8re directe du soleil. Ne pas utiliser de produits abrasifs tels que l&#8217;ac\u00e9tone, l&#8217;eau de Javel, les agents de blanchiment, les solvants, etc. Les \u00e9l\u00e9ments tranchants peuvent rayer la surface du produit.<\/p>\n<h4>Instructions d\u2019entretien<\/h4>\n<p>Pour le nettoyage, utilisez uniquement un chiffon doux ou un papier absorbant l\u00e9g\u00e8rement imbib\u00e9 d&#8217;une solution savonneuse neutre. Pour enlever la poussi\u00e8re, utilisez de pr\u00e9f\u00e9rence des outils non abrasifs ou des outils qui ne rayent pas la surface. Nettoyer de pr\u00e9f\u00e9rence les tissus d&#8217;ameublement \u00e0 sec. Pour le nettoyage des rev\u00eatements en similicuir ou en cuir, n&#8217;utilisez pas de produits qui pourraient \u00eatre abrasifs pour le cuir. Hydratez p\u00e9riodiquement pour \u00e9viter le dess\u00e8chement et les fissures du cuir dues au passage du temps.<\/p>\n<h4>Garantie<\/h4>\n<p>3 ans. D\u00e9lai de r\u00e9tractation de 14 jours apr\u00e8s r\u00e9ception (voir CGV).<\/p>\n<h4>Informations sur le fabricant<\/h4>\n<ul>\n<li><strong>Nom :<\/strong> ANGEL CERD\u00c1 S.L.<\/li>\n<li><strong>Adresse :<\/strong> POL.INDUSTRIAL EL CANARI. VIAL LA COSTERA, 13 &#8211; 46690 L&#8217;ALCUDIA DE CRESPINS (VALENCIA)<\/li>\n<li><strong>Avertissements :<\/strong> \u00c9vitez de placer des objets lourds sur le produit. Il est conseill\u00e9 de placer les objets les plus lourds dans la partie inf\u00e9rieure du meuble. Ne pas ouvrir plus d&#8217;un tiroir \u00e0 la fois. Ne pas utiliser l&#8217;appareil comme une \u00e9chelle. Ne pas laisser les enfants se tenir debout, grimper ou se suspendre aux tiroirs, aux portes ou aux \u00e9tag\u00e8res. Ne pas tra\u00eener l&#8217;armoire une fois qu&#8217;elle est pleine.<\/li>\n<li><strong>Avertissements pour les appareils \u00e9lectriques :<\/strong> Tenir hors de port\u00e9e des enfants. \u00c9vitez la surchauffe, ne couvrez pas et n&#8217;obstruez pas les ouvertures de ventilation. \u00c9teindre la lampe et la d\u00e9brancher en cas de chaleur excessive. V\u00e9rifiez r\u00e9guli\u00e8rement que le c\u00e2ble et la fiche sont en bon \u00e9tat. N&#8217;utilisez pas le produit si le c\u00e2ble est endommag\u00e9 ou si la fiche pr\u00e9sente des signes d&#8217;usure. Veillez \u00e0 ce que la lampe soit branch\u00e9e sur une prise de courant conforme aux r\u00e9glementations locales en mati\u00e8re de s\u00e9curit\u00e9 \u00e9lectrique. N&#8217;utilisez que des ampoules compatibles avec les sp\u00e9cifications indiqu\u00e9es dans le manuel du produit (puissance maximale, type de douille, etc.). D\u00e9branchez la lampe de la prise avant de la nettoyer ou d&#8217;effectuer des r\u00e9glages.<\/li>\n<\/ul>\n<\/div>\n<\/div>\n<\/div>\n","protected":false},"excerpt":{"rendered":"<p><b>Dimensions du produits: <\/b>172 x 217 x 98 cm.<\/p>\n<p>Lit compatible avec un <b>matelas de 160&#215;200 cm<\/b>.<\/p>\n","protected":false},"featured_media":1565,"template":"","meta":{"site-sidebar-layout":"default","site-content-layout":"","ast-site-content-layout":"default","site-content-style":"default","site-sidebar-style":"default","ast-global-header-display":"","ast-banner-title-visibility":"","ast-main-header-display":"","ast-hfb-above-header-display":"","ast-hfb-below-header-display":"","ast-hfb-mobile-header-display":"","site-post-title":"","ast-breadcrumbs-content":"","ast-featured-img":"","footer-sml-layout":"","theme-transparent-header-meta":"default","adv-header-id-meta":"","stick-header-meta":"","header-above-stick-meta":"","header-main-stick-meta":"","header-below-stick-meta":"","astra-migrate-meta-layouts":"set","ast-page-background-enabled":"default","ast-page-background-meta":{"desktop":{"background-color":"var(--ast-global-color-5)","background-image":"","background-repeat":"repeat","background-position":"center center","background-size":"auto","background-attachment":"scroll","background-type":"","background-media":"","overlay-type":"","overlay-color":"","overlay-opacity":"","overlay-gradient":""},"tablet":{"background-color":"","background-image":"","background-repeat":"repeat","background-position":"center center","background-size":"auto","background-attachment":"scroll","background-type":"","background-media":"","overlay-type":"","overlay-color":"","overlay-opacity":"","overlay-gradient":""},"mobile":{"background-color":"","background-image":"","background-repeat":"repeat","background-position":"center center","background-size":"auto","background-attachment":"scroll","background-type":"","background-media":"","overlay-type":"","overlay-color":"","overlay-opacity":"","overlay-gradient":""}},"ast-content-background-meta":{"desktop":{"background-color":"var(--ast-global-color-4)","background-image":"","background-repeat":"repeat","background-position":"center center","background-size":"auto","background-attachment":"scroll","background-type":"","background-media":"","overlay-type":"","overlay-color":"","overlay-opacity":"","overlay-gradient":""},"tablet":{"background-color":"var(--ast-global-color-4)","background-image":"","background-repeat":"repeat","background-position":"center center","background-size":"auto","background-attachment":"scroll","background-type":"","background-media":"","overlay-type":"","overlay-color":"","overlay-opacity":"","overlay-gradient":""},"mobile":{"background-color":"var(--ast-global-color-4)","background-image":"","background-repeat":"repeat","background-position":"center center","background-size":"auto","background-attachment":"scroll","background-type":"","background-media":"","overlay-type":"","overlay-color":"","overlay-opacity":"","overlay-gradient":""}}},"product_brand":[],"product_cat":[47,55],"product_tag":[],"class_list":{"0":"post-1510","1":"product","2":"type-product","3":"status-publish","4":"has-post-thumbnail","6":"product_cat-lit","7":"product_cat-premier-prix","8":"desktop-align-left","9":"tablet-align-left","10":"mobile-align-left","12":"first","13":"instock","14":"shipping-taxable","15":"purchasable","16":"product-type-simple"},"yoast_head":"<!-- This site is optimized with the Yoast SEO plugin v25.9 - https:\/\/yoast.com\/wordpress\/plugins\/seo\/ -->\n<title>LIT TUFT\u00c9 EN TISSU GRIS - L&#039;UNIVERS DU LIT<\/title>\n<meta name=\"robots\" content=\"index, follow, max-snippet:-1, max-image-preview:large, max-video-preview:-1\" \/>\n<link rel=\"canonical\" href=\"https:\/\/universdulit.fr\/index.php\/produit\/lit-tufte-en-tissu-gris\/\" \/>\n<meta property=\"og:locale\" content=\"en_US\" \/>\n<meta property=\"og:type\" content=\"article\" \/>\n<meta property=\"og:title\" content=\"LIT TUFT\u00c9 EN TISSU GRIS - L&#039;UNIVERS DU LIT\" \/>\n<meta property=\"og:description\" content=\"Dimensions du produits: 172 x 217 x 98 cm.  Lit compatible avec un matelas de 160x200 cm.\" \/>\n<meta property=\"og:url\" content=\"https:\/\/universdulit.fr\/index.php\/produit\/lit-tufte-en-tissu-gris\/\" \/>\n<meta property=\"og:site_name\" content=\"L&#039;UNIVERS DU LIT\" \/>\n<meta property=\"article:modified_time\" content=\"2025-07-01T09:26:34+00:00\" \/>\n<meta property=\"og:image\" content=\"http:\/\/universdulit.fr\/wp-content\/uploads\/2025\/05\/Unknown-2.jpeg\" \/>\n\t<meta property=\"og:image:width\" content=\"1920\" \/>\n\t<meta property=\"og:image:height\" content=\"1920\" \/>\n\t<meta property=\"og:image:type\" content=\"image\/jpeg\" \/>\n<meta name=\"twitter:card\" content=\"summary_large_image\" \/>\n<meta name=\"twitter:label1\" content=\"Est. reading time\" \/>\n\t<meta name=\"twitter:data1\" content=\"4 minutes\" \/>\n<script type=\"application\/ld+json\" class=\"yoast-schema-graph\">{\"@context\":\"https:\/\/schema.org\",\"@graph\":[{\"@type\":\"WebPage\",\"@id\":\"https:\/\/universdulit.fr\/index.php\/produit\/lit-tufte-en-tissu-gris\/\",\"url\":\"https:\/\/universdulit.fr\/index.php\/produit\/lit-tufte-en-tissu-gris\/\",\"name\":\"LIT TUFT\u00c9 EN TISSU GRIS - L&#039;UNIVERS DU LIT\",\"isPartOf\":{\"@id\":\"https:\/\/universdulit.fr\/#website\"},\"primaryImageOfPage\":{\"@id\":\"https:\/\/universdulit.fr\/index.php\/produit\/lit-tufte-en-tissu-gris\/#primaryimage\"},\"image\":{\"@id\":\"https:\/\/universdulit.fr\/index.php\/produit\/lit-tufte-en-tissu-gris\/#primaryimage\"},\"thumbnailUrl\":\"https:\/\/universdulit.fr\/wp-content\/uploads\/2025\/05\/Unknown-2.jpeg\",\"datePublished\":\"2025-05-20T08:39:44+00:00\",\"dateModified\":\"2025-07-01T09:26:34+00:00\",\"breadcrumb\":{\"@id\":\"https:\/\/universdulit.fr\/index.php\/produit\/lit-tufte-en-tissu-gris\/#breadcrumb\"},\"inLanguage\":\"en-US\",\"potentialAction\":[{\"@type\":\"ReadAction\",\"target\":[\"https:\/\/universdulit.fr\/index.php\/produit\/lit-tufte-en-tissu-gris\/\"]}]},{\"@type\":\"ImageObject\",\"inLanguage\":\"en-US\",\"@id\":\"https:\/\/universdulit.fr\/index.php\/produit\/lit-tufte-en-tissu-gris\/#primaryimage\",\"url\":\"https:\/\/universdulit.fr\/wp-content\/uploads\/2025\/05\/Unknown-2.jpeg\",\"contentUrl\":\"https:\/\/universdulit.fr\/wp-content\/uploads\/2025\/05\/Unknown-2.jpeg\",\"width\":1920,\"height\":1920},{\"@type\":\"BreadcrumbList\",\"@id\":\"https:\/\/universdulit.fr\/index.php\/produit\/lit-tufte-en-tissu-gris\/#breadcrumb\",\"itemListElement\":[{\"@type\":\"ListItem\",\"position\":1,\"name\":\"Accueil\",\"item\":\"https:\/\/universdulit.fr\/\"},{\"@type\":\"ListItem\",\"position\":2,\"name\":\"Produits\",\"item\":\"https:\/\/universdulit.fr\/index.php\/shop\/\"},{\"@type\":\"ListItem\",\"position\":3,\"name\":\"LIT TUFT\u00c9 EN TISSU GRIS\"}]},{\"@type\":\"WebSite\",\"@id\":\"https:\/\/universdulit.fr\/#website\",\"url\":\"https:\/\/universdulit.fr\/\",\"name\":\"L'UNIVERS DU LIT\",\"description\":\"Le meilleur de la literie\",\"publisher\":{\"@id\":\"https:\/\/universdulit.fr\/#organization\"},\"potentialAction\":[{\"@type\":\"SearchAction\",\"target\":{\"@type\":\"EntryPoint\",\"urlTemplate\":\"https:\/\/universdulit.fr\/?s={search_term_string}\"},\"query-input\":{\"@type\":\"PropertyValueSpecification\",\"valueRequired\":true,\"valueName\":\"search_term_string\"}}],\"inLanguage\":\"en-US\"},{\"@type\":\"Organization\",\"@id\":\"https:\/\/universdulit.fr\/#organization\",\"name\":\"L'UNIVERS DU LIT\",\"url\":\"https:\/\/universdulit.fr\/\",\"logo\":{\"@type\":\"ImageObject\",\"inLanguage\":\"en-US\",\"@id\":\"https:\/\/universdulit.fr\/#\/schema\/logo\/image\/\",\"url\":\"https:\/\/universdulit.fr\/wp-content\/uploads\/2025\/05\/cropped-cropped-Capture-decran-2025-05-09-a-18.46.35.png\",\"contentUrl\":\"https:\/\/universdulit.fr\/wp-content\/uploads\/2025\/05\/cropped-cropped-Capture-decran-2025-05-09-a-18.46.35.png\",\"width\":1298,\"height\":419,\"caption\":\"L'UNIVERS DU LIT\"},\"image\":{\"@id\":\"https:\/\/universdulit.fr\/#\/schema\/logo\/image\/\"}}]}<\/script>\n<!-- \/ Yoast SEO plugin. -->","yoast_head_json":{"title":"LIT TUFT\u00c9 EN TISSU GRIS - L&#039;UNIVERS DU LIT","robots":{"index":"index","follow":"follow","max-snippet":"max-snippet:-1","max-image-preview":"max-image-preview:large","max-video-preview":"max-video-preview:-1"},"canonical":"https:\/\/universdulit.fr\/index.php\/produit\/lit-tufte-en-tissu-gris\/","og_locale":"en_US","og_type":"article","og_title":"LIT TUFT\u00c9 EN TISSU GRIS - L&#039;UNIVERS DU LIT","og_description":"Dimensions du produits: 172 x 217 x 98 cm.  Lit compatible avec un matelas de 160x200 cm.","og_url":"https:\/\/universdulit.fr\/index.php\/produit\/lit-tufte-en-tissu-gris\/","og_site_name":"L&#039;UNIVERS DU LIT","article_modified_time":"2025-07-01T09:26:34+00:00","og_image":[{"width":1920,"height":1920,"url":"http:\/\/universdulit.fr\/wp-content\/uploads\/2025\/05\/Unknown-2.jpeg","type":"image\/jpeg"}],"twitter_card":"summary_large_image","twitter_misc":{"Est. reading time":"4 minutes"},"schema":{"@context":"https:\/\/schema.org","@graph":[{"@type":"WebPage","@id":"https:\/\/universdulit.fr\/index.php\/produit\/lit-tufte-en-tissu-gris\/","url":"https:\/\/universdulit.fr\/index.php\/produit\/lit-tufte-en-tissu-gris\/","name":"LIT TUFT\u00c9 EN TISSU GRIS - L&#039;UNIVERS DU LIT","isPartOf":{"@id":"https:\/\/universdulit.fr\/#website"},"primaryImageOfPage":{"@id":"https:\/\/universdulit.fr\/index.php\/produit\/lit-tufte-en-tissu-gris\/#primaryimage"},"image":{"@id":"https:\/\/universdulit.fr\/index.php\/produit\/lit-tufte-en-tissu-gris\/#primaryimage"},"thumbnailUrl":"https:\/\/universdulit.fr\/wp-content\/uploads\/2025\/05\/Unknown-2.jpeg","datePublished":"2025-05-20T08:39:44+00:00","dateModified":"2025-07-01T09:26:34+00:00","breadcrumb":{"@id":"https:\/\/universdulit.fr\/index.php\/produit\/lit-tufte-en-tissu-gris\/#breadcrumb"},"inLanguage":"en-US","potentialAction":[{"@type":"ReadAction","target":["https:\/\/universdulit.fr\/index.php\/produit\/lit-tufte-en-tissu-gris\/"]}]},{"@type":"ImageObject","inLanguage":"en-US","@id":"https:\/\/universdulit.fr\/index.php\/produit\/lit-tufte-en-tissu-gris\/#primaryimage","url":"https:\/\/universdulit.fr\/wp-content\/uploads\/2025\/05\/Unknown-2.jpeg","contentUrl":"https:\/\/universdulit.fr\/wp-content\/uploads\/2025\/05\/Unknown-2.jpeg","width":1920,"height":1920},{"@type":"BreadcrumbList","@id":"https:\/\/universdulit.fr\/index.php\/produit\/lit-tufte-en-tissu-gris\/#breadcrumb","itemListElement":[{"@type":"ListItem","position":1,"name":"Accueil","item":"https:\/\/universdulit.fr\/"},{"@type":"ListItem","position":2,"name":"Produits","item":"https:\/\/universdulit.fr\/index.php\/shop\/"},{"@type":"ListItem","position":3,"name":"LIT TUFT\u00c9 EN TISSU GRIS"}]},{"@type":"WebSite","@id":"https:\/\/universdulit.fr\/#website","url":"https:\/\/universdulit.fr\/","name":"L'UNIVERS DU LIT","description":"Le meilleur de la literie","publisher":{"@id":"https:\/\/universdulit.fr\/#organization"},"potentialAction":[{"@type":"SearchAction","target":{"@type":"EntryPoint","urlTemplate":"https:\/\/universdulit.fr\/?s={search_term_string}"},"query-input":{"@type":"PropertyValueSpecification","valueRequired":true,"valueName":"search_term_string"}}],"inLanguage":"en-US"},{"@type":"Organization","@id":"https:\/\/universdulit.fr\/#organization","name":"L'UNIVERS DU LIT","url":"https:\/\/universdulit.fr\/","logo":{"@type":"ImageObject","inLanguage":"en-US","@id":"https:\/\/universdulit.fr\/#\/schema\/logo\/image\/","url":"https:\/\/universdulit.fr\/wp-content\/uploads\/2025\/05\/cropped-cropped-Capture-decran-2025-05-09-a-18.46.35.png","contentUrl":"https:\/\/universdulit.fr\/wp-content\/uploads\/2025\/05\/cropped-cropped-Capture-decran-2025-05-09-a-18.46.35.png","width":1298,"height":419,"caption":"L'UNIVERS DU LIT"},"image":{"@id":"https:\/\/universdulit.fr\/#\/schema\/logo\/image\/"}}]}},"_links":{"self":[{"href":"https:\/\/universdulit.fr\/index.php\/wp-json\/wp\/v2\/product\/1510","targetHints":{"allow":["GET"]}}],"collection":[{"href":"https:\/\/universdulit.fr\/index.php\/wp-json\/wp\/v2\/product"}],"about":[{"href":"https:\/\/universdulit.fr\/index.php\/wp-json\/wp\/v2\/types\/product"}],"wp:featuredmedia":[{"embeddable":true,"href":"https:\/\/universdulit.fr\/index.php\/wp-json\/wp\/v2\/media\/1565"}],"wp:attachment":[{"href":"https:\/\/universdulit.fr\/index.php\/wp-json\/wp\/v2\/media?parent=1510"}],"wp:term":[{"taxonomy":"product_brand","embeddable":true,"href":"https:\/\/universdulit.fr\/index.php\/wp-json\/wp\/v2\/product_brand?post=1510"},{"taxonomy":"product_cat","embeddable":true,"href":"https:\/\/universdulit.fr\/index.php\/wp-json\/wp\/v2\/product_cat?post=1510"},{"taxonomy":"product_tag","embeddable":true,"href":"https:\/\/universdulit.fr\/index.php\/wp-json\/wp\/v2\/product_tag?post=1510"}],"curies":[{"name":"wp","href":"https:\/\/api.w.org\/{rel}","templated":true}]}}